{"id":5186,"date":"2024-03-20T22:43:39","date_gmt":"2024-03-20T22:43:39","guid":{"rendered":"https:\/\/nubkrte.org.mk\/?post_type=product&#038;p=5186"},"modified":"2024-03-20T22:43:39","modified_gmt":"2024-03-20T22:43:39","slug":"e-ka-radhen-tjetri","status":"publish","type":"product","link":"https:\/\/nubkrte.org.mk\/mk\/product\/e-ka-radhen-tjetri\/","title":{"rendered":"E ka radhen tjetri"},"content":{"rendered":"","protected":false},"excerpt":{"rendered":"<p>Ka kaluar nj\u00eb vit q\u00eb kur Simon Kelleheri u nda nga jeta. Mejvi ndjek klas\u00ebn e nj\u00ebmb\u00ebdhjet\u00eb n\u00eb Gjimnazin Bejvju. Zor se flitet m\u00eb p\u00ebr vdekjen e Simonit.<br \/>\nMir\u00ebpo shfaqet nj\u00eb loj\u00eb anonime: \u201cT\u00eb V\u00ebrtet\u00ebn apo Sfid\u00ebn\u201d, q\u00eb mban pezull gjith\u00eb nx\u00ebn\u00ebsit. Kushdo q\u00eb nuk pranon t\u00eb luaj\u00eb, do t\u00eb dal\u00eb zbuluar. Kur vjen radha e Mejvit, ajo refuzon t\u00eb marr\u00eb pjes\u00eb &#8211; dhe bien kambanat e alarmit. Papritmas Gjimnazi Bejvju mbledh p\u00ebrs\u00ebri: kureshtar\u00ebt, gazetar\u00ebt, policin\u00eb.<br \/>\nSepse ka ndodhur nj\u00eb tjet\u00ebr vdekje&#8230;<\/p>","protected":false},"featured_media":5187,"template":"","meta":{"om_disable_all_campaigns":false},"product_brand":[],"product_cat":[15],"product_tag":[],"product_publisher":[129],"class_list":{"0":"post-5186","1":"product","2":"type-product","3":"status-publish","4":"has-post-thumbnail","6":"product_cat-te-pa-kategorizuara","7":"product_publisher-botimet-dritan","9":"first","10":"instock","11":"shipping-taxable","12":"product-type-simple"},"yoast_head":"<!-- This site is optimized with the Yoast SEO plugin v27.4 - https:\/\/yoast.com\/product\/yoast-seo-wordpress\/ -->\n<title>E ka radhen tjetri - Bibloteka e Tetoves<\/title>\n<meta name=\"robots\" content=\"index, follow, max-snippet:-1, max-image-preview:large, max-video-preview:-1\" \/>\n<link rel=\"canonical\" href=\"https:\/\/nubkrte.org.mk\/mk\/product\/e-ka-radhen-tjetri\/\" \/>\n<meta property=\"og:locale\" content=\"mk_MK\" \/>\n<meta property=\"og:type\" content=\"article\" \/>\n<meta property=\"og:title\" content=\"E ka radhen tjetri - Bibloteka e Tetoves\" \/>\n<meta property=\"og:description\" content=\"Ka kaluar nj\u00eb vit q\u00eb kur Simon Kelleheri u nda nga jeta. Mejvi ndjek klas\u00ebn e nj\u00ebmb\u00ebdhjet\u00eb n\u00eb Gjimnazin Bejvju. Zor se flitet m\u00eb p\u00ebr vdekjen e Simonit. Mir\u00ebpo shfaqet nj\u00eb loj\u00eb anonime: \u201cT\u00eb V\u00ebrtet\u00ebn apo Sfid\u00ebn\u201d, q\u00eb mban pezull gjith\u00eb nx\u00ebn\u00ebsit. Kushdo q\u00eb nuk pranon t\u00eb luaj\u00eb, do t\u00eb dal\u00eb zbuluar. Kur vjen radha e Mejvit, ajo refuzon t\u00eb marr\u00eb pjes\u00eb - dhe bien kambanat e alarmit. Papritmas Gjimnazi Bejvju mbledh p\u00ebrs\u00ebri: kureshtar\u00ebt, gazetar\u00ebt, policin\u00eb. Sepse ka ndodhur nj\u00eb tjet\u00ebr vdekje...\" \/>\n<meta property=\"og:url\" content=\"https:\/\/nubkrte.org.mk\/mk\/product\/e-ka-radhen-tjetri\/\" \/>\n<meta property=\"og:site_name\" content=\"Bibloteka e Tetoves\" \/>\n<meta property=\"article:publisher\" content=\"https:\/\/www.facebook.com\/profile.php?id=100076155098032\" \/>\n<meta property=\"og:image\" content=\"https:\/\/nubkrte.org.mk\/wp-content\/uploads\/2024\/03\/424926703_393676276514206_4139467992980704386_n.jpg\" \/>\n\t<meta property=\"og:image:width\" content=\"1000\" \/>\n\t<meta property=\"og:image:height\" content=\"1419\" \/>\n\t<meta property=\"og:image:type\" content=\"image\/jpeg\" \/>\n<meta name=\"twitter:card\" content=\"summary_large_image\" \/>\n<meta name=\"twitter:label1\" content=\"Est. reading time\" \/>\n\t<meta name=\"twitter:data1\" content=\"1 \u043c\u0438\u043d\u0443\u0442\u0430\" \/>\n<script type=\"application\/ld+json\" class=\"yoast-schema-graph\">{\"@context\":\"https:\\\/\\\/schema.org\",\"@graph\":[{\"@type\":\"WebPage\",\"@id\":\"https:\\\/\\\/nubkrte.org.mk\\\/product\\\/e-ka-radhen-tjetri\\\/\",\"url\":\"https:\\\/\\\/nubkrte.org.mk\\\/product\\\/e-ka-radhen-tjetri\\\/\",\"name\":\"E ka radhen tjetri - Bibloteka e Tetoves\",\"isPartOf\":{\"@id\":\"https:\\\/\\\/nubkrte.org.mk\\\/#website\"},\"primaryImageOfPage\":{\"@id\":\"https:\\\/\\\/nubkrte.org.mk\\\/product\\\/e-ka-radhen-tjetri\\\/#primaryimage\"},\"image\":{\"@id\":\"https:\\\/\\\/nubkrte.org.mk\\\/product\\\/e-ka-radhen-tjetri\\\/#primaryimage\"},\"thumbnailUrl\":\"https:\\\/\\\/i0.wp.com\\\/nubkrte.org.mk\\\/wp-content\\\/uploads\\\/2024\\\/03\\\/424926703_393676276514206_4139467992980704386_n.jpg?fit=1000%2C1419&ssl=1\",\"datePublished\":\"2024-03-20T22:43:39+00:00\",\"breadcrumb\":{\"@id\":\"https:\\\/\\\/nubkrte.org.mk\\\/product\\\/e-ka-radhen-tjetri\\\/#breadcrumb\"},\"inLanguage\":\"mk-MK\",\"potentialAction\":[{\"@type\":\"ReadAction\",\"target\":[\"https:\\\/\\\/nubkrte.org.mk\\\/product\\\/e-ka-radhen-tjetri\\\/\"]}]},{\"@type\":\"ImageObject\",\"inLanguage\":\"mk-MK\",\"@id\":\"https:\\\/\\\/nubkrte.org.mk\\\/product\\\/e-ka-radhen-tjetri\\\/#primaryimage\",\"url\":\"https:\\\/\\\/i0.wp.com\\\/nubkrte.org.mk\\\/wp-content\\\/uploads\\\/2024\\\/03\\\/424926703_393676276514206_4139467992980704386_n.jpg?fit=1000%2C1419&ssl=1\",\"contentUrl\":\"https:\\\/\\\/i0.wp.com\\\/nubkrte.org.mk\\\/wp-content\\\/uploads\\\/2024\\\/03\\\/424926703_393676276514206_4139467992980704386_n.jpg?fit=1000%2C1419&ssl=1\",\"width\":1000,\"height\":1419},{\"@type\":\"BreadcrumbList\",\"@id\":\"https:\\\/\\\/nubkrte.org.mk\\\/product\\\/e-ka-radhen-tjetri\\\/#breadcrumb\",\"itemListElement\":[{\"@type\":\"ListItem\",\"position\":1,\"name\":\"Home\",\"item\":\"https:\\\/\\\/nubkrte.org.mk\\\/\"},{\"@type\":\"ListItem\",\"position\":2,\"name\":\"Produkte\",\"item\":\"https:\\\/\\\/nubkrte.org.mk\\\/shop\\\/\"},{\"@type\":\"ListItem\",\"position\":3,\"name\":\"E ka radhen tjetri\"}]},{\"@type\":\"WebSite\",\"@id\":\"https:\\\/\\\/nubkrte.org.mk\\\/#website\",\"url\":\"https:\\\/\\\/nubkrte.org.mk\\\/\",\"name\":\"Bibloteka e Tetoves\",\"description\":\"Bibloteka e Tetoves\",\"publisher\":{\"@id\":\"https:\\\/\\\/nubkrte.org.mk\\\/#organization\"},\"potentialAction\":[{\"@type\":\"SearchAction\",\"target\":{\"@type\":\"EntryPoint\",\"urlTemplate\":\"https:\\\/\\\/nubkrte.org.mk\\\/?s={search_term_string}\"},\"query-input\":{\"@type\":\"PropertyValueSpecification\",\"valueRequired\":true,\"valueName\":\"search_term_string\"}}],\"inLanguage\":\"mk-MK\"},{\"@type\":\"Organization\",\"@id\":\"https:\\\/\\\/nubkrte.org.mk\\\/#organization\",\"name\":\"Bibloteka e Tetoves\",\"url\":\"https:\\\/\\\/nubkrte.org.mk\\\/\",\"logo\":{\"@type\":\"ImageObject\",\"inLanguage\":\"mk-MK\",\"@id\":\"https:\\\/\\\/nubkrte.org.mk\\\/#\\\/schema\\\/logo\\\/image\\\/\",\"url\":\"https:\\\/\\\/i0.wp.com\\\/nubkrte.org.mk\\\/wp-content\\\/uploads\\\/2025\\\/04\\\/cropped-IMG-20250410-WA0013-removebg-preview.png?fit=476%2C80&ssl=1\",\"contentUrl\":\"https:\\\/\\\/i0.wp.com\\\/nubkrte.org.mk\\\/wp-content\\\/uploads\\\/2025\\\/04\\\/cropped-IMG-20250410-WA0013-removebg-preview.png?fit=476%2C80&ssl=1\",\"width\":476,\"height\":80,\"caption\":\"Bibloteka e Tetoves\"},\"image\":{\"@id\":\"https:\\\/\\\/nubkrte.org.mk\\\/#\\\/schema\\\/logo\\\/image\\\/\"},\"sameAs\":[\"https:\\\/\\\/www.facebook.com\\\/profile.php?id=100076155098032\"]}]}<\/script>\n<!-- \/ Yoast SEO plugin. -->","yoast_head_json":{"title":"E ka radhen tjetri - Bibloteka e Tetoves","robots":{"index":"index","follow":"follow","max-snippet":"max-snippet:-1","max-image-preview":"max-image-preview:large","max-video-preview":"max-video-preview:-1"},"canonical":"https:\/\/nubkrte.org.mk\/mk\/product\/e-ka-radhen-tjetri\/","og_locale":"mk_MK","og_type":"article","og_title":"E ka radhen tjetri - Bibloteka e Tetoves","og_description":"Ka kaluar nj\u00eb vit q\u00eb kur Simon Kelleheri u nda nga jeta. Mejvi ndjek klas\u00ebn e nj\u00ebmb\u00ebdhjet\u00eb n\u00eb Gjimnazin Bejvju. Zor se flitet m\u00eb p\u00ebr vdekjen e Simonit. Mir\u00ebpo shfaqet nj\u00eb loj\u00eb anonime: \u201cT\u00eb V\u00ebrtet\u00ebn apo Sfid\u00ebn\u201d, q\u00eb mban pezull gjith\u00eb nx\u00ebn\u00ebsit. Kushdo q\u00eb nuk pranon t\u00eb luaj\u00eb, do t\u00eb dal\u00eb zbuluar. Kur vjen radha e Mejvit, ajo refuzon t\u00eb marr\u00eb pjes\u00eb - dhe bien kambanat e alarmit. Papritmas Gjimnazi Bejvju mbledh p\u00ebrs\u00ebri: kureshtar\u00ebt, gazetar\u00ebt, policin\u00eb. Sepse ka ndodhur nj\u00eb tjet\u00ebr vdekje...","og_url":"https:\/\/nubkrte.org.mk\/mk\/product\/e-ka-radhen-tjetri\/","og_site_name":"Bibloteka e Tetoves","article_publisher":"https:\/\/www.facebook.com\/profile.php?id=100076155098032","og_image":[{"width":1000,"height":1419,"url":"https:\/\/nubkrte.org.mk\/wp-content\/uploads\/2024\/03\/424926703_393676276514206_4139467992980704386_n.jpg","type":"image\/jpeg"}],"twitter_card":"summary_large_image","twitter_misc":{"Est. reading time":"1 \u043c\u0438\u043d\u0443\u0442\u0430"},"schema":{"@context":"https:\/\/schema.org","@graph":[{"@type":"WebPage","@id":"https:\/\/nubkrte.org.mk\/product\/e-ka-radhen-tjetri\/","url":"https:\/\/nubkrte.org.mk\/product\/e-ka-radhen-tjetri\/","name":"E ka radhen tjetri - Bibloteka e Tetoves","isPartOf":{"@id":"https:\/\/nubkrte.org.mk\/#website"},"primaryImageOfPage":{"@id":"https:\/\/nubkrte.org.mk\/product\/e-ka-radhen-tjetri\/#primaryimage"},"image":{"@id":"https:\/\/nubkrte.org.mk\/product\/e-ka-radhen-tjetri\/#primaryimage"},"thumbnailUrl":"https:\/\/i0.wp.com\/nubkrte.org.mk\/wp-content\/uploads\/2024\/03\/424926703_393676276514206_4139467992980704386_n.jpg?fit=1000%2C1419&ssl=1","datePublished":"2024-03-20T22:43:39+00:00","breadcrumb":{"@id":"https:\/\/nubkrte.org.mk\/product\/e-ka-radhen-tjetri\/#breadcrumb"},"inLanguage":"mk-MK","potentialAction":[{"@type":"ReadAction","target":["https:\/\/nubkrte.org.mk\/product\/e-ka-radhen-tjetri\/"]}]},{"@type":"ImageObject","inLanguage":"mk-MK","@id":"https:\/\/nubkrte.org.mk\/product\/e-ka-radhen-tjetri\/#primaryimage","url":"https:\/\/i0.wp.com\/nubkrte.org.mk\/wp-content\/uploads\/2024\/03\/424926703_393676276514206_4139467992980704386_n.jpg?fit=1000%2C1419&ssl=1","contentUrl":"https:\/\/i0.wp.com\/nubkrte.org.mk\/wp-content\/uploads\/2024\/03\/424926703_393676276514206_4139467992980704386_n.jpg?fit=1000%2C1419&ssl=1","width":1000,"height":1419},{"@type":"BreadcrumbList","@id":"https:\/\/nubkrte.org.mk\/product\/e-ka-radhen-tjetri\/#breadcrumb","itemListElement":[{"@type":"ListItem","position":1,"name":"Home","item":"https:\/\/nubkrte.org.mk\/"},{"@type":"ListItem","position":2,"name":"Produkte","item":"https:\/\/nubkrte.org.mk\/shop\/"},{"@type":"ListItem","position":3,"name":"E ka radhen tjetri"}]},{"@type":"WebSite","@id":"https:\/\/nubkrte.org.mk\/#website","url":"https:\/\/nubkrte.org.mk\/","name":"Bibloteka e Tetoves","description":"Bibloteka e Tetoves","publisher":{"@id":"https:\/\/nubkrte.org.mk\/#organization"},"potentialAction":[{"@type":"SearchAction","target":{"@type":"EntryPoint","urlTemplate":"https:\/\/nubkrte.org.mk\/?s={search_term_string}"},"query-input":{"@type":"PropertyValueSpecification","valueRequired":true,"valueName":"search_term_string"}}],"inLanguage":"mk-MK"},{"@type":"Organization","@id":"https:\/\/nubkrte.org.mk\/#organization","name":"Bibloteka e Tetoves","url":"https:\/\/nubkrte.org.mk\/","logo":{"@type":"ImageObject","inLanguage":"mk-MK","@id":"https:\/\/nubkrte.org.mk\/#\/schema\/logo\/image\/","url":"https:\/\/i0.wp.com\/nubkrte.org.mk\/wp-content\/uploads\/2025\/04\/cropped-IMG-20250410-WA0013-removebg-preview.png?fit=476%2C80&ssl=1","contentUrl":"https:\/\/i0.wp.com\/nubkrte.org.mk\/wp-content\/uploads\/2025\/04\/cropped-IMG-20250410-WA0013-removebg-preview.png?fit=476%2C80&ssl=1","width":476,"height":80,"caption":"Bibloteka e Tetoves"},"image":{"@id":"https:\/\/nubkrte.org.mk\/#\/schema\/logo\/image\/"},"sameAs":["https:\/\/www.facebook.com\/profile.php?id=100076155098032"]}]}},"jetpack_sharing_enabled":true,"_links":{"self":[{"href":"https:\/\/nubkrte.org.mk\/mk\/wp-json\/wp\/v2\/product\/5186","targetHints":{"allow":["GET"]}}],"collection":[{"href":"https:\/\/nubkrte.org.mk\/mk\/wp-json\/wp\/v2\/product"}],"about":[{"href":"https:\/\/nubkrte.org.mk\/mk\/wp-json\/wp\/v2\/types\/product"}],"version-history":[{"count":1,"href":"https:\/\/nubkrte.org.mk\/mk\/wp-json\/wp\/v2\/product\/5186\/revisions"}],"predecessor-version":[{"id":5188,"href":"https:\/\/nubkrte.org.mk\/mk\/wp-json\/wp\/v2\/product\/5186\/revisions\/5188"}],"wp:featuredmedia":[{"embeddable":true,"href":"https:\/\/nubkrte.org.mk\/mk\/wp-json\/wp\/v2\/media\/5187"}],"wp:attachment":[{"href":"https:\/\/nubkrte.org.mk\/mk\/wp-json\/wp\/v2\/media?parent=5186"}],"wp:term":[{"taxonomy":"product_brand","embeddable":true,"href":"https:\/\/nubkrte.org.mk\/mk\/wp-json\/wp\/v2\/product_brand?post=5186"},{"taxonomy":"product_cat","embeddable":true,"href":"https:\/\/nubkrte.org.mk\/mk\/wp-json\/wp\/v2\/product_cat?post=5186"},{"taxonomy":"product_tag","embeddable":true,"href":"https:\/\/nubkrte.org.mk\/mk\/wp-json\/wp\/v2\/product_tag?post=5186"},{"taxonomy":"product_publisher","embeddable":true,"href":"https:\/\/nubkrte.org.mk\/mk\/wp-json\/wp\/v2\/product_publisher?post=5186"}],"curies":[{"name":"wp","href":"https:\/\/api.w.org\/{rel}","templated":true}]}}