{"id":4418,"date":"2024-02-29T22:43:54","date_gmt":"2024-02-29T22:43:54","guid":{"rendered":"https:\/\/objectivestudio.net\/bibloteka\/?post_type=product&#038;p=4418"},"modified":"2024-03-15T21:51:33","modified_gmt":"2024-03-15T21:51:33","slug":"pallati-i-endrrave","status":"publish","type":"product","link":"https:\/\/nubkrte.org.mk\/mk\/product\/pallati-i-endrrave\/","title":{"rendered":"\u041f\u0430\u043b\u0430\u0442\u0430 \u043e\u0434 \u0441\u043e\u043d\u0438\u0448\u0442\u0430\u0442\u0430"},"content":{"rendered":"","protected":false},"excerpt":{"rendered":"<div id=\"short_description_block\">\n<div id=\"short_description_content\" class=\"rte align_justify\">\n<p>\u201e\u041f\u0430\u043b\u0430\u0442\u0430\u0442\u0430 \u043d\u0430 \u0441\u043e\u043d\u0438\u0448\u0442\u0430\u0442\u0430\u201c \u0435 \u0435\u0434\u0435\u043d \u043e\u0434 \u0441\u0443\u0448\u0442\u0438\u043d\u0441\u043a\u0438\u0442\u0435 \u0440\u043e\u043c\u0430\u043d\u0438 \u043d\u0430 \u0418\u0441\u043c\u0430\u0438\u043b \u041a\u0430\u0434\u0430\u0440\u0435, \u0441\u043e \u0434\u0443\u0445\u043e\u0442 \u043d\u0430 \u0435\u043f\u043e\u0442, \u043a\u043e\u0458 \u0435\u0432\u0440\u043e\u043f\u0441\u043a\u0430\u0442\u0430 \u043b\u0438\u0442\u0435\u0440\u0430\u0442\u0443\u0440\u0430 \u0433\u043e \u043d\u0430\u0440\u0435\u0447\u0435 \u0438\u0441\u0446\u0440\u043f\u0435\u043d\u0430: \u0441\u043e \u0435\u0434\u0438\u043d\u0430\u0435\u0441\u0435\u0442 \u0440\u043e\u043c\u0430\u043d\u0438, \u0447\u0438\u0438\u0448\u0442\u043e \u0433\u043b\u0430\u0432\u043d\u0438 \u043d\u0430\u0441\u043b\u043e\u0432\u0438 \u043e\u0434\u0432\u0440\u0435\u043c\u0435-\u043d\u0430\u0432\u0440\u0435\u043c\u0435 \u0441\u0435 \u043f\u0440\u0435\u0432\u0435\u0434\u0443\u0432\u0430\u0430\u0442, \u043d\u0435\u0433\u043e\u0432\u043e\u0442\u043e \u0434\u0435\u043b\u043e \u043e\u0442\u0441\u0435\u043a\u043e\u0433\u0430\u0448. \u0431\u0438\u043b \u043d\u0430 \u0441\u043f\u0438\u0441\u043e\u043a\u043e\u0442 \u043d\u0430 \u043a\u0430\u043d\u0434\u0438\u0434\u0430\u0442\u0438 \u0437\u0430 \u201e\u041d\u043e\u0431\u0435\u043b\u043e\u0432\u0430 \u043d\u0430\u0433\u0440\u0430\u0434\u0430\u201c \u0432\u043e \u0438\u043c\u0435 \u043d\u0430 \u0430\u043b\u0431\u0430\u043d\u0441\u043a\u0430\u0442\u0430 \u043b\u0438\u0442\u0435\u0440\u0430\u0442\u0443\u0440\u0430. \u0443\u0431\u0438\u0441\u0442\u0432\u0430 \u0438\u043b\u0438 \u043d\u0430 \u0442\u0430\u0430 \u043a\u043e\u043b\u0435\u043a\u0442\u0438\u0432\u043d\u0430 \u043d\u0435\u0441\u043e\u043d\u0438\u0446\u0430 \u0448\u0442\u043e \u041e\u0442\u043e\u043c\u0430\u043d\u0441\u043a\u0430\u0442\u0430 \u0438\u043c\u043f\u0435\u0440\u0438\u0458\u0430 \u043d\u0435 \u043c\u043e\u0436\u0435 \u0434\u0430 \u0458\u0430 \u0442\u043e\u043b\u0435\u0440\u0438\u0440\u0430.<\/p>\n<\/div>\n<\/div>","protected":false},"featured_media":4419,"template":"","meta":{"om_disable_all_campaigns":false},"product_brand":[],"product_cat":[91,96],"product_tag":[],"product_publisher":[62],"class_list":{"0":"post-4418","1":"product","2":"type-product","3":"status-publish","4":"has-post-thumbnail","6":"product_cat-letersia-shqipe","7":"product_cat-vepra-e-kadarese","8":"product_publisher-onufri","10":"first","11":"instock","12":"shipping-taxable","13":"product-type-simple"},"yoast_head":"<!-- This site is optimized with the Yoast SEO plugin v27.5 - https:\/\/yoast.com\/product\/yoast-seo-wordpress\/ -->\n<title>Pallati i endrrave - Bibloteka e Tetoves<\/title>\n<meta name=\"robots\" content=\"index, follow, max-snippet:-1, max-image-preview:large, max-video-preview:-1\" \/>\n<link rel=\"canonical\" href=\"https:\/\/nubkrte.org.mk\/mk\/product\/pallati-i-endrrave\/\" \/>\n<meta property=\"og:locale\" content=\"mk_MK\" \/>\n<meta property=\"og:type\" content=\"article\" \/>\n<meta property=\"og:title\" content=\"Pallati i endrrave - Bibloteka e Tetoves\" \/>\n<meta property=\"og:description\" content=\"&quot;Pallati i \u00cbndrrave&quot; \u00ebsht\u00eb nj\u00eb nga romanet thelb\u00ebsore t\u00eb Ismail Kadares\u00eb, me frym\u00ebn e eposit, t\u00eb cilin let\u00ebrsia evropiane e quajti t\u00eb rraskapitur: me nj\u00ebmb\u00ebdhjet\u00eb romane, - titujt kryesor\u00eb t\u00eb t\u00eb cil\u00ebve po p\u00ebrkthehen her\u00eb pas here, vepra e tij e ka p\u00ebrher\u00eb. ka qen\u00eb n\u00eb list\u00ebn e kandidat\u00ebve p\u00ebr \u00e7mimin &quot;Nobel&quot; n\u00eb em\u00ebr t\u00eb let\u00ebrsis\u00eb shqiptare, do ta kishte merituar at\u00eb \u00e7mim edhe sikur t\u00eb kishte shkruar vet\u00ebm &quot;Pallati i \u00ebndrrave&quot;, si hipotez\u00eb mbi historin\u00eb e v\u00ebrtet\u00eb t\u00eb viktimave t\u00eb t\u00eb m\u00ebdhenjve. vrasje apo mbi at\u00eb pagjum\u00ebsi kolektive q\u00eb Perandoria Osmane nuk mund ta toleroj\u00eb.\" \/>\n<meta property=\"og:url\" content=\"https:\/\/nubkrte.org.mk\/mk\/product\/pallati-i-endrrave\/\" \/>\n<meta property=\"og:site_name\" content=\"Bibloteka e Tetoves\" \/>\n<meta property=\"article:publisher\" content=\"https:\/\/www.facebook.com\/profile.php?id=100076155098032\" \/>\n<meta property=\"article:modified_time\" content=\"2024-03-15T21:51:33+00:00\" \/>\n<meta property=\"og:image\" content=\"https:\/\/nubkrte.org.mk\/wp-content\/uploads\/2024\/02\/pallati-i-endrrave-e1710539224283.jpg\" \/>\n\t<meta property=\"og:image:width\" content=\"404\" \/>\n\t<meta property=\"og:image:height\" content=\"620\" \/>\n\t<meta property=\"og:image:type\" content=\"image\/jpeg\" \/>\n<meta name=\"twitter:card\" content=\"summary_large_image\" \/>\n<meta name=\"twitter:label1\" content=\"Est. reading time\" \/>\n\t<meta name=\"twitter:data1\" content=\"1 \u043c\u0438\u043d\u0443\u0442\u0430\" \/>\n<script type=\"application\/ld+json\" class=\"yoast-schema-graph\">{\"@context\":\"https:\\\/\\\/schema.org\",\"@graph\":[{\"@type\":\"WebPage\",\"@id\":\"https:\\\/\\\/nubkrte.org.mk\\\/product\\\/pallati-i-endrrave\\\/\",\"url\":\"https:\\\/\\\/nubkrte.org.mk\\\/product\\\/pallati-i-endrrave\\\/\",\"name\":\"Pallati i endrrave - Bibloteka e Tetoves\",\"isPartOf\":{\"@id\":\"https:\\\/\\\/nubkrte.org.mk\\\/#website\"},\"primaryImageOfPage\":{\"@id\":\"https:\\\/\\\/nubkrte.org.mk\\\/product\\\/pallati-i-endrrave\\\/#primaryimage\"},\"image\":{\"@id\":\"https:\\\/\\\/nubkrte.org.mk\\\/product\\\/pallati-i-endrrave\\\/#primaryimage\"},\"thumbnailUrl\":\"https:\\\/\\\/i0.wp.com\\\/nubkrte.org.mk\\\/wp-content\\\/uploads\\\/2024\\\/02\\\/pallati-i-endrrave-e1710539224283.jpg?fit=404%2C620&ssl=1\",\"datePublished\":\"2024-02-29T22:43:54+00:00\",\"dateModified\":\"2024-03-15T21:51:33+00:00\",\"breadcrumb\":{\"@id\":\"https:\\\/\\\/nubkrte.org.mk\\\/product\\\/pallati-i-endrrave\\\/#breadcrumb\"},\"inLanguage\":\"mk-MK\",\"potentialAction\":[{\"@type\":\"ReadAction\",\"target\":[\"https:\\\/\\\/nubkrte.org.mk\\\/product\\\/pallati-i-endrrave\\\/\"]}]},{\"@type\":\"ImageObject\",\"inLanguage\":\"mk-MK\",\"@id\":\"https:\\\/\\\/nubkrte.org.mk\\\/product\\\/pallati-i-endrrave\\\/#primaryimage\",\"url\":\"https:\\\/\\\/i0.wp.com\\\/nubkrte.org.mk\\\/wp-content\\\/uploads\\\/2024\\\/02\\\/pallati-i-endrrave-e1710539224283.jpg?fit=404%2C620&ssl=1\",\"contentUrl\":\"https:\\\/\\\/i0.wp.com\\\/nubkrte.org.mk\\\/wp-content\\\/uploads\\\/2024\\\/02\\\/pallati-i-endrrave-e1710539224283.jpg?fit=404%2C620&ssl=1\",\"width\":404,\"height\":620},{\"@type\":\"BreadcrumbList\",\"@id\":\"https:\\\/\\\/nubkrte.org.mk\\\/product\\\/pallati-i-endrrave\\\/#breadcrumb\",\"itemListElement\":[{\"@type\":\"ListItem\",\"position\":1,\"name\":\"Home\",\"item\":\"https:\\\/\\\/nubkrte.org.mk\\\/\"},{\"@type\":\"ListItem\",\"position\":2,\"name\":\"Produkte\",\"item\":\"https:\\\/\\\/nubkrte.org.mk\\\/shop\\\/\"},{\"@type\":\"ListItem\",\"position\":3,\"name\":\"Pallati i endrrave\"}]},{\"@type\":\"WebSite\",\"@id\":\"https:\\\/\\\/nubkrte.org.mk\\\/#website\",\"url\":\"https:\\\/\\\/nubkrte.org.mk\\\/\",\"name\":\"Bibloteka e Tetoves\",\"description\":\"Bibloteka e Tetoves\",\"publisher\":{\"@id\":\"https:\\\/\\\/nubkrte.org.mk\\\/#organization\"},\"potentialAction\":[{\"@type\":\"SearchAction\",\"target\":{\"@type\":\"EntryPoint\",\"urlTemplate\":\"https:\\\/\\\/nubkrte.org.mk\\\/?s={search_term_string}\"},\"query-input\":{\"@type\":\"PropertyValueSpecification\",\"valueRequired\":true,\"valueName\":\"search_term_string\"}}],\"inLanguage\":\"mk-MK\"},{\"@type\":\"Organization\",\"@id\":\"https:\\\/\\\/nubkrte.org.mk\\\/#organization\",\"name\":\"Bibloteka e Tetoves\",\"url\":\"https:\\\/\\\/nubkrte.org.mk\\\/\",\"logo\":{\"@type\":\"ImageObject\",\"inLanguage\":\"mk-MK\",\"@id\":\"https:\\\/\\\/nubkrte.org.mk\\\/#\\\/schema\\\/logo\\\/image\\\/\",\"url\":\"https:\\\/\\\/i0.wp.com\\\/nubkrte.org.mk\\\/wp-content\\\/uploads\\\/2025\\\/04\\\/cropped-IMG-20250410-WA0013-removebg-preview.png?fit=476%2C80&ssl=1\",\"contentUrl\":\"https:\\\/\\\/i0.wp.com\\\/nubkrte.org.mk\\\/wp-content\\\/uploads\\\/2025\\\/04\\\/cropped-IMG-20250410-WA0013-removebg-preview.png?fit=476%2C80&ssl=1\",\"width\":476,\"height\":80,\"caption\":\"Bibloteka e Tetoves\"},\"image\":{\"@id\":\"https:\\\/\\\/nubkrte.org.mk\\\/#\\\/schema\\\/logo\\\/image\\\/\"},\"sameAs\":[\"https:\\\/\\\/www.facebook.com\\\/profile.php?id=100076155098032\"]}]}<\/script>\n<!-- \/ Yoast SEO plugin. -->","yoast_head_json":{"title":"Pallati i endrrave - Bibloteka e Tetoves","robots":{"index":"index","follow":"follow","max-snippet":"max-snippet:-1","max-image-preview":"max-image-preview:large","max-video-preview":"max-video-preview:-1"},"canonical":"https:\/\/nubkrte.org.mk\/mk\/product\/pallati-i-endrrave\/","og_locale":"mk_MK","og_type":"article","og_title":"Pallati i endrrave - Bibloteka e Tetoves","og_description":"\"Pallati i \u00cbndrrave\" \u00ebsht\u00eb nj\u00eb nga romanet thelb\u00ebsore t\u00eb Ismail Kadares\u00eb, me frym\u00ebn e eposit, t\u00eb cilin let\u00ebrsia evropiane e quajti t\u00eb rraskapitur: me nj\u00ebmb\u00ebdhjet\u00eb romane, - titujt kryesor\u00eb t\u00eb t\u00eb cil\u00ebve po p\u00ebrkthehen her\u00eb pas here, vepra e tij e ka p\u00ebrher\u00eb. ka qen\u00eb n\u00eb list\u00ebn e kandidat\u00ebve p\u00ebr \u00e7mimin \"Nobel\" n\u00eb em\u00ebr t\u00eb let\u00ebrsis\u00eb shqiptare, do ta kishte merituar at\u00eb \u00e7mim edhe sikur t\u00eb kishte shkruar vet\u00ebm \"Pallati i \u00ebndrrave\", si hipotez\u00eb mbi historin\u00eb e v\u00ebrtet\u00eb t\u00eb viktimave t\u00eb t\u00eb m\u00ebdhenjve. vrasje apo mbi at\u00eb pagjum\u00ebsi kolektive q\u00eb Perandoria Osmane nuk mund ta toleroj\u00eb.","og_url":"https:\/\/nubkrte.org.mk\/mk\/product\/pallati-i-endrrave\/","og_site_name":"Bibloteka e Tetoves","article_publisher":"https:\/\/www.facebook.com\/profile.php?id=100076155098032","article_modified_time":"2024-03-15T21:51:33+00:00","og_image":[{"width":404,"height":620,"url":"https:\/\/nubkrte.org.mk\/wp-content\/uploads\/2024\/02\/pallati-i-endrrave-e1710539224283.jpg","type":"image\/jpeg"}],"twitter_card":"summary_large_image","twitter_misc":{"Est. reading time":"1 \u043c\u0438\u043d\u0443\u0442\u0430"},"schema":{"@context":"https:\/\/schema.org","@graph":[{"@type":"WebPage","@id":"https:\/\/nubkrte.org.mk\/product\/pallati-i-endrrave\/","url":"https:\/\/nubkrte.org.mk\/product\/pallati-i-endrrave\/","name":"Pallati i endrrave - Bibloteka e Tetoves","isPartOf":{"@id":"https:\/\/nubkrte.org.mk\/#website"},"primaryImageOfPage":{"@id":"https:\/\/nubkrte.org.mk\/product\/pallati-i-endrrave\/#primaryimage"},"image":{"@id":"https:\/\/nubkrte.org.mk\/product\/pallati-i-endrrave\/#primaryimage"},"thumbnailUrl":"https:\/\/i0.wp.com\/nubkrte.org.mk\/wp-content\/uploads\/2024\/02\/pallati-i-endrrave-e1710539224283.jpg?fit=404%2C620&ssl=1","datePublished":"2024-02-29T22:43:54+00:00","dateModified":"2024-03-15T21:51:33+00:00","breadcrumb":{"@id":"https:\/\/nubkrte.org.mk\/product\/pallati-i-endrrave\/#breadcrumb"},"inLanguage":"mk-MK","potentialAction":[{"@type":"ReadAction","target":["https:\/\/nubkrte.org.mk\/product\/pallati-i-endrrave\/"]}]},{"@type":"ImageObject","inLanguage":"mk-MK","@id":"https:\/\/nubkrte.org.mk\/product\/pallati-i-endrrave\/#primaryimage","url":"https:\/\/i0.wp.com\/nubkrte.org.mk\/wp-content\/uploads\/2024\/02\/pallati-i-endrrave-e1710539224283.jpg?fit=404%2C620&ssl=1","contentUrl":"https:\/\/i0.wp.com\/nubkrte.org.mk\/wp-content\/uploads\/2024\/02\/pallati-i-endrrave-e1710539224283.jpg?fit=404%2C620&ssl=1","width":404,"height":620},{"@type":"BreadcrumbList","@id":"https:\/\/nubkrte.org.mk\/product\/pallati-i-endrrave\/#breadcrumb","itemListElement":[{"@type":"ListItem","position":1,"name":"Home","item":"https:\/\/nubkrte.org.mk\/"},{"@type":"ListItem","position":2,"name":"Produkte","item":"https:\/\/nubkrte.org.mk\/shop\/"},{"@type":"ListItem","position":3,"name":"Pallati i endrrave"}]},{"@type":"WebSite","@id":"https:\/\/nubkrte.org.mk\/#website","url":"https:\/\/nubkrte.org.mk\/","name":"Bibloteka e Tetoves","description":"Bibloteka e Tetoves","publisher":{"@id":"https:\/\/nubkrte.org.mk\/#organization"},"potentialAction":[{"@type":"SearchAction","target":{"@type":"EntryPoint","urlTemplate":"https:\/\/nubkrte.org.mk\/?s={search_term_string}"},"query-input":{"@type":"PropertyValueSpecification","valueRequired":true,"valueName":"search_term_string"}}],"inLanguage":"mk-MK"},{"@type":"Organization","@id":"https:\/\/nubkrte.org.mk\/#organization","name":"Bibloteka e Tetoves","url":"https:\/\/nubkrte.org.mk\/","logo":{"@type":"ImageObject","inLanguage":"mk-MK","@id":"https:\/\/nubkrte.org.mk\/#\/schema\/logo\/image\/","url":"https:\/\/i0.wp.com\/nubkrte.org.mk\/wp-content\/uploads\/2025\/04\/cropped-IMG-20250410-WA0013-removebg-preview.png?fit=476%2C80&ssl=1","contentUrl":"https:\/\/i0.wp.com\/nubkrte.org.mk\/wp-content\/uploads\/2025\/04\/cropped-IMG-20250410-WA0013-removebg-preview.png?fit=476%2C80&ssl=1","width":476,"height":80,"caption":"Bibloteka e Tetoves"},"image":{"@id":"https:\/\/nubkrte.org.mk\/#\/schema\/logo\/image\/"},"sameAs":["https:\/\/www.facebook.com\/profile.php?id=100076155098032"]}]}},"jetpack_sharing_enabled":true,"_links":{"self":[{"href":"https:\/\/nubkrte.org.mk\/mk\/wp-json\/wp\/v2\/product\/4418","targetHints":{"allow":["GET"]}}],"collection":[{"href":"https:\/\/nubkrte.org.mk\/mk\/wp-json\/wp\/v2\/product"}],"about":[{"href":"https:\/\/nubkrte.org.mk\/mk\/wp-json\/wp\/v2\/types\/product"}],"version-history":[{"count":3,"href":"https:\/\/nubkrte.org.mk\/mk\/wp-json\/wp\/v2\/product\/4418\/revisions"}],"predecessor-version":[{"id":5111,"href":"https:\/\/nubkrte.org.mk\/mk\/wp-json\/wp\/v2\/product\/4418\/revisions\/5111"}],"wp:featuredmedia":[{"embeddable":true,"href":"https:\/\/nubkrte.org.mk\/mk\/wp-json\/wp\/v2\/media\/4419"}],"wp:attachment":[{"href":"https:\/\/nubkrte.org.mk\/mk\/wp-json\/wp\/v2\/media?parent=4418"}],"wp:term":[{"taxonomy":"product_brand","embeddable":true,"href":"https:\/\/nubkrte.org.mk\/mk\/wp-json\/wp\/v2\/product_brand?post=4418"},{"taxonomy":"product_cat","embeddable":true,"href":"https:\/\/nubkrte.org.mk\/mk\/wp-json\/wp\/v2\/product_cat?post=4418"},{"taxonomy":"product_tag","embeddable":true,"href":"https:\/\/nubkrte.org.mk\/mk\/wp-json\/wp\/v2\/product_tag?post=4418"},{"taxonomy":"product_publisher","embeddable":true,"href":"https:\/\/nubkrte.org.mk\/mk\/wp-json\/wp\/v2\/product_publisher?post=4418"}],"curies":[{"name":"wp","href":"https:\/\/api.w.org\/{rel}","templated":true}]}}