{"id":2139,"date":"2023-10-04T01:56:02","date_gmt":"2023-10-04T01:56:02","guid":{"rendered":"https:\/\/authore.g5plus.net\/product\/how-innovation-works-copy\/"},"modified":"2024-02-29T22:30:48","modified_gmt":"2024-02-29T22:30:48","slug":"shtepia-buze-liqenit","status":"publish","type":"product","link":"https:\/\/nubkrte.org.mk\/mk\/product\/shtepia-buze-liqenit\/","title":{"rendered":"\u041a\u0443\u045c\u0430\u0442\u0430 \u043f\u043e\u043a\u0440\u0430\u0458 \u0435\u0437\u0435\u0440\u043e\u0442\u043e"},"content":{"rendered":"","protected":false},"excerpt":{"rendered":"<p>\u041d\u0435\u043a\u043e\u043b\u043a\u0443 \u0434\u0435\u0446\u0435\u043d\u0438\u0438 \u043f\u043e\u0434\u043e\u0446\u043d\u0430, \u0410\u043b\u0438\u0441\u0438\u0458\u0430 \u0436\u0438\u0432\u0435\u0435 \u0432\u043e \u041b\u043e\u043d\u0434\u043e\u043d, \u0443\u0436\u0438\u0432\u0430\u0458\u045c\u0438 \u0432\u043e \u0434\u043e\u043b\u0433\u0430 \u0438 \u0443\u0441\u043f\u0435\u0448\u043d\u0430 \u043a\u0430\u0440\u0438\u0435\u0440\u0430 \u043a\u0430\u043a\u043e \u043f\u0438\u0441\u0430\u0442\u0435\u043b. \u0421\u043e \u043a\u0438\u043b\u043e\u043c\u0435\u0442\u0440\u0438 \u043f\u043e\u0434\u0430\u043b\u0435\u043a\u0443, \u0421\u0435\u0458\u0434\u0438 \u0421\u043f\u0430\u0440\u043e\u0443, \u043c\u043b\u0430\u0434\u0430 \u0434\u0435\u0442\u0435\u043a\u0442\u0438\u0432\u043a\u0430 \u0432\u043e \u043b\u043e\u043d\u0434\u043e\u043d\u0441\u043a\u0430\u0442\u0430 \u043f\u043e\u043b\u0438\u0446\u0438\u0458\u0430, \u043f\u0440\u0435\u0441\u0442\u043e\u0458\u0443\u0432\u0430 \u043d\u0435\u043a\u043e\u0435 \u0432\u0440\u0435\u043c\u0435 \u0432\u043e \u043a\u0443\u045c\u0430\u0442\u0430 \u043d\u0430 \u043d\u0435\u0458\u0437\u0438\u043d\u0438\u043e\u0442 \u0434\u0435\u0434\u043e \u0432\u043e \u041a\u043e\u0440\u043d\u0432\u043e\u043b.<\/p>\n<p>Nj\u00eb dit\u00eb, teksa sh\u00ebtit, ajo zbulon sht\u00ebpin\u00eb e vjet\u00ebr t\u00eb Ed\u00ebvejn\u00ebve, tanim\u00eb t\u00eb mbuluar nga bar\u00ebrat e k\u00ebqija. Kjo i ngjall kureshtjen dhe i hap rrug\u00eb nj\u00eb s\u00ebr\u00eb ngjarjeve q\u00eb do t\u00eb bashkojn\u00eb at\u00eb dhe Alisian e do t\u00eb zbulojn\u00eb t\u00eb v\u00ebrteta trondit\u00ebse p\u00ebr nj\u00eb t\u00eb kaluar thuajse t\u00eb harruar&#8230; e nj\u00ebherazi m\u00eb t\u00eb pranishme se kurr\u00eb.<\/p>","protected":false},"featured_media":4172,"template":"","meta":{"om_disable_all_campaigns":false},"product_brand":[],"product_cat":[76,78],"product_tag":[43],"product_publisher":[38],"class_list":{"0":"post-2139","1":"product","2":"type-product","3":"status-publish","4":"has-post-thumbnail","6":"product_cat-letersia-boterore","7":"product_cat-romance","8":"product_tag-fiction","9":"product_publisher-albas","11":"first","12":"instock","13":"featured","14":"shipping-taxable","15":"product-type-simple"},"yoast_head":"<!-- This site is optimized with the Yoast SEO plugin v27.4 - https:\/\/yoast.com\/product\/yoast-seo-wordpress\/ -->\n<title>Sht\u00ebpia buz\u00eb liqenit - Bibloteka e Tetoves<\/title>\n<meta name=\"robots\" content=\"index, follow, max-snippet:-1, max-image-preview:large, max-video-preview:-1\" \/>\n<link rel=\"canonical\" href=\"https:\/\/nubkrte.org.mk\/mk\/product\/shtepia-buze-liqenit\/\" \/>\n<meta property=\"og:locale\" content=\"mk_MK\" \/>\n<meta property=\"og:type\" content=\"article\" \/>\n<meta property=\"og:title\" content=\"Sht\u00ebpia buz\u00eb liqenit - Bibloteka e Tetoves\" \/>\n<meta property=\"og:description\" content=\"Dekada m\u00eb von\u00eb, Alisia jeton n\u00eb Lond\u00ebr, pasi ka shijuar nj\u00eb karrier\u00eb t\u00eb gjat\u00eb dhe t\u00eb suksesshme si shkrimtare. Kilometra larg, Sejdi Sparou, nj\u00eb detektive e re n\u00eb forcat e policis\u00eb londineze, po q\u00ebndron p\u00ebr pak koh\u00eb n\u00eb sht\u00ebpin\u00eb e gjyshit, n\u00eb Kornuoll.  Nj\u00eb dit\u00eb, teksa sh\u00ebtit, ajo zbulon sht\u00ebpin\u00eb e vjet\u00ebr t\u00eb Ed\u00ebvejn\u00ebve, tanim\u00eb t\u00eb mbuluar nga bar\u00ebrat e k\u00ebqija. Kjo i ngjall kureshtjen dhe i hap rrug\u00eb nj\u00eb s\u00ebr\u00eb ngjarjeve q\u00eb do t\u00eb bashkojn\u00eb at\u00eb dhe Alisian e do t\u00eb zbulojn\u00eb t\u00eb v\u00ebrteta trondit\u00ebse p\u00ebr nj\u00eb t\u00eb kaluar thuajse t\u00eb harruar... e nj\u00ebherazi m\u00eb t\u00eb pranishme se kurr\u00eb.\" \/>\n<meta property=\"og:url\" content=\"https:\/\/nubkrte.org.mk\/mk\/product\/shtepia-buze-liqenit\/\" \/>\n<meta property=\"og:site_name\" content=\"Bibloteka e Tetoves\" \/>\n<meta property=\"article:publisher\" content=\"https:\/\/www.facebook.com\/profile.php?id=100076155098032\" \/>\n<meta property=\"article:modified_time\" content=\"2024-02-29T22:30:48+00:00\" \/>\n<meta property=\"og:image\" content=\"https:\/\/nubkrte.org.mk\/wp-content\/uploads\/2023\/10\/Kate-Morton.jpg\" \/>\n\t<meta property=\"og:image:width\" content=\"1000\" \/>\n\t<meta property=\"og:image:height\" content=\"1516\" \/>\n\t<meta property=\"og:image:type\" content=\"image\/jpeg\" \/>\n<meta name=\"twitter:card\" content=\"summary_large_image\" \/>\n<meta name=\"twitter:label1\" content=\"Est. reading time\" \/>\n\t<meta name=\"twitter:data1\" content=\"1 \u043c\u0438\u043d\u0443\u0442\u0430\" \/>\n<script type=\"application\/ld+json\" class=\"yoast-schema-graph\">{\"@context\":\"https:\\\/\\\/schema.org\",\"@graph\":[{\"@type\":\"WebPage\",\"@id\":\"https:\\\/\\\/nubkrte.org.mk\\\/product\\\/shtepia-buze-liqenit\\\/\",\"url\":\"https:\\\/\\\/nubkrte.org.mk\\\/product\\\/shtepia-buze-liqenit\\\/\",\"name\":\"Sht\u00ebpia buz\u00eb liqenit - Bibloteka e Tetoves\",\"isPartOf\":{\"@id\":\"https:\\\/\\\/nubkrte.org.mk\\\/#website\"},\"primaryImageOfPage\":{\"@id\":\"https:\\\/\\\/nubkrte.org.mk\\\/product\\\/shtepia-buze-liqenit\\\/#primaryimage\"},\"image\":{\"@id\":\"https:\\\/\\\/nubkrte.org.mk\\\/product\\\/shtepia-buze-liqenit\\\/#primaryimage\"},\"thumbnailUrl\":\"https:\\\/\\\/i0.wp.com\\\/nubkrte.org.mk\\\/wp-content\\\/uploads\\\/2023\\\/10\\\/Kate-Morton.jpg?fit=1000%2C1516&ssl=1\",\"datePublished\":\"2023-10-04T01:56:02+00:00\",\"dateModified\":\"2024-02-29T22:30:48+00:00\",\"breadcrumb\":{\"@id\":\"https:\\\/\\\/nubkrte.org.mk\\\/product\\\/shtepia-buze-liqenit\\\/#breadcrumb\"},\"inLanguage\":\"mk-MK\",\"potentialAction\":[{\"@type\":\"ReadAction\",\"target\":[\"https:\\\/\\\/nubkrte.org.mk\\\/product\\\/shtepia-buze-liqenit\\\/\"]}]},{\"@type\":\"ImageObject\",\"inLanguage\":\"mk-MK\",\"@id\":\"https:\\\/\\\/nubkrte.org.mk\\\/product\\\/shtepia-buze-liqenit\\\/#primaryimage\",\"url\":\"https:\\\/\\\/i0.wp.com\\\/nubkrte.org.mk\\\/wp-content\\\/uploads\\\/2023\\\/10\\\/Kate-Morton.jpg?fit=1000%2C1516&ssl=1\",\"contentUrl\":\"https:\\\/\\\/i0.wp.com\\\/nubkrte.org.mk\\\/wp-content\\\/uploads\\\/2023\\\/10\\\/Kate-Morton.jpg?fit=1000%2C1516&ssl=1\",\"width\":1000,\"height\":1516},{\"@type\":\"BreadcrumbList\",\"@id\":\"https:\\\/\\\/nubkrte.org.mk\\\/product\\\/shtepia-buze-liqenit\\\/#breadcrumb\",\"itemListElement\":[{\"@type\":\"ListItem\",\"position\":1,\"name\":\"Home\",\"item\":\"https:\\\/\\\/nubkrte.org.mk\\\/\"},{\"@type\":\"ListItem\",\"position\":2,\"name\":\"Produkte\",\"item\":\"https:\\\/\\\/nubkrte.org.mk\\\/shop\\\/\"},{\"@type\":\"ListItem\",\"position\":3,\"name\":\"Sht\u00ebpia buz\u00eb liqenit\"}]},{\"@type\":\"WebSite\",\"@id\":\"https:\\\/\\\/nubkrte.org.mk\\\/#website\",\"url\":\"https:\\\/\\\/nubkrte.org.mk\\\/\",\"name\":\"Bibloteka e Tetoves\",\"description\":\"Bibloteka e Tetoves\",\"publisher\":{\"@id\":\"https:\\\/\\\/nubkrte.org.mk\\\/#organization\"},\"potentialAction\":[{\"@type\":\"SearchAction\",\"target\":{\"@type\":\"EntryPoint\",\"urlTemplate\":\"https:\\\/\\\/nubkrte.org.mk\\\/?s={search_term_string}\"},\"query-input\":{\"@type\":\"PropertyValueSpecification\",\"valueRequired\":true,\"valueName\":\"search_term_string\"}}],\"inLanguage\":\"mk-MK\"},{\"@type\":\"Organization\",\"@id\":\"https:\\\/\\\/nubkrte.org.mk\\\/#organization\",\"name\":\"Bibloteka e Tetoves\",\"url\":\"https:\\\/\\\/nubkrte.org.mk\\\/\",\"logo\":{\"@type\":\"ImageObject\",\"inLanguage\":\"mk-MK\",\"@id\":\"https:\\\/\\\/nubkrte.org.mk\\\/#\\\/schema\\\/logo\\\/image\\\/\",\"url\":\"https:\\\/\\\/i0.wp.com\\\/nubkrte.org.mk\\\/wp-content\\\/uploads\\\/2025\\\/04\\\/cropped-IMG-20250410-WA0013-removebg-preview.png?fit=476%2C80&ssl=1\",\"contentUrl\":\"https:\\\/\\\/i0.wp.com\\\/nubkrte.org.mk\\\/wp-content\\\/uploads\\\/2025\\\/04\\\/cropped-IMG-20250410-WA0013-removebg-preview.png?fit=476%2C80&ssl=1\",\"width\":476,\"height\":80,\"caption\":\"Bibloteka e Tetoves\"},\"image\":{\"@id\":\"https:\\\/\\\/nubkrte.org.mk\\\/#\\\/schema\\\/logo\\\/image\\\/\"},\"sameAs\":[\"https:\\\/\\\/www.facebook.com\\\/profile.php?id=100076155098032\"]}]}<\/script>\n<!-- \/ Yoast SEO plugin. -->","yoast_head_json":{"title":"Sht\u00ebpia buz\u00eb liqenit - Bibloteka e Tetoves","robots":{"index":"index","follow":"follow","max-snippet":"max-snippet:-1","max-image-preview":"max-image-preview:large","max-video-preview":"max-video-preview:-1"},"canonical":"https:\/\/nubkrte.org.mk\/mk\/product\/shtepia-buze-liqenit\/","og_locale":"mk_MK","og_type":"article","og_title":"Sht\u00ebpia buz\u00eb liqenit - Bibloteka e Tetoves","og_description":"Dekada m\u00eb von\u00eb, Alisia jeton n\u00eb Lond\u00ebr, pasi ka shijuar nj\u00eb karrier\u00eb t\u00eb gjat\u00eb dhe t\u00eb suksesshme si shkrimtare. Kilometra larg, Sejdi Sparou, nj\u00eb detektive e re n\u00eb forcat e policis\u00eb londineze, po q\u00ebndron p\u00ebr pak koh\u00eb n\u00eb sht\u00ebpin\u00eb e gjyshit, n\u00eb Kornuoll.  Nj\u00eb dit\u00eb, teksa sh\u00ebtit, ajo zbulon sht\u00ebpin\u00eb e vjet\u00ebr t\u00eb Ed\u00ebvejn\u00ebve, tanim\u00eb t\u00eb mbuluar nga bar\u00ebrat e k\u00ebqija. Kjo i ngjall kureshtjen dhe i hap rrug\u00eb nj\u00eb s\u00ebr\u00eb ngjarjeve q\u00eb do t\u00eb bashkojn\u00eb at\u00eb dhe Alisian e do t\u00eb zbulojn\u00eb t\u00eb v\u00ebrteta trondit\u00ebse p\u00ebr nj\u00eb t\u00eb kaluar thuajse t\u00eb harruar... e nj\u00ebherazi m\u00eb t\u00eb pranishme se kurr\u00eb.","og_url":"https:\/\/nubkrte.org.mk\/mk\/product\/shtepia-buze-liqenit\/","og_site_name":"Bibloteka e Tetoves","article_publisher":"https:\/\/www.facebook.com\/profile.php?id=100076155098032","article_modified_time":"2024-02-29T22:30:48+00:00","og_image":[{"width":1000,"height":1516,"url":"https:\/\/nubkrte.org.mk\/wp-content\/uploads\/2023\/10\/Kate-Morton.jpg","type":"image\/jpeg"}],"twitter_card":"summary_large_image","twitter_misc":{"Est. reading time":"1 \u043c\u0438\u043d\u0443\u0442\u0430"},"schema":{"@context":"https:\/\/schema.org","@graph":[{"@type":"WebPage","@id":"https:\/\/nubkrte.org.mk\/product\/shtepia-buze-liqenit\/","url":"https:\/\/nubkrte.org.mk\/product\/shtepia-buze-liqenit\/","name":"Sht\u00ebpia buz\u00eb liqenit - Bibloteka e Tetoves","isPartOf":{"@id":"https:\/\/nubkrte.org.mk\/#website"},"primaryImageOfPage":{"@id":"https:\/\/nubkrte.org.mk\/product\/shtepia-buze-liqenit\/#primaryimage"},"image":{"@id":"https:\/\/nubkrte.org.mk\/product\/shtepia-buze-liqenit\/#primaryimage"},"thumbnailUrl":"https:\/\/i0.wp.com\/nubkrte.org.mk\/wp-content\/uploads\/2023\/10\/Kate-Morton.jpg?fit=1000%2C1516&ssl=1","datePublished":"2023-10-04T01:56:02+00:00","dateModified":"2024-02-29T22:30:48+00:00","breadcrumb":{"@id":"https:\/\/nubkrte.org.mk\/product\/shtepia-buze-liqenit\/#breadcrumb"},"inLanguage":"mk-MK","potentialAction":[{"@type":"ReadAction","target":["https:\/\/nubkrte.org.mk\/product\/shtepia-buze-liqenit\/"]}]},{"@type":"ImageObject","inLanguage":"mk-MK","@id":"https:\/\/nubkrte.org.mk\/product\/shtepia-buze-liqenit\/#primaryimage","url":"https:\/\/i0.wp.com\/nubkrte.org.mk\/wp-content\/uploads\/2023\/10\/Kate-Morton.jpg?fit=1000%2C1516&ssl=1","contentUrl":"https:\/\/i0.wp.com\/nubkrte.org.mk\/wp-content\/uploads\/2023\/10\/Kate-Morton.jpg?fit=1000%2C1516&ssl=1","width":1000,"height":1516},{"@type":"BreadcrumbList","@id":"https:\/\/nubkrte.org.mk\/product\/shtepia-buze-liqenit\/#breadcrumb","itemListElement":[{"@type":"ListItem","position":1,"name":"Home","item":"https:\/\/nubkrte.org.mk\/"},{"@type":"ListItem","position":2,"name":"Produkte","item":"https:\/\/nubkrte.org.mk\/shop\/"},{"@type":"ListItem","position":3,"name":"Sht\u00ebpia buz\u00eb liqenit"}]},{"@type":"WebSite","@id":"https:\/\/nubkrte.org.mk\/#website","url":"https:\/\/nubkrte.org.mk\/","name":"Bibloteka e Tetoves","description":"Bibloteka e Tetoves","publisher":{"@id":"https:\/\/nubkrte.org.mk\/#organization"},"potentialAction":[{"@type":"SearchAction","target":{"@type":"EntryPoint","urlTemplate":"https:\/\/nubkrte.org.mk\/?s={search_term_string}"},"query-input":{"@type":"PropertyValueSpecification","valueRequired":true,"valueName":"search_term_string"}}],"inLanguage":"mk-MK"},{"@type":"Organization","@id":"https:\/\/nubkrte.org.mk\/#organization","name":"Bibloteka e Tetoves","url":"https:\/\/nubkrte.org.mk\/","logo":{"@type":"ImageObject","inLanguage":"mk-MK","@id":"https:\/\/nubkrte.org.mk\/#\/schema\/logo\/image\/","url":"https:\/\/i0.wp.com\/nubkrte.org.mk\/wp-content\/uploads\/2025\/04\/cropped-IMG-20250410-WA0013-removebg-preview.png?fit=476%2C80&ssl=1","contentUrl":"https:\/\/i0.wp.com\/nubkrte.org.mk\/wp-content\/uploads\/2025\/04\/cropped-IMG-20250410-WA0013-removebg-preview.png?fit=476%2C80&ssl=1","width":476,"height":80,"caption":"Bibloteka e Tetoves"},"image":{"@id":"https:\/\/nubkrte.org.mk\/#\/schema\/logo\/image\/"},"sameAs":["https:\/\/www.facebook.com\/profile.php?id=100076155098032"]}]}},"jetpack_sharing_enabled":true,"_links":{"self":[{"href":"https:\/\/nubkrte.org.mk\/mk\/wp-json\/wp\/v2\/product\/2139","targetHints":{"allow":["GET"]}}],"collection":[{"href":"https:\/\/nubkrte.org.mk\/mk\/wp-json\/wp\/v2\/product"}],"about":[{"href":"https:\/\/nubkrte.org.mk\/mk\/wp-json\/wp\/v2\/types\/product"}],"version-history":[{"count":0,"href":"https:\/\/nubkrte.org.mk\/mk\/wp-json\/wp\/v2\/product\/2139\/revisions"}],"wp:featuredmedia":[{"embeddable":true,"href":"https:\/\/nubkrte.org.mk\/mk\/wp-json\/wp\/v2\/media\/4172"}],"wp:attachment":[{"href":"https:\/\/nubkrte.org.mk\/mk\/wp-json\/wp\/v2\/media?parent=2139"}],"wp:term":[{"taxonomy":"product_brand","embeddable":true,"href":"https:\/\/nubkrte.org.mk\/mk\/wp-json\/wp\/v2\/product_brand?post=2139"},{"taxonomy":"product_cat","embeddable":true,"href":"https:\/\/nubkrte.org.mk\/mk\/wp-json\/wp\/v2\/product_cat?post=2139"},{"taxonomy":"product_tag","embeddable":true,"href":"https:\/\/nubkrte.org.mk\/mk\/wp-json\/wp\/v2\/product_tag?post=2139"},{"taxonomy":"product_publisher","embeddable":true,"href":"https:\/\/nubkrte.org.mk\/mk\/wp-json\/wp\/v2\/product_publisher?post=2139"}],"curies":[{"name":"wp","href":"https:\/\/api.w.org\/{rel}","templated":true}]}}