{"id":4461,"date":"2024-03-04T09:03:20","date_gmt":"2024-03-04T09:03:20","guid":{"rendered":"https:\/\/objectivestudio.net\/bibloteka\/?page_id=4461"},"modified":"2024-03-15T23:28:44","modified_gmt":"2024-03-15T23:28:44","slug":"ankete","status":"publish","type":"page","link":"https:\/\/nubkrte.org.mk\/mk\/ankete\/","title":{"rendered":"\u0410\u043d\u043a\u0435\u0442\u0435\u043d \u043b\u0438\u0441\u0442"},"content":{"rendered":"<div data-elementor-type=\"wp-page\" data-elementor-id=\"4461\" class=\"elementor elementor-4461\">\n\t\t\t\t\t\t<section class=\"elementor-section elementor-top-section elementor-element elementor-element-fe3757a elementor-section-boxed elementor-section-height-default elementor-section-height-default\" data-id=\"fe3757a\" data-element_type=\"section\" data-e-type=\"section\">\n\t\t\t\t\t\t<div class=\"elementor-container elementor-column-gap-default\">\n\t\t\t\t\t<div class=\"elementor-column elementor-col-100 elementor-top-column elementor-element elementor-element-6f43324\" data-id=\"6f43324\" data-element_type=\"column\" data-e-type=\"column\">\n\t\t\t<div class=\"elementor-widget-wrap elementor-element-populated\">\n\t\t\t\t\t\t<div class=\"elementor-element elementor-element-8e0f16a elementor-widget elementor-widget-text-editor\" data-id=\"8e0f16a\" data-element_type=\"widget\" data-e-type=\"widget\" data-widget_type=\"text-editor.default\">\n\t\t\t\t<div class=\"elementor-widget-container\">\n\t\t\t\t\t\t\t\t\t<p>\u041f\u043e\u0447\u0438\u0442\u0443\u0432\u0430\u043d\u0438 \u0447\u0438\u0442\u0430\u0442\u0435\u043b\u0438,<\/p><p>\u041f\u0440\u0430\u0432\u0438\u043c\u0435 \u0430\u043d\u043a\u0435\u0442\u0430 \u043f\u043e\u0432\u0440\u0437\u0430\u043d\u043e \u0441\u043e \u0440\u0430\u0431\u043e\u0442\u043d\u0438\u043e\u0442 \u043f\u0440\u043e\u0446\u0435\u0441 \u0432\u043e \u0431\u0438\u0431\u043b\u0438\u043e\u0442\u0435\u043a\u0430\u0442\u0430. \u0410\u043d\u043a\u0435\u0442\u0430\u0442\u0430 \u045c\u0435 \u0431\u0438\u0434\u0435 \u0430\u043d\u043e\u043d\u0438\u043c\u043d\u0430, \u0437\u0430\u0442\u043e\u0430 \u0432\u0435 \u0437\u0430\u043c\u043e\u043b\u0443\u0432\u0430\u043c\u0435 \u0434\u0430 \u0431\u0438\u0434\u0435\u0442\u0435 \u043c\u0430\u043a\u0441\u0438\u043c\u0430\u043b\u043d\u043e \u0438\u0441\u043a\u0440\u0435\u043d\u0438 \u0432\u043e \u0432\u0430\u0448\u0438\u0442\u0435 \u043e\u0434\u0433\u043e\u0432\u043e\u0440\u0438. \u041e\u0432\u0430 \u0438\u0441\u0442\u0440\u0430\u0436\u0443\u0432\u0430\u045a\u0435 \u045c\u0435 \u043f\u043e\u043c\u043e\u0433\u043d\u0435 \u0434\u0430 \u0441\u0435 \u0440\u0430\u0437\u0432\u0438\u0435 \u0440\u0430\u0431\u043e\u0442\u043d\u0438\u043e\u0442 \u043f\u0440\u043e\u0446\u0435\u0441 \u0432\u043e \u0431\u0438\u0431\u043b\u0438\u043e\u0442\u0435\u043a\u0430\u0442\u0430.<\/p>\t\t\t\t\t\t\t\t<\/div>\n\t\t\t\t<\/div>\n\t\t\t\t\t<\/div>\n\t\t<\/div>\n\t\t\t\t\t<\/div>\n\t\t<\/section>\n\t\t\t\t<section class=\"elementor-section elementor-top-section elementor-element elementor-element-32f1f5a elementor-section-boxed elementor-section-height-default elementor-section-height-default\" data-id=\"32f1f5a\" data-element_type=\"section\" data-e-type=\"section\">\n\t\t\t\t\t\t<div class=\"elementor-container elementor-column-gap-default\">\n\t\t\t\t\t<div class=\"elementor-column elementor-col-50 elementor-top-column elementor-element elementor-element-948b723\" data-id=\"948b723\" data-element_type=\"column\" data-e-type=\"column\">\n\t\t\t<div class=\"elementor-widget-wrap elementor-element-populated\">\n\t\t\t\t\t\t<div class=\"elementor-element elementor-element-c477954 elementor-widget elementor-widget-shortcode\" data-id=\"c477954\" data-element_type=\"widget\" data-e-type=\"widget\" data-widget_type=\"shortcode.default\">\n\t\t\t\t<div class=\"elementor-widget-container\">\n\t\t\t\t\t\t\t<div class=\"elementor-shortcode\">\n<div class=\"wpcf7 no-js\" id=\"wpcf7-f4460-o1\" lang=\"en-US\" dir=\"ltr\" data-wpcf7-id=\"4460\">\n<div class=\"screen-reader-response\"><p role=\"status\" aria-live=\"polite\" aria-atomic=\"true\"><\/p> <ul><\/ul><\/div>\n<form action=\"\/mk\/wp-json\/wp\/v2\/pages\/4461#wpcf7-f4460-o1\" method=\"post\" class=\"wpcf7-form init\" aria-label=\"Contact form\" novalidate=\"novalidate\" data-status=\"init\" data-trp-original-action=\"\/mk\/wp-json\/wp\/v2\/pages\/4461#wpcf7-f4460-o1\">\n<fieldset class=\"hidden-fields-container\"><input type=\"hidden\" name=\"_wpcf7\" value=\"4460\" \/><input type=\"hidden\" name=\"_wpcf7_version\" value=\"6.1.5\" \/><input type=\"hidden\" name=\"_wpcf7_locale\" value=\"en_US\" \/><input type=\"hidden\" name=\"_wpcf7_unit_tag\" value=\"wpcf7-f4460-o1\" \/><input type=\"hidden\" name=\"_wpcf7_container_post\" value=\"0\" \/><input type=\"hidden\" name=\"_wpcf7_posted_data_hash\" value=\"\" \/>\n<\/fieldset>\n<p><label> \u0413\u043e\u0434\u0438\u043d\u0430 \u043d\u0430 \u0440\u0430\u0453\u0430\u045a\u0435<br \/>\n<span class=\"wpcf7-form-control-wrap\" data-name=\"Dateofbirth\"><input class=\"wpcf7-form-control wpcf7-date wpcf7-validates-as-required wpcf7-validates-as-date\" aria-required=\"true\" aria-invalid=\"false\" value=\"\" type=\"date\" name=\"Dateofbirth\" \/><\/span> <\/label>\n<\/p>\n<p>\u041f\u043e\u043b<br \/>\n<span class=\"wpcf7-form-control-wrap\" data-name=\"Gjinia\"><span class=\"wpcf7-form-control wpcf7-radio\"><span class=\"wpcf7-list-item first\"><label><span class=\"wpcf7-list-item-label\">\u0416\u0435\u043d\u0441\u043a\u0438<\/span><input type=\"radio\" name=\"Gjinia\" value=\"Fem\u00ebr\" checked=\"checked\" \/><\/label><\/span><span class=\"wpcf7-list-item last\"><label><span class=\"wpcf7-list-item-label\">\u041c\u0430\u0448\u043a\u0438<\/span><input type=\"radio\" name=\"Gjinia\" value=\"Mashkull\" \/><\/label><\/span><\/span><\/span>\n<\/p>\n<p>\u041f\u0440\u043e\u0444\u0435\u0441\u0438\u0458\u0430<br \/>\n<span class=\"wpcf7-form-control-wrap\" data-name=\"profession\"><input size=\"40\" maxlength=\"400\" class=\"wpcf7-form-control wpcf7-text wpcf7-validates-as-required\" aria-required=\"true\" aria-invalid=\"false\" value=\"\" type=\"text\" name=\"profession\" \/><\/span>\n<\/p>\n<p>\u041d\u0430\u0446\u0438\u043e\u043d\u0430\u043b\u043d\u043e\u0441\u0442<br \/>\n<span class=\"wpcf7-form-control-wrap\" data-name=\"Nationality\"><input size=\"40\" maxlength=\"400\" class=\"wpcf7-form-control wpcf7-text wpcf7-validates-as-required\" aria-required=\"true\" aria-invalid=\"false\" value=\"\" type=\"text\" name=\"Nationality\" \/><\/span>\n<\/p>\n<p>\u041a\u043e\u043b\u043a\u0443 \u0434\u043e\u043b\u0433\u043e \u0441\u0442\u0435 \u0447\u043b\u0435\u043d \u043d\u0430 \u0431\u0438\u0431\u043b\u0438\u043e\u0442\u0435\u043a\u0430\u0442\u0430?<br \/>\n<span class=\"wpcf7-form-control-wrap\" data-name=\"Howlonghaveyoubeenamemberofthelibrary\"><span class=\"wpcf7-form-control wpcf7-radio\"><span class=\"wpcf7-list-item first\"><label><input type=\"radio\" name=\"Howlonghaveyoubeenamemberofthelibrary\" value=\"P\u00ebr her\u00eb t\u00eb par\u00eb\" checked=\"checked\" \/><span class=\"wpcf7-list-item-label\">\u0417\u0430 \u043f\u0440\u0432 \u043f\u0430\u0442<\/span><\/label><\/span><span class=\"wpcf7-list-item\"><label><input type=\"radio\" name=\"Howlonghaveyoubeenamemberofthelibrary\" value=\"M\u00eb shum\u00eb se 3 vite\" \/><span class=\"wpcf7-list-item-label\">\u041f\u043e\u0432\u0435\u045c\u0435 \u043e\u0434 3 \u0433\u043e\u0434\u0438\u043d\u0438<\/span><\/label><\/span><span class=\"wpcf7-list-item last\"><label><input type=\"radio\" name=\"Howlonghaveyoubeenamemberofthelibrary\" value=\"M\u00eb shum\u00eb se 5 vite\" \/><span class=\"wpcf7-list-item-label\">\u041f\u043e\u0432\u0435\u045c\u0435 \u043e\u0434 5 \u0433\u043e\u0434\u0438\u043d\u0438<\/span><\/label><\/span><\/span><\/span>\n<\/p>\n<p>\u0414\u0430\u043b\u0438 \u0441\u0442\u0435 \u0437\u0430\u0434\u043e\u0432\u043e\u043b\u043d\u0438 \u0441\u043e \u0444\u043e\u043d\u0434\u043e\u0442 \u0441\u043e \u043a\u043e\u0458\u0430 \u043f\u043e\u0441\u0435\u0434\u0443\u0432\u0430 \u0431\u0438\u0431\u043b\u0438\u043e\u0442\u0435\u043a\u0430\u0442\u0430?<br \/>\n<span class=\"wpcf7-form-control-wrap\" data-name=\"Ajenitknaqurmematerialetmetcilatposedonbiblioteka\"><span class=\"wpcf7-form-control wpcf7-radio\"><span class=\"wpcf7-list-item first\"><label><input type=\"radio\" name=\"Ajenitknaqurmematerialetmetcilatposedonbiblioteka\" value=\"Po\" checked=\"checked\" \/><span class=\"wpcf7-list-item-label\">\u0414\u0430<\/span><\/label><\/span><span class=\"wpcf7-list-item\"><label><input type=\"radio\" name=\"Ajenitknaqurmematerialetmetcilatposedonbiblioteka\" value=\"Jo\" \/><span class=\"wpcf7-list-item-label\">\u041d\u0435<\/span><\/label><\/span><span class=\"wpcf7-list-item last\"><label><input type=\"radio\" name=\"Ajenitknaqurmematerialetmetcilatposedonbiblioteka\" value=\"Relativisht\" \/><span class=\"wpcf7-list-item-label\">\u0420\u0415\u041b\u0410\u0422\u0418\u0412\u041d\u041e<\/span><\/label><\/span><\/span><\/span>\n<\/p>\n<p>A jeni t\u00eb k\u00ebnaqur me sh\u00ebrbimin n\u00eb bibliotek\u00eb?<br \/>\n<span class=\"wpcf7-form-control-wrap\" data-name=\"Ajenitekenaqurmesherbiminnebiblioteke\"><span class=\"wpcf7-form-control wpcf7-radio\"><span class=\"wpcf7-list-item first\"><label><input type=\"radio\" name=\"Ajenitekenaqurmesherbiminnebiblioteke\" value=\"Po\" checked=\"checked\" \/><span class=\"wpcf7-list-item-label\">\u0414\u0430<\/span><\/label><\/span><span class=\"wpcf7-list-item\"><label><input type=\"radio\" name=\"Ajenitekenaqurmesherbiminnebiblioteke\" value=\"Jo\" \/><span class=\"wpcf7-list-item-label\">\u041d\u0435<\/span><\/label><\/span><span class=\"wpcf7-list-item last\"><label><input type=\"radio\" name=\"Ajenitekenaqurmesherbiminnebiblioteke\" value=\"Relativisht\" \/><span class=\"wpcf7-list-item-label\">\u0420\u0415\u041b\u0410\u0422\u0418\u0412\u041d\u041e<\/span><\/label><\/span><\/span><\/span>\n<\/p>\n<p>\u041f\u0440\u0435\u0434\u043b\u043e\u0437\u0438\/\u041a\u043e\u043c\u0435\u043d\u0442\u0430\u0440\u0438<br \/>\n<span class=\"wpcf7-form-control-wrap\" data-name=\"SuggestionsComments\"><textarea cols=\"40\" rows=\"10\" maxlength=\"2000\" class=\"wpcf7-form-control wpcf7-textarea\" aria-invalid=\"false\" name=\"SuggestionsComments\"><\/textarea><\/span><br \/>\n<input class=\"wpcf7-form-control wpcf7-submit has-spinner\" type=\"submit\" value=\"\u041f\u0440\u0430\u0442\u0438\" \/>\n<\/p><div class=\"wpcf7-response-output\" aria-hidden=\"true\"><\/div>\n<input type=\"hidden\" name=\"trp-form-language\" value=\"mk\"\/><\/form>\n<\/div>\n<\/div>\n\t\t\t\t\t\t<\/div>\n\t\t\t\t<\/div>\n\t\t\t\t\t<\/div>\n\t\t<\/div>\n\t\t\t\t<div class=\"elementor-column elementor-col-50 elementor-top-column elementor-element elementor-element-2923f96\" data-id=\"2923f96\" data-element_type=\"column\" data-e-type=\"column\">\n\t\t\t<div class=\"elementor-widget-wrap elementor-element-populated\">\n\t\t\t\t\t\t<div class=\"elementor-element elementor-element-804e048 elementor-widget elementor-widget-image\" data-id=\"804e048\" data-element_type=\"widget\" data-e-type=\"widget\" data-widget_type=\"image.default\">\n\t\t\t\t<div class=\"elementor-widget-container\">\n\t\t\t\t\t\t\t\t\t\t\t\t\t\t\t<span class=\"g5core__lazy-image\" style=\"--g5-lazy-image-width: 512px;--g5-lazy-image-height: 200%\"><img data-recalc-dims=\"1\" fetchpriority=\"high\" decoding=\"async\" width=\"512\" height=\"1024\" src=\"https:\/\/i0.wp.com\/nubkrte.org.mk\/wp-content\/plugins\/g5-core\/assets\/images\/placeholder-transparent.png?resize=512%2C1024&#038;ssl=1\" class=\"attachment-large size-large wp-image-5070 g5core__ll-image\" alt=\"\" data-src=\"https:\/\/i0.wp.com\/nubkrte.org.mk\/wp-content\/uploads\/2024\/03\/hello-Banner-Portrait-1.png?fit=512%2C1024&amp;ssl=1\" data-srcset=\"https:\/\/i0.wp.com\/nubkrte.org.mk\/wp-content\/uploads\/2024\/03\/hello-Banner-Portrait-1.png?w=864&amp;ssl=1 864w, https:\/\/i0.wp.com\/nubkrte.org.mk\/wp-content\/uploads\/2024\/03\/hello-Banner-Portrait-1.png?resize=150%2C300&amp;ssl=1 150w, https:\/\/i0.wp.com\/nubkrte.org.mk\/wp-content\/uploads\/2024\/03\/hello-Banner-Portrait-1.png?resize=512%2C1024&amp;ssl=1 512w, https:\/\/i0.wp.com\/nubkrte.org.mk\/wp-content\/uploads\/2024\/03\/hello-Banner-Portrait-1.png?resize=768%2C1536&amp;ssl=1 768w, https:\/\/i0.wp.com\/nubkrte.org.mk\/wp-content\/uploads\/2024\/03\/hello-Banner-Portrait-1.png?resize=6%2C12&amp;ssl=1 6w, https:\/\/i0.wp.com\/nubkrte.org.mk\/wp-content\/uploads\/2024\/03\/hello-Banner-Portrait-1.png?resize=600%2C1200&amp;ssl=1 600w\" data-sizes=\"(max-width: 512px) 100vw, 512px\" \/><\/span>\t\t\t\t\t\t\t\t\t\t\t\t\t\t\t<\/div>\n\t\t\t\t<\/div>\n\t\t\t\t\t<\/div>\n\t\t<\/div>\n\t\t\t\t\t<\/div>\n\t\t<\/section>\n\t\t\t\t<\/div>","protected":false},"excerpt":{"rendered":"<p>T\u00eb nderuar lexues, Jemi duke realizuar nj\u00eb anket\u00eb lidhur me procesin e pun\u00ebs n\u00eb bibliotek\u00eb. Anketa do t\u00eb jet\u00eb anonime, andaj ju lusim q\u00eb n\u00eb p\u00ebrgjigjet e juaja t\u00eb jeni [&hellip;]<\/p>\n","protected":false},"author":1,"featured_media":0,"parent":0,"menu_order":0,"comment_status":"closed","ping_status":"closed","template":"","meta":{"om_disable_all_campaigns":false,"footnotes":""},"class_list":["post-4461","page","type-page","status-publish","hentry"],"yoast_head":"<!-- This site is optimized with the Yoast SEO plugin v27.5 - https:\/\/yoast.com\/product\/yoast-seo-wordpress\/ -->\n<title>Anket\u00eb - Bibloteka e Tetoves<\/title>\n<meta name=\"robots\" content=\"index, follow, max-snippet:-1, max-image-preview:large, max-video-preview:-1\" \/>\n<link rel=\"canonical\" href=\"https:\/\/nubkrte.org.mk\/mk\/ankete\/\" \/>\n<meta property=\"og:locale\" content=\"mk_MK\" \/>\n<meta property=\"og:type\" content=\"article\" \/>\n<meta property=\"og:title\" content=\"Anket\u00eb - Bibloteka e Tetoves\" \/>\n<meta property=\"og:description\" content=\"T\u00eb nderuar lexues, Jemi duke realizuar nj\u00eb anket\u00eb lidhur me procesin e pun\u00ebs n\u00eb bibliotek\u00eb. Anketa do t\u00eb jet\u00eb anonime, andaj ju lusim q\u00eb n\u00eb p\u00ebrgjigjet e juaja t\u00eb jeni [&hellip;]\" \/>\n<meta property=\"og:url\" content=\"https:\/\/nubkrte.org.mk\/mk\/ankete\/\" \/>\n<meta property=\"og:site_name\" content=\"Bibloteka e Tetoves\" \/>\n<meta property=\"article:publisher\" content=\"https:\/\/www.facebook.com\/profile.php?id=100076155098032\" \/>\n<meta property=\"article:modified_time\" content=\"2024-03-15T23:28:44+00:00\" \/>\n<meta property=\"og:image\" content=\"https:\/\/nubkrte.org.mk\/wp-content\/uploads\/2024\/03\/hello-Banner-Portrait-1-512x1024.png\" \/>\n<meta name=\"twitter:card\" content=\"summary_large_image\" \/>\n<meta name=\"twitter:label1\" content=\"Est. reading time\" \/>\n\t<meta name=\"twitter:data1\" content=\"1 \u043c\u0438\u043d\u0443\u0442\u0430\" \/>\n<script type=\"application\/ld+json\" class=\"yoast-schema-graph\">{\"@context\":\"https:\\\/\\\/schema.org\",\"@graph\":[{\"@type\":\"WebPage\",\"@id\":\"https:\\\/\\\/nubkrte.org.mk\\\/ankete\\\/\",\"url\":\"https:\\\/\\\/nubkrte.org.mk\\\/ankete\\\/\",\"name\":\"Anket\u00eb - Bibloteka e Tetoves\",\"isPartOf\":{\"@id\":\"https:\\\/\\\/nubkrte.org.mk\\\/#website\"},\"primaryImageOfPage\":{\"@id\":\"https:\\\/\\\/nubkrte.org.mk\\\/ankete\\\/#primaryimage\"},\"image\":{\"@id\":\"https:\\\/\\\/nubkrte.org.mk\\\/ankete\\\/#primaryimage\"},\"thumbnailUrl\":\"https:\\\/\\\/nubkrte.org.mk\\\/wp-content\\\/uploads\\\/2024\\\/03\\\/hello-Banner-Portrait-1-512x1024.png\",\"datePublished\":\"2024-03-04T09:03:20+00:00\",\"dateModified\":\"2024-03-15T23:28:44+00:00\",\"breadcrumb\":{\"@id\":\"https:\\\/\\\/nubkrte.org.mk\\\/ankete\\\/#breadcrumb\"},\"inLanguage\":\"mk-MK\",\"potentialAction\":[{\"@type\":\"ReadAction\",\"target\":[\"https:\\\/\\\/nubkrte.org.mk\\\/ankete\\\/\"]}]},{\"@type\":\"ImageObject\",\"inLanguage\":\"mk-MK\",\"@id\":\"https:\\\/\\\/nubkrte.org.mk\\\/ankete\\\/#primaryimage\",\"url\":\"https:\\\/\\\/nubkrte.org.mk\\\/wp-content\\\/uploads\\\/2024\\\/03\\\/hello-Banner-Portrait-1-512x1024.png\",\"contentUrl\":\"https:\\\/\\\/nubkrte.org.mk\\\/wp-content\\\/uploads\\\/2024\\\/03\\\/hello-Banner-Portrait-1-512x1024.png\"},{\"@type\":\"BreadcrumbList\",\"@id\":\"https:\\\/\\\/nubkrte.org.mk\\\/ankete\\\/#breadcrumb\",\"itemListElement\":[{\"@type\":\"ListItem\",\"position\":1,\"name\":\"Home\",\"item\":\"https:\\\/\\\/nubkrte.org.mk\\\/\"},{\"@type\":\"ListItem\",\"position\":2,\"name\":\"Anket\u00eb\"}]},{\"@type\":\"WebSite\",\"@id\":\"https:\\\/\\\/nubkrte.org.mk\\\/#website\",\"url\":\"https:\\\/\\\/nubkrte.org.mk\\\/\",\"name\":\"Bibloteka e Tetoves\",\"description\":\"Bibloteka e Tetoves\",\"publisher\":{\"@id\":\"https:\\\/\\\/nubkrte.org.mk\\\/#organization\"},\"potentialAction\":[{\"@type\":\"SearchAction\",\"target\":{\"@type\":\"EntryPoint\",\"urlTemplate\":\"https:\\\/\\\/nubkrte.org.mk\\\/?s={search_term_string}\"},\"query-input\":{\"@type\":\"PropertyValueSpecification\",\"valueRequired\":true,\"valueName\":\"search_term_string\"}}],\"inLanguage\":\"mk-MK\"},{\"@type\":\"Organization\",\"@id\":\"https:\\\/\\\/nubkrte.org.mk\\\/#organization\",\"name\":\"Bibloteka e Tetoves\",\"url\":\"https:\\\/\\\/nubkrte.org.mk\\\/\",\"logo\":{\"@type\":\"ImageObject\",\"inLanguage\":\"mk-MK\",\"@id\":\"https:\\\/\\\/nubkrte.org.mk\\\/#\\\/schema\\\/logo\\\/image\\\/\",\"url\":\"https:\\\/\\\/i0.wp.com\\\/nubkrte.org.mk\\\/wp-content\\\/uploads\\\/2025\\\/04\\\/cropped-IMG-20250410-WA0013-removebg-preview.png?fit=476%2C80&ssl=1\",\"contentUrl\":\"https:\\\/\\\/i0.wp.com\\\/nubkrte.org.mk\\\/wp-content\\\/uploads\\\/2025\\\/04\\\/cropped-IMG-20250410-WA0013-removebg-preview.png?fit=476%2C80&ssl=1\",\"width\":476,\"height\":80,\"caption\":\"Bibloteka e Tetoves\"},\"image\":{\"@id\":\"https:\\\/\\\/nubkrte.org.mk\\\/#\\\/schema\\\/logo\\\/image\\\/\"},\"sameAs\":[\"https:\\\/\\\/www.facebook.com\\\/profile.php?id=100076155098032\"]}]}<\/script>\n<!-- \/ Yoast SEO plugin. -->","yoast_head_json":{"title":"Anket\u00eb - Bibloteka e Tetoves","robots":{"index":"index","follow":"follow","max-snippet":"max-snippet:-1","max-image-preview":"max-image-preview:large","max-video-preview":"max-video-preview:-1"},"canonical":"https:\/\/nubkrte.org.mk\/mk\/ankete\/","og_locale":"mk_MK","og_type":"article","og_title":"Anket\u00eb - Bibloteka e Tetoves","og_description":"T\u00eb nderuar lexues, Jemi duke realizuar nj\u00eb anket\u00eb lidhur me procesin e pun\u00ebs n\u00eb bibliotek\u00eb. Anketa do t\u00eb jet\u00eb anonime, andaj ju lusim q\u00eb n\u00eb p\u00ebrgjigjet e juaja t\u00eb jeni [&hellip;]","og_url":"https:\/\/nubkrte.org.mk\/mk\/ankete\/","og_site_name":"Bibloteka e Tetoves","article_publisher":"https:\/\/www.facebook.com\/profile.php?id=100076155098032","article_modified_time":"2024-03-15T23:28:44+00:00","og_image":[{"url":"https:\/\/nubkrte.org.mk\/wp-content\/uploads\/2024\/03\/hello-Banner-Portrait-1-512x1024.png","type":"","width":"","height":""}],"twitter_card":"summary_large_image","twitter_misc":{"Est. reading time":"1 \u043c\u0438\u043d\u0443\u0442\u0430"},"schema":{"@context":"https:\/\/schema.org","@graph":[{"@type":"WebPage","@id":"https:\/\/nubkrte.org.mk\/ankete\/","url":"https:\/\/nubkrte.org.mk\/ankete\/","name":"Anket\u00eb - Bibloteka e Tetoves","isPartOf":{"@id":"https:\/\/nubkrte.org.mk\/#website"},"primaryImageOfPage":{"@id":"https:\/\/nubkrte.org.mk\/ankete\/#primaryimage"},"image":{"@id":"https:\/\/nubkrte.org.mk\/ankete\/#primaryimage"},"thumbnailUrl":"https:\/\/nubkrte.org.mk\/wp-content\/uploads\/2024\/03\/hello-Banner-Portrait-1-512x1024.png","datePublished":"2024-03-04T09:03:20+00:00","dateModified":"2024-03-15T23:28:44+00:00","breadcrumb":{"@id":"https:\/\/nubkrte.org.mk\/ankete\/#breadcrumb"},"inLanguage":"mk-MK","potentialAction":[{"@type":"ReadAction","target":["https:\/\/nubkrte.org.mk\/ankete\/"]}]},{"@type":"ImageObject","inLanguage":"mk-MK","@id":"https:\/\/nubkrte.org.mk\/ankete\/#primaryimage","url":"https:\/\/nubkrte.org.mk\/wp-content\/uploads\/2024\/03\/hello-Banner-Portrait-1-512x1024.png","contentUrl":"https:\/\/nubkrte.org.mk\/wp-content\/uploads\/2024\/03\/hello-Banner-Portrait-1-512x1024.png"},{"@type":"BreadcrumbList","@id":"https:\/\/nubkrte.org.mk\/ankete\/#breadcrumb","itemListElement":[{"@type":"ListItem","position":1,"name":"Home","item":"https:\/\/nubkrte.org.mk\/"},{"@type":"ListItem","position":2,"name":"Anket\u00eb"}]},{"@type":"WebSite","@id":"https:\/\/nubkrte.org.mk\/#website","url":"https:\/\/nubkrte.org.mk\/","name":"Bibloteka e Tetoves","description":"Bibloteka e Tetoves","publisher":{"@id":"https:\/\/nubkrte.org.mk\/#organization"},"potentialAction":[{"@type":"SearchAction","target":{"@type":"EntryPoint","urlTemplate":"https:\/\/nubkrte.org.mk\/?s={search_term_string}"},"query-input":{"@type":"PropertyValueSpecification","valueRequired":true,"valueName":"search_term_string"}}],"inLanguage":"mk-MK"},{"@type":"Organization","@id":"https:\/\/nubkrte.org.mk\/#organization","name":"Bibloteka e Tetoves","url":"https:\/\/nubkrte.org.mk\/","logo":{"@type":"ImageObject","inLanguage":"mk-MK","@id":"https:\/\/nubkrte.org.mk\/#\/schema\/logo\/image\/","url":"https:\/\/i0.wp.com\/nubkrte.org.mk\/wp-content\/uploads\/2025\/04\/cropped-IMG-20250410-WA0013-removebg-preview.png?fit=476%2C80&ssl=1","contentUrl":"https:\/\/i0.wp.com\/nubkrte.org.mk\/wp-content\/uploads\/2025\/04\/cropped-IMG-20250410-WA0013-removebg-preview.png?fit=476%2C80&ssl=1","width":476,"height":80,"caption":"Bibloteka e Tetoves"},"image":{"@id":"https:\/\/nubkrte.org.mk\/#\/schema\/logo\/image\/"},"sameAs":["https:\/\/www.facebook.com\/profile.php?id=100076155098032"]}]}},"jetpack_sharing_enabled":true,"_links":{"self":[{"href":"https:\/\/nubkrte.org.mk\/mk\/wp-json\/wp\/v2\/pages\/4461","targetHints":{"allow":["GET"]}}],"collection":[{"href":"https:\/\/nubkrte.org.mk\/mk\/wp-json\/wp\/v2\/pages"}],"about":[{"href":"https:\/\/nubkrte.org.mk\/mk\/wp-json\/wp\/v2\/types\/page"}],"author":[{"embeddable":true,"href":"https:\/\/nubkrte.org.mk\/mk\/wp-json\/wp\/v2\/users\/1"}],"replies":[{"embeddable":true,"href":"https:\/\/nubkrte.org.mk\/mk\/wp-json\/wp\/v2\/comments?post=4461"}],"version-history":[{"count":7,"href":"https:\/\/nubkrte.org.mk\/mk\/wp-json\/wp\/v2\/pages\/4461\/revisions"}],"predecessor-version":[{"id":5118,"href":"https:\/\/nubkrte.org.mk\/mk\/wp-json\/wp\/v2\/pages\/4461\/revisions\/5118"}],"wp:attachment":[{"href":"https:\/\/nubkrte.org.mk\/mk\/wp-json\/wp\/v2\/media?parent=4461"}],"curies":[{"name":"wp","href":"https:\/\/api.w.org\/{rel}","templated":true}]}}