{"id":5194,"date":"2024-03-20T22:50:15","date_gmt":"2024-03-20T22:50:15","guid":{"rendered":"https:\/\/nubkrte.org.mk\/?post_type=product&#038;p=5194"},"modified":"2024-03-20T22:50:15","modified_gmt":"2024-03-20T22:50:15","slug":"zjarr-qe-digjet-ngadale","status":"publish","type":"product","link":"https:\/\/nubkrte.org.mk\/en\/product\/zjarr-qe-digjet-ngadale\/","title":{"rendered":"Zjarr qe digjet ngadale"},"content":{"rendered":"","protected":false},"excerpt":{"rendered":"<div dir=\"auto\">Kur nj\u00eb i ri gjendet i vrar\u00eb n\u00eb m\u00ebnyr\u00eb brutale n\u00eb nj\u00eb vark\u00eb-sht\u00ebpi n\u00eb Lond\u00ebr, kjo ngre dyshime p\u00ebr tri gra q\u00eb e njihnin at\u00eb.<\/div>\n<div dir=\"auto\">Laura e ka kaluar pjes\u00ebn m\u00eb t\u00eb madhe t\u00eb jet\u00ebs duke u gjykuar nga t\u00eb tjer\u00ebt. At\u00eb e njohin si gjaknxeht\u00eb, problematike dhe t\u00eb vetmuar. Madje disa e konsiderojn\u00eb edhe t\u00eb rrezikshme.<\/div>\n<div dir=\"auto\">Miriami \u00ebsht\u00eb e sigurt se, vet\u00ebm se Laura \u00ebsht\u00eb d\u00ebshmitarja e vetme q\u00eb u largua nga skena e nj\u00eb vrasjeje t\u00eb tmerrshme me gjak n\u00eb rroba, nuk do t\u00eb thot\u00eb se vras\u00ebsja \u00ebsht\u00eb ajo. P\u00ebrvoja e hidhur e ka m\u00ebsuar se sa e leht\u00eb \u00ebsht\u00eb t\u00eb t\u00eb kapin n\u00eb vendin e gabuar n\u00eb koh\u00ebn e gabuar.<\/div>","protected":false},"featured_media":5195,"template":"","meta":{"om_disable_all_campaigns":false},"product_brand":[],"product_cat":[15],"product_tag":[],"product_publisher":[130],"class_list":{"0":"post-5194","1":"product","2":"type-product","3":"status-publish","4":"has-post-thumbnail","6":"product_cat-te-pa-kategorizuara","7":"product_publisher-morava","9":"first","10":"instock","11":"shipping-taxable","12":"product-type-simple"},"yoast_head":"<!-- This site is optimized with the Yoast SEO plugin v27.4 - https:\/\/yoast.com\/product\/yoast-seo-wordpress\/ -->\n<title>Zjarr qe digjet ngadale - Bibloteka e Tetoves<\/title>\n<meta name=\"robots\" content=\"index, follow, max-snippet:-1, max-image-preview:large, max-video-preview:-1\" \/>\n<link rel=\"canonical\" href=\"https:\/\/nubkrte.org.mk\/en\/product\/zjarr-qe-digjet-ngadale\/\" \/>\n<meta property=\"og:locale\" content=\"en_US\" \/>\n<meta property=\"og:type\" content=\"article\" \/>\n<meta property=\"og:title\" content=\"Zjarr qe digjet ngadale - Bibloteka e Tetoves\" \/>\n<meta property=\"og:description\" content=\"Kur nj\u00eb i ri gjendet i vrar\u00eb n\u00eb m\u00ebnyr\u00eb brutale n\u00eb nj\u00eb vark\u00eb-sht\u00ebpi n\u00eb Lond\u00ebr, kjo ngre dyshime p\u00ebr tri gra q\u00eb e njihnin at\u00eb. Laura e ka kaluar pjes\u00ebn m\u00eb t\u00eb madhe t\u00eb jet\u00ebs duke u gjykuar nga t\u00eb tjer\u00ebt. At\u00eb e njohin si gjaknxeht\u00eb, problematike dhe t\u00eb vetmuar. Madje disa e konsiderojn\u00eb edhe t\u00eb rrezikshme. Miriami \u00ebsht\u00eb e sigurt se, vet\u00ebm se Laura \u00ebsht\u00eb d\u00ebshmitarja e vetme q\u00eb u largua nga skena e nj\u00eb vrasjeje t\u00eb tmerrshme me gjak n\u00eb rroba, nuk do t\u00eb thot\u00eb se vras\u00ebsja \u00ebsht\u00eb ajo. P\u00ebrvoja e hidhur e ka m\u00ebsuar se sa e leht\u00eb \u00ebsht\u00eb t\u00eb t\u00eb kapin n\u00eb vendin e gabuar n\u00eb koh\u00ebn e gabuar.\" \/>\n<meta property=\"og:url\" content=\"https:\/\/nubkrte.org.mk\/en\/product\/zjarr-qe-digjet-ngadale\/\" \/>\n<meta property=\"og:site_name\" content=\"Bibloteka e Tetoves\" \/>\n<meta property=\"article:publisher\" content=\"https:\/\/www.facebook.com\/profile.php?id=100076155098032\" \/>\n<meta property=\"og:image\" content=\"https:\/\/nubkrte.org.mk\/wp-content\/uploads\/2024\/03\/421878079_393674236514410_69159922681615889_n.jpg\" \/>\n\t<meta property=\"og:image:width\" content=\"1000\" \/>\n\t<meta property=\"og:image:height\" content=\"1472\" \/>\n\t<meta property=\"og:image:type\" content=\"image\/jpeg\" \/>\n<meta name=\"twitter:card\" content=\"summary_large_image\" \/>\n<meta name=\"twitter:label1\" content=\"Est. reading time\" \/>\n\t<meta name=\"twitter:data1\" content=\"1 minute\" \/>\n<script type=\"application\/ld+json\" class=\"yoast-schema-graph\">{\"@context\":\"https:\\\/\\\/schema.org\",\"@graph\":[{\"@type\":\"WebPage\",\"@id\":\"https:\\\/\\\/nubkrte.org.mk\\\/product\\\/zjarr-qe-digjet-ngadale\\\/\",\"url\":\"https:\\\/\\\/nubkrte.org.mk\\\/product\\\/zjarr-qe-digjet-ngadale\\\/\",\"name\":\"Zjarr qe digjet ngadale - Bibloteka e Tetoves\",\"isPartOf\":{\"@id\":\"https:\\\/\\\/nubkrte.org.mk\\\/#website\"},\"primaryImageOfPage\":{\"@id\":\"https:\\\/\\\/nubkrte.org.mk\\\/product\\\/zjarr-qe-digjet-ngadale\\\/#primaryimage\"},\"image\":{\"@id\":\"https:\\\/\\\/nubkrte.org.mk\\\/product\\\/zjarr-qe-digjet-ngadale\\\/#primaryimage\"},\"thumbnailUrl\":\"https:\\\/\\\/i0.wp.com\\\/nubkrte.org.mk\\\/wp-content\\\/uploads\\\/2024\\\/03\\\/421878079_393674236514410_69159922681615889_n.jpg?fit=1000%2C1472&ssl=1\",\"datePublished\":\"2024-03-20T22:50:15+00:00\",\"breadcrumb\":{\"@id\":\"https:\\\/\\\/nubkrte.org.mk\\\/product\\\/zjarr-qe-digjet-ngadale\\\/#breadcrumb\"},\"inLanguage\":\"en-US\",\"potentialAction\":[{\"@type\":\"ReadAction\",\"target\":[\"https:\\\/\\\/nubkrte.org.mk\\\/product\\\/zjarr-qe-digjet-ngadale\\\/\"]}]},{\"@type\":\"ImageObject\",\"inLanguage\":\"en-US\",\"@id\":\"https:\\\/\\\/nubkrte.org.mk\\\/product\\\/zjarr-qe-digjet-ngadale\\\/#primaryimage\",\"url\":\"https:\\\/\\\/i0.wp.com\\\/nubkrte.org.mk\\\/wp-content\\\/uploads\\\/2024\\\/03\\\/421878079_393674236514410_69159922681615889_n.jpg?fit=1000%2C1472&ssl=1\",\"contentUrl\":\"https:\\\/\\\/i0.wp.com\\\/nubkrte.org.mk\\\/wp-content\\\/uploads\\\/2024\\\/03\\\/421878079_393674236514410_69159922681615889_n.jpg?fit=1000%2C1472&ssl=1\",\"width\":1000,\"height\":1472},{\"@type\":\"BreadcrumbList\",\"@id\":\"https:\\\/\\\/nubkrte.org.mk\\\/product\\\/zjarr-qe-digjet-ngadale\\\/#breadcrumb\",\"itemListElement\":[{\"@type\":\"ListItem\",\"position\":1,\"name\":\"Home\",\"item\":\"https:\\\/\\\/nubkrte.org.mk\\\/\"},{\"@type\":\"ListItem\",\"position\":2,\"name\":\"Produkte\",\"item\":\"https:\\\/\\\/nubkrte.org.mk\\\/shop\\\/\"},{\"@type\":\"ListItem\",\"position\":3,\"name\":\"Zjarr qe digjet ngadale\"}]},{\"@type\":\"WebSite\",\"@id\":\"https:\\\/\\\/nubkrte.org.mk\\\/#website\",\"url\":\"https:\\\/\\\/nubkrte.org.mk\\\/\",\"name\":\"Bibloteka e Tetoves\",\"description\":\"Bibloteka e Tetoves\",\"publisher\":{\"@id\":\"https:\\\/\\\/nubkrte.org.mk\\\/#organization\"},\"potentialAction\":[{\"@type\":\"SearchAction\",\"target\":{\"@type\":\"EntryPoint\",\"urlTemplate\":\"https:\\\/\\\/nubkrte.org.mk\\\/?s={search_term_string}\"},\"query-input\":{\"@type\":\"PropertyValueSpecification\",\"valueRequired\":true,\"valueName\":\"search_term_string\"}}],\"inLanguage\":\"en-US\"},{\"@type\":\"Organization\",\"@id\":\"https:\\\/\\\/nubkrte.org.mk\\\/#organization\",\"name\":\"Bibloteka e Tetoves\",\"url\":\"https:\\\/\\\/nubkrte.org.mk\\\/\",\"logo\":{\"@type\":\"ImageObject\",\"inLanguage\":\"en-US\",\"@id\":\"https:\\\/\\\/nubkrte.org.mk\\\/#\\\/schema\\\/logo\\\/image\\\/\",\"url\":\"https:\\\/\\\/i0.wp.com\\\/nubkrte.org.mk\\\/wp-content\\\/uploads\\\/2025\\\/04\\\/cropped-IMG-20250410-WA0013-removebg-preview.png?fit=476%2C80&ssl=1\",\"contentUrl\":\"https:\\\/\\\/i0.wp.com\\\/nubkrte.org.mk\\\/wp-content\\\/uploads\\\/2025\\\/04\\\/cropped-IMG-20250410-WA0013-removebg-preview.png?fit=476%2C80&ssl=1\",\"width\":476,\"height\":80,\"caption\":\"Bibloteka e Tetoves\"},\"image\":{\"@id\":\"https:\\\/\\\/nubkrte.org.mk\\\/#\\\/schema\\\/logo\\\/image\\\/\"},\"sameAs\":[\"https:\\\/\\\/www.facebook.com\\\/profile.php?id=100076155098032\"]}]}<\/script>\n<!-- \/ Yoast SEO plugin. -->","yoast_head_json":{"title":"Zjarr qe digjet ngadale - Bibloteka e Tetoves","robots":{"index":"index","follow":"follow","max-snippet":"max-snippet:-1","max-image-preview":"max-image-preview:large","max-video-preview":"max-video-preview:-1"},"canonical":"https:\/\/nubkrte.org.mk\/en\/product\/zjarr-qe-digjet-ngadale\/","og_locale":"en_US","og_type":"article","og_title":"Zjarr qe digjet ngadale - Bibloteka e Tetoves","og_description":"Kur nj\u00eb i ri gjendet i vrar\u00eb n\u00eb m\u00ebnyr\u00eb brutale n\u00eb nj\u00eb vark\u00eb-sht\u00ebpi n\u00eb Lond\u00ebr, kjo ngre dyshime p\u00ebr tri gra q\u00eb e njihnin at\u00eb. Laura e ka kaluar pjes\u00ebn m\u00eb t\u00eb madhe t\u00eb jet\u00ebs duke u gjykuar nga t\u00eb tjer\u00ebt. At\u00eb e njohin si gjaknxeht\u00eb, problematike dhe t\u00eb vetmuar. Madje disa e konsiderojn\u00eb edhe t\u00eb rrezikshme. Miriami \u00ebsht\u00eb e sigurt se, vet\u00ebm se Laura \u00ebsht\u00eb d\u00ebshmitarja e vetme q\u00eb u largua nga skena e nj\u00eb vrasjeje t\u00eb tmerrshme me gjak n\u00eb rroba, nuk do t\u00eb thot\u00eb se vras\u00ebsja \u00ebsht\u00eb ajo. P\u00ebrvoja e hidhur e ka m\u00ebsuar se sa e leht\u00eb \u00ebsht\u00eb t\u00eb t\u00eb kapin n\u00eb vendin e gabuar n\u00eb koh\u00ebn e gabuar.","og_url":"https:\/\/nubkrte.org.mk\/en\/product\/zjarr-qe-digjet-ngadale\/","og_site_name":"Bibloteka e Tetoves","article_publisher":"https:\/\/www.facebook.com\/profile.php?id=100076155098032","og_image":[{"width":1000,"height":1472,"url":"https:\/\/nubkrte.org.mk\/wp-content\/uploads\/2024\/03\/421878079_393674236514410_69159922681615889_n.jpg","type":"image\/jpeg"}],"twitter_card":"summary_large_image","twitter_misc":{"Est. reading time":"1 minute"},"schema":{"@context":"https:\/\/schema.org","@graph":[{"@type":"WebPage","@id":"https:\/\/nubkrte.org.mk\/product\/zjarr-qe-digjet-ngadale\/","url":"https:\/\/nubkrte.org.mk\/product\/zjarr-qe-digjet-ngadale\/","name":"Zjarr qe digjet ngadale - Bibloteka e Tetoves","isPartOf":{"@id":"https:\/\/nubkrte.org.mk\/#website"},"primaryImageOfPage":{"@id":"https:\/\/nubkrte.org.mk\/product\/zjarr-qe-digjet-ngadale\/#primaryimage"},"image":{"@id":"https:\/\/nubkrte.org.mk\/product\/zjarr-qe-digjet-ngadale\/#primaryimage"},"thumbnailUrl":"https:\/\/i0.wp.com\/nubkrte.org.mk\/wp-content\/uploads\/2024\/03\/421878079_393674236514410_69159922681615889_n.jpg?fit=1000%2C1472&ssl=1","datePublished":"2024-03-20T22:50:15+00:00","breadcrumb":{"@id":"https:\/\/nubkrte.org.mk\/product\/zjarr-qe-digjet-ngadale\/#breadcrumb"},"inLanguage":"en-US","potentialAction":[{"@type":"ReadAction","target":["https:\/\/nubkrte.org.mk\/product\/zjarr-qe-digjet-ngadale\/"]}]},{"@type":"ImageObject","inLanguage":"en-US","@id":"https:\/\/nubkrte.org.mk\/product\/zjarr-qe-digjet-ngadale\/#primaryimage","url":"https:\/\/i0.wp.com\/nubkrte.org.mk\/wp-content\/uploads\/2024\/03\/421878079_393674236514410_69159922681615889_n.jpg?fit=1000%2C1472&ssl=1","contentUrl":"https:\/\/i0.wp.com\/nubkrte.org.mk\/wp-content\/uploads\/2024\/03\/421878079_393674236514410_69159922681615889_n.jpg?fit=1000%2C1472&ssl=1","width":1000,"height":1472},{"@type":"BreadcrumbList","@id":"https:\/\/nubkrte.org.mk\/product\/zjarr-qe-digjet-ngadale\/#breadcrumb","itemListElement":[{"@type":"ListItem","position":1,"name":"Home","item":"https:\/\/nubkrte.org.mk\/"},{"@type":"ListItem","position":2,"name":"Produkte","item":"https:\/\/nubkrte.org.mk\/shop\/"},{"@type":"ListItem","position":3,"name":"Zjarr qe digjet ngadale"}]},{"@type":"WebSite","@id":"https:\/\/nubkrte.org.mk\/#website","url":"https:\/\/nubkrte.org.mk\/","name":"Bibloteka e Tetoves","description":"Bibloteka e Tetoves","publisher":{"@id":"https:\/\/nubkrte.org.mk\/#organization"},"potentialAction":[{"@type":"SearchAction","target":{"@type":"EntryPoint","urlTemplate":"https:\/\/nubkrte.org.mk\/?s={search_term_string}"},"query-input":{"@type":"PropertyValueSpecification","valueRequired":true,"valueName":"search_term_string"}}],"inLanguage":"en-US"},{"@type":"Organization","@id":"https:\/\/nubkrte.org.mk\/#organization","name":"Bibloteka e Tetoves","url":"https:\/\/nubkrte.org.mk\/","logo":{"@type":"ImageObject","inLanguage":"en-US","@id":"https:\/\/nubkrte.org.mk\/#\/schema\/logo\/image\/","url":"https:\/\/i0.wp.com\/nubkrte.org.mk\/wp-content\/uploads\/2025\/04\/cropped-IMG-20250410-WA0013-removebg-preview.png?fit=476%2C80&ssl=1","contentUrl":"https:\/\/i0.wp.com\/nubkrte.org.mk\/wp-content\/uploads\/2025\/04\/cropped-IMG-20250410-WA0013-removebg-preview.png?fit=476%2C80&ssl=1","width":476,"height":80,"caption":"Bibloteka e Tetoves"},"image":{"@id":"https:\/\/nubkrte.org.mk\/#\/schema\/logo\/image\/"},"sameAs":["https:\/\/www.facebook.com\/profile.php?id=100076155098032"]}]}},"jetpack_sharing_enabled":true,"_links":{"self":[{"href":"https:\/\/nubkrte.org.mk\/en\/wp-json\/wp\/v2\/product\/5194","targetHints":{"allow":["GET"]}}],"collection":[{"href":"https:\/\/nubkrte.org.mk\/en\/wp-json\/wp\/v2\/product"}],"about":[{"href":"https:\/\/nubkrte.org.mk\/en\/wp-json\/wp\/v2\/types\/product"}],"version-history":[{"count":1,"href":"https:\/\/nubkrte.org.mk\/en\/wp-json\/wp\/v2\/product\/5194\/revisions"}],"predecessor-version":[{"id":5196,"href":"https:\/\/nubkrte.org.mk\/en\/wp-json\/wp\/v2\/product\/5194\/revisions\/5196"}],"wp:featuredmedia":[{"embeddable":true,"href":"https:\/\/nubkrte.org.mk\/en\/wp-json\/wp\/v2\/media\/5195"}],"wp:attachment":[{"href":"https:\/\/nubkrte.org.mk\/en\/wp-json\/wp\/v2\/media?parent=5194"}],"wp:term":[{"taxonomy":"product_brand","embeddable":true,"href":"https:\/\/nubkrte.org.mk\/en\/wp-json\/wp\/v2\/product_brand?post=5194"},{"taxonomy":"product_cat","embeddable":true,"href":"https:\/\/nubkrte.org.mk\/en\/wp-json\/wp\/v2\/product_cat?post=5194"},{"taxonomy":"product_tag","embeddable":true,"href":"https:\/\/nubkrte.org.mk\/en\/wp-json\/wp\/v2\/product_tag?post=5194"},{"taxonomy":"product_publisher","embeddable":true,"href":"https:\/\/nubkrte.org.mk\/en\/wp-json\/wp\/v2\/product_publisher?post=5194"}],"curies":[{"name":"wp","href":"https:\/\/api.w.org\/{rel}","templated":true}]}}