{"id":5189,"date":"2024-03-20T22:45:03","date_gmt":"2024-03-20T22:45:03","guid":{"rendered":"https:\/\/nubkrte.org.mk\/?post_type=product&#038;p=5189"},"modified":"2024-03-20T22:45:03","modified_gmt":"2024-03-20T22:45:03","slug":"mos-ia-thuaj-askujt","status":"publish","type":"product","link":"https:\/\/nubkrte.org.mk\/en\/product\/mos-ia-thuaj-askujt\/","title":{"rendered":"Mos ia thuaj askujt"},"content":{"rendered":"","protected":false},"excerpt":{"rendered":"<p>Eleri nuk ka qen\u00eb m\u00eb par\u00eb n\u00eb Eko Rixh, por ka d\u00ebgjuar gjith\u00e7ka p\u00ebr t\u00eb. \u00cbsht\u00eb vendi ku tezja e saj u zhduk n\u00eb mosh\u00ebn gjasht\u00ebmb\u00ebdhjet\u00ebvje\u00e7are, p\u00ebr t\u00eb mos u kthyer kurr\u00eb m\u00eb: Ku vrasja e nj\u00eb mbret\u00ebreshe t\u00eb ballos pes\u00eb vjet m\u00eb par\u00eb u b\u00eb lajm komb\u00ebtar. Dhe tani ajo duhet t\u00eb jetoj\u00eb atje me gjyshen thuajse t\u00eb panjohur, pasi e \u00ebma shkon n\u00eb rehabilitim.<\/p>\n<p>Malkolmi u rrit n\u00ebn hijen e vdekjes s\u00eb mbret\u00ebresh\u00ebs s\u00eb ballos. V\u00ebllai i tij m\u00eb i madh ishte i dyshuari kryesor dhe u largua me turp nga Eko Rixhi.<\/p>","protected":false},"featured_media":5190,"template":"","meta":{"om_disable_all_campaigns":false},"product_brand":[],"product_cat":[15],"product_tag":[],"product_publisher":[129],"class_list":{"0":"post-5189","1":"product","2":"type-product","3":"status-publish","4":"has-post-thumbnail","6":"product_cat-te-pa-kategorizuara","7":"product_publisher-botimet-dritan","9":"first","10":"instock","11":"shipping-taxable","12":"product-type-simple"},"yoast_head":"<!-- This site is optimized with the Yoast SEO plugin v27.4 - https:\/\/yoast.com\/product\/yoast-seo-wordpress\/ -->\n<title>Mos ia thuaj askujt - Bibloteka e Tetoves<\/title>\n<meta name=\"robots\" content=\"index, follow, max-snippet:-1, max-image-preview:large, max-video-preview:-1\" \/>\n<link rel=\"canonical\" href=\"https:\/\/nubkrte.org.mk\/en\/product\/mos-ia-thuaj-askujt\/\" \/>\n<meta property=\"og:locale\" content=\"en_US\" \/>\n<meta property=\"og:type\" content=\"article\" \/>\n<meta property=\"og:title\" content=\"Mos ia thuaj askujt - Bibloteka e Tetoves\" \/>\n<meta property=\"og:description\" content=\"Eleri nuk ka qen\u00eb m\u00eb par\u00eb n\u00eb Eko Rixh, por ka d\u00ebgjuar gjith\u00e7ka p\u00ebr t\u00eb. \u00cbsht\u00eb vendi ku tezja e saj u zhduk n\u00eb mosh\u00ebn gjasht\u00ebmb\u00ebdhjet\u00ebvje\u00e7are, p\u00ebr t\u00eb mos u kthyer kurr\u00eb m\u00eb: Ku vrasja e nj\u00eb mbret\u00ebreshe t\u00eb ballos pes\u00eb vjet m\u00eb par\u00eb u b\u00eb lajm komb\u00ebtar. Dhe tani ajo duhet t\u00eb jetoj\u00eb atje me gjyshen thuajse t\u00eb panjohur, pasi e \u00ebma shkon n\u00eb rehabilitim.  Malkolmi u rrit n\u00ebn hijen e vdekjes s\u00eb mbret\u00ebresh\u00ebs s\u00eb ballos. V\u00ebllai i tij m\u00eb i madh ishte i dyshuari kryesor dhe u largua me turp nga Eko Rixhi.\" \/>\n<meta property=\"og:url\" content=\"https:\/\/nubkrte.org.mk\/en\/product\/mos-ia-thuaj-askujt\/\" \/>\n<meta property=\"og:site_name\" content=\"Bibloteka e Tetoves\" \/>\n<meta property=\"article:publisher\" content=\"https:\/\/www.facebook.com\/profile.php?id=100076155098032\" \/>\n<meta property=\"og:image\" content=\"https:\/\/nubkrte.org.mk\/wp-content\/uploads\/2024\/03\/421878774_393675519847615_3447904959666712463_n.jpg\" \/>\n\t<meta property=\"og:image:width\" content=\"1000\" \/>\n\t<meta property=\"og:image:height\" content=\"1445\" \/>\n\t<meta property=\"og:image:type\" content=\"image\/jpeg\" \/>\n<meta name=\"twitter:card\" content=\"summary_large_image\" \/>\n<meta name=\"twitter:label1\" content=\"Est. reading time\" \/>\n\t<meta name=\"twitter:data1\" content=\"1 minute\" \/>\n<script type=\"application\/ld+json\" class=\"yoast-schema-graph\">{\"@context\":\"https:\\\/\\\/schema.org\",\"@graph\":[{\"@type\":\"WebPage\",\"@id\":\"https:\\\/\\\/nubkrte.org.mk\\\/product\\\/mos-ia-thuaj-askujt\\\/\",\"url\":\"https:\\\/\\\/nubkrte.org.mk\\\/product\\\/mos-ia-thuaj-askujt\\\/\",\"name\":\"Mos ia thuaj askujt - Bibloteka e Tetoves\",\"isPartOf\":{\"@id\":\"https:\\\/\\\/nubkrte.org.mk\\\/#website\"},\"primaryImageOfPage\":{\"@id\":\"https:\\\/\\\/nubkrte.org.mk\\\/product\\\/mos-ia-thuaj-askujt\\\/#primaryimage\"},\"image\":{\"@id\":\"https:\\\/\\\/nubkrte.org.mk\\\/product\\\/mos-ia-thuaj-askujt\\\/#primaryimage\"},\"thumbnailUrl\":\"https:\\\/\\\/i0.wp.com\\\/nubkrte.org.mk\\\/wp-content\\\/uploads\\\/2024\\\/03\\\/421878774_393675519847615_3447904959666712463_n.jpg?fit=1000%2C1445&ssl=1\",\"datePublished\":\"2024-03-20T22:45:03+00:00\",\"breadcrumb\":{\"@id\":\"https:\\\/\\\/nubkrte.org.mk\\\/product\\\/mos-ia-thuaj-askujt\\\/#breadcrumb\"},\"inLanguage\":\"en-US\",\"potentialAction\":[{\"@type\":\"ReadAction\",\"target\":[\"https:\\\/\\\/nubkrte.org.mk\\\/product\\\/mos-ia-thuaj-askujt\\\/\"]}]},{\"@type\":\"ImageObject\",\"inLanguage\":\"en-US\",\"@id\":\"https:\\\/\\\/nubkrte.org.mk\\\/product\\\/mos-ia-thuaj-askujt\\\/#primaryimage\",\"url\":\"https:\\\/\\\/i0.wp.com\\\/nubkrte.org.mk\\\/wp-content\\\/uploads\\\/2024\\\/03\\\/421878774_393675519847615_3447904959666712463_n.jpg?fit=1000%2C1445&ssl=1\",\"contentUrl\":\"https:\\\/\\\/i0.wp.com\\\/nubkrte.org.mk\\\/wp-content\\\/uploads\\\/2024\\\/03\\\/421878774_393675519847615_3447904959666712463_n.jpg?fit=1000%2C1445&ssl=1\",\"width\":1000,\"height\":1445},{\"@type\":\"BreadcrumbList\",\"@id\":\"https:\\\/\\\/nubkrte.org.mk\\\/product\\\/mos-ia-thuaj-askujt\\\/#breadcrumb\",\"itemListElement\":[{\"@type\":\"ListItem\",\"position\":1,\"name\":\"Home\",\"item\":\"https:\\\/\\\/nubkrte.org.mk\\\/\"},{\"@type\":\"ListItem\",\"position\":2,\"name\":\"Produkte\",\"item\":\"https:\\\/\\\/nubkrte.org.mk\\\/shop\\\/\"},{\"@type\":\"ListItem\",\"position\":3,\"name\":\"Mos ia thuaj askujt\"}]},{\"@type\":\"WebSite\",\"@id\":\"https:\\\/\\\/nubkrte.org.mk\\\/#website\",\"url\":\"https:\\\/\\\/nubkrte.org.mk\\\/\",\"name\":\"Bibloteka e Tetoves\",\"description\":\"Bibloteka e Tetoves\",\"publisher\":{\"@id\":\"https:\\\/\\\/nubkrte.org.mk\\\/#organization\"},\"potentialAction\":[{\"@type\":\"SearchAction\",\"target\":{\"@type\":\"EntryPoint\",\"urlTemplate\":\"https:\\\/\\\/nubkrte.org.mk\\\/?s={search_term_string}\"},\"query-input\":{\"@type\":\"PropertyValueSpecification\",\"valueRequired\":true,\"valueName\":\"search_term_string\"}}],\"inLanguage\":\"en-US\"},{\"@type\":\"Organization\",\"@id\":\"https:\\\/\\\/nubkrte.org.mk\\\/#organization\",\"name\":\"Bibloteka e Tetoves\",\"url\":\"https:\\\/\\\/nubkrte.org.mk\\\/\",\"logo\":{\"@type\":\"ImageObject\",\"inLanguage\":\"en-US\",\"@id\":\"https:\\\/\\\/nubkrte.org.mk\\\/#\\\/schema\\\/logo\\\/image\\\/\",\"url\":\"https:\\\/\\\/i0.wp.com\\\/nubkrte.org.mk\\\/wp-content\\\/uploads\\\/2025\\\/04\\\/cropped-IMG-20250410-WA0013-removebg-preview.png?fit=476%2C80&ssl=1\",\"contentUrl\":\"https:\\\/\\\/i0.wp.com\\\/nubkrte.org.mk\\\/wp-content\\\/uploads\\\/2025\\\/04\\\/cropped-IMG-20250410-WA0013-removebg-preview.png?fit=476%2C80&ssl=1\",\"width\":476,\"height\":80,\"caption\":\"Bibloteka e Tetoves\"},\"image\":{\"@id\":\"https:\\\/\\\/nubkrte.org.mk\\\/#\\\/schema\\\/logo\\\/image\\\/\"},\"sameAs\":[\"https:\\\/\\\/www.facebook.com\\\/profile.php?id=100076155098032\"]}]}<\/script>\n<!-- \/ Yoast SEO plugin. -->","yoast_head_json":{"title":"Mos ia thuaj askujt - Bibloteka e Tetoves","robots":{"index":"index","follow":"follow","max-snippet":"max-snippet:-1","max-image-preview":"max-image-preview:large","max-video-preview":"max-video-preview:-1"},"canonical":"https:\/\/nubkrte.org.mk\/en\/product\/mos-ia-thuaj-askujt\/","og_locale":"en_US","og_type":"article","og_title":"Mos ia thuaj askujt - Bibloteka e Tetoves","og_description":"Eleri nuk ka qen\u00eb m\u00eb par\u00eb n\u00eb Eko Rixh, por ka d\u00ebgjuar gjith\u00e7ka p\u00ebr t\u00eb. \u00cbsht\u00eb vendi ku tezja e saj u zhduk n\u00eb mosh\u00ebn gjasht\u00ebmb\u00ebdhjet\u00ebvje\u00e7are, p\u00ebr t\u00eb mos u kthyer kurr\u00eb m\u00eb: Ku vrasja e nj\u00eb mbret\u00ebreshe t\u00eb ballos pes\u00eb vjet m\u00eb par\u00eb u b\u00eb lajm komb\u00ebtar. Dhe tani ajo duhet t\u00eb jetoj\u00eb atje me gjyshen thuajse t\u00eb panjohur, pasi e \u00ebma shkon n\u00eb rehabilitim.  Malkolmi u rrit n\u00ebn hijen e vdekjes s\u00eb mbret\u00ebresh\u00ebs s\u00eb ballos. V\u00ebllai i tij m\u00eb i madh ishte i dyshuari kryesor dhe u largua me turp nga Eko Rixhi.","og_url":"https:\/\/nubkrte.org.mk\/en\/product\/mos-ia-thuaj-askujt\/","og_site_name":"Bibloteka e Tetoves","article_publisher":"https:\/\/www.facebook.com\/profile.php?id=100076155098032","og_image":[{"width":1000,"height":1445,"url":"https:\/\/nubkrte.org.mk\/wp-content\/uploads\/2024\/03\/421878774_393675519847615_3447904959666712463_n.jpg","type":"image\/jpeg"}],"twitter_card":"summary_large_image","twitter_misc":{"Est. reading time":"1 minute"},"schema":{"@context":"https:\/\/schema.org","@graph":[{"@type":"WebPage","@id":"https:\/\/nubkrte.org.mk\/product\/mos-ia-thuaj-askujt\/","url":"https:\/\/nubkrte.org.mk\/product\/mos-ia-thuaj-askujt\/","name":"Mos ia thuaj askujt - Bibloteka e Tetoves","isPartOf":{"@id":"https:\/\/nubkrte.org.mk\/#website"},"primaryImageOfPage":{"@id":"https:\/\/nubkrte.org.mk\/product\/mos-ia-thuaj-askujt\/#primaryimage"},"image":{"@id":"https:\/\/nubkrte.org.mk\/product\/mos-ia-thuaj-askujt\/#primaryimage"},"thumbnailUrl":"https:\/\/i0.wp.com\/nubkrte.org.mk\/wp-content\/uploads\/2024\/03\/421878774_393675519847615_3447904959666712463_n.jpg?fit=1000%2C1445&ssl=1","datePublished":"2024-03-20T22:45:03+00:00","breadcrumb":{"@id":"https:\/\/nubkrte.org.mk\/product\/mos-ia-thuaj-askujt\/#breadcrumb"},"inLanguage":"en-US","potentialAction":[{"@type":"ReadAction","target":["https:\/\/nubkrte.org.mk\/product\/mos-ia-thuaj-askujt\/"]}]},{"@type":"ImageObject","inLanguage":"en-US","@id":"https:\/\/nubkrte.org.mk\/product\/mos-ia-thuaj-askujt\/#primaryimage","url":"https:\/\/i0.wp.com\/nubkrte.org.mk\/wp-content\/uploads\/2024\/03\/421878774_393675519847615_3447904959666712463_n.jpg?fit=1000%2C1445&ssl=1","contentUrl":"https:\/\/i0.wp.com\/nubkrte.org.mk\/wp-content\/uploads\/2024\/03\/421878774_393675519847615_3447904959666712463_n.jpg?fit=1000%2C1445&ssl=1","width":1000,"height":1445},{"@type":"BreadcrumbList","@id":"https:\/\/nubkrte.org.mk\/product\/mos-ia-thuaj-askujt\/#breadcrumb","itemListElement":[{"@type":"ListItem","position":1,"name":"Home","item":"https:\/\/nubkrte.org.mk\/"},{"@type":"ListItem","position":2,"name":"Produkte","item":"https:\/\/nubkrte.org.mk\/shop\/"},{"@type":"ListItem","position":3,"name":"Mos ia thuaj askujt"}]},{"@type":"WebSite","@id":"https:\/\/nubkrte.org.mk\/#website","url":"https:\/\/nubkrte.org.mk\/","name":"Bibloteka e Tetoves","description":"Bibloteka e Tetoves","publisher":{"@id":"https:\/\/nubkrte.org.mk\/#organization"},"potentialAction":[{"@type":"SearchAction","target":{"@type":"EntryPoint","urlTemplate":"https:\/\/nubkrte.org.mk\/?s={search_term_string}"},"query-input":{"@type":"PropertyValueSpecification","valueRequired":true,"valueName":"search_term_string"}}],"inLanguage":"en-US"},{"@type":"Organization","@id":"https:\/\/nubkrte.org.mk\/#organization","name":"Bibloteka e Tetoves","url":"https:\/\/nubkrte.org.mk\/","logo":{"@type":"ImageObject","inLanguage":"en-US","@id":"https:\/\/nubkrte.org.mk\/#\/schema\/logo\/image\/","url":"https:\/\/i0.wp.com\/nubkrte.org.mk\/wp-content\/uploads\/2025\/04\/cropped-IMG-20250410-WA0013-removebg-preview.png?fit=476%2C80&ssl=1","contentUrl":"https:\/\/i0.wp.com\/nubkrte.org.mk\/wp-content\/uploads\/2025\/04\/cropped-IMG-20250410-WA0013-removebg-preview.png?fit=476%2C80&ssl=1","width":476,"height":80,"caption":"Bibloteka e Tetoves"},"image":{"@id":"https:\/\/nubkrte.org.mk\/#\/schema\/logo\/image\/"},"sameAs":["https:\/\/www.facebook.com\/profile.php?id=100076155098032"]}]}},"jetpack_sharing_enabled":true,"_links":{"self":[{"href":"https:\/\/nubkrte.org.mk\/en\/wp-json\/wp\/v2\/product\/5189","targetHints":{"allow":["GET"]}}],"collection":[{"href":"https:\/\/nubkrte.org.mk\/en\/wp-json\/wp\/v2\/product"}],"about":[{"href":"https:\/\/nubkrte.org.mk\/en\/wp-json\/wp\/v2\/types\/product"}],"version-history":[{"count":1,"href":"https:\/\/nubkrte.org.mk\/en\/wp-json\/wp\/v2\/product\/5189\/revisions"}],"predecessor-version":[{"id":5191,"href":"https:\/\/nubkrte.org.mk\/en\/wp-json\/wp\/v2\/product\/5189\/revisions\/5191"}],"wp:featuredmedia":[{"embeddable":true,"href":"https:\/\/nubkrte.org.mk\/en\/wp-json\/wp\/v2\/media\/5190"}],"wp:attachment":[{"href":"https:\/\/nubkrte.org.mk\/en\/wp-json\/wp\/v2\/media?parent=5189"}],"wp:term":[{"taxonomy":"product_brand","embeddable":true,"href":"https:\/\/nubkrte.org.mk\/en\/wp-json\/wp\/v2\/product_brand?post=5189"},{"taxonomy":"product_cat","embeddable":true,"href":"https:\/\/nubkrte.org.mk\/en\/wp-json\/wp\/v2\/product_cat?post=5189"},{"taxonomy":"product_tag","embeddable":true,"href":"https:\/\/nubkrte.org.mk\/en\/wp-json\/wp\/v2\/product_tag?post=5189"},{"taxonomy":"product_publisher","embeddable":true,"href":"https:\/\/nubkrte.org.mk\/en\/wp-json\/wp\/v2\/product_publisher?post=5189"}],"curies":[{"name":"wp","href":"https:\/\/api.w.org\/{rel}","templated":true}]}}