{"id":5181,"date":"2024-03-20T22:40:34","date_gmt":"2024-03-20T22:40:34","guid":{"rendered":"https:\/\/nubkrte.org.mk\/?post_type=product&#038;p=5181"},"modified":"2024-03-20T22:40:34","modified_gmt":"2024-03-20T22:40:34","slug":"kurren-e-kurres","status":"publish","type":"product","link":"https:\/\/nubkrte.org.mk\/en\/product\/kurren-e-kurres\/","title":{"rendered":"Kurr\u00ebn e Kurr\u00ebs"},"content":{"rendered":"","protected":false},"excerpt":{"rendered":"<p>\u00c7arli Uinudi dhe Sajles Nashi kan\u00eb qen\u00eb shok\u00eb t\u00eb ngusht\u00eb q\u00eb kur mund t\u00eb ecnin dhe t\u00eb dashuruar q\u00eb n\u00eb mosh\u00ebn kat\u00ebrmb\u00ebdhjet\u00ebvje\u00e7are. Mir\u00ebpo nj\u00eb m\u00ebngjes\u2026 ata jan\u00eb krejt\u00ebsisht t\u00eb huaj. Puthja e par\u00eb, z\u00ebnka e par\u00eb, \u00e7asti kur ran\u00eb n\u00eb dashuri\u2026 \u00e7do kujtim \u00ebsht\u00eb zhdukur.Tani \u00c7arli dhe Sajlesi duhet t\u00eb bashk\u00ebpunojn\u00eb p\u00ebr t\u00eb zbuluar t\u00eb v\u00ebrtet\u00ebn e asaj q\u00eb po u ndodh, po sa m\u00eb shum\u00eb q\u00eb m\u00ebsojn\u00eb p\u00ebr \u00e7iftin q\u00eb kan\u00eb qen\u00eb\u2026 aq m\u00eb shum\u00eb vrasin mendjen pse vazhdonin t\u00eb q\u00ebndronin s\u00eb bashku.<\/p>","protected":false},"featured_media":5182,"template":"","meta":{"om_disable_all_campaigns":false},"product_brand":[],"product_cat":[76,78],"product_tag":[],"product_publisher":[126],"class_list":{"0":"post-5181","1":"product","2":"type-product","3":"status-publish","4":"has-post-thumbnail","6":"product_cat-letersia-boterore","7":"product_cat-romance","8":"product_publisher-living","10":"first","11":"instock","12":"shipping-taxable","13":"product-type-simple"},"yoast_head":"<!-- This site is optimized with the Yoast SEO plugin v27.4 - https:\/\/yoast.com\/product\/yoast-seo-wordpress\/ -->\n<title>Kurr\u00ebn e Kurr\u00ebs - Bibloteka e Tetoves<\/title>\n<meta name=\"robots\" content=\"index, follow, max-snippet:-1, max-image-preview:large, max-video-preview:-1\" \/>\n<link rel=\"canonical\" href=\"https:\/\/nubkrte.org.mk\/en\/product\/kurren-e-kurres\/\" \/>\n<meta property=\"og:locale\" content=\"en_US\" \/>\n<meta property=\"og:type\" content=\"article\" \/>\n<meta property=\"og:title\" content=\"Kurr\u00ebn e Kurr\u00ebs - Bibloteka e Tetoves\" \/>\n<meta property=\"og:description\" content=\"\u00c7arli Uinudi dhe Sajles Nashi kan\u00eb qen\u00eb shok\u00eb t\u00eb ngusht\u00eb q\u00eb kur mund t\u00eb ecnin dhe t\u00eb dashuruar q\u00eb n\u00eb mosh\u00ebn kat\u00ebrmb\u00ebdhjet\u00ebvje\u00e7are. Mir\u00ebpo nj\u00eb m\u00ebngjes\u2026 ata jan\u00eb krejt\u00ebsisht t\u00eb huaj. Puthja e par\u00eb, z\u00ebnka e par\u00eb, \u00e7asti kur ran\u00eb n\u00eb dashuri\u2026 \u00e7do kujtim \u00ebsht\u00eb zhdukur.Tani \u00c7arli dhe Sajlesi duhet t\u00eb bashk\u00ebpunojn\u00eb p\u00ebr t\u00eb zbuluar t\u00eb v\u00ebrtet\u00ebn e asaj q\u00eb po u ndodh, po sa m\u00eb shum\u00eb q\u00eb m\u00ebsojn\u00eb p\u00ebr \u00e7iftin q\u00eb kan\u00eb qen\u00eb\u2026 aq m\u00eb shum\u00eb vrasin mendjen pse vazhdonin t\u00eb q\u00ebndronin s\u00eb bashku.\" \/>\n<meta property=\"og:url\" content=\"https:\/\/nubkrte.org.mk\/en\/product\/kurren-e-kurres\/\" \/>\n<meta property=\"og:site_name\" content=\"Bibloteka e Tetoves\" \/>\n<meta property=\"article:publisher\" content=\"https:\/\/www.facebook.com\/profile.php?id=100076155098032\" \/>\n<meta property=\"og:image\" content=\"https:\/\/nubkrte.org.mk\/wp-content\/uploads\/2024\/03\/421916391_393677023180798_9143204463626634384_n.jpg\" \/>\n\t<meta property=\"og:image:width\" content=\"843\" \/>\n\t<meta property=\"og:image:height\" content=\"1268\" \/>\n\t<meta property=\"og:image:type\" content=\"image\/jpeg\" \/>\n<meta name=\"twitter:card\" content=\"summary_large_image\" \/>\n<meta name=\"twitter:label1\" content=\"Est. reading time\" \/>\n\t<meta name=\"twitter:data1\" content=\"1 minute\" \/>\n<script type=\"application\/ld+json\" class=\"yoast-schema-graph\">{\"@context\":\"https:\\\/\\\/schema.org\",\"@graph\":[{\"@type\":\"WebPage\",\"@id\":\"https:\\\/\\\/nubkrte.org.mk\\\/product\\\/kurren-e-kurres\\\/\",\"url\":\"https:\\\/\\\/nubkrte.org.mk\\\/product\\\/kurren-e-kurres\\\/\",\"name\":\"Kurr\u00ebn e Kurr\u00ebs - Bibloteka e Tetoves\",\"isPartOf\":{\"@id\":\"https:\\\/\\\/nubkrte.org.mk\\\/#website\"},\"primaryImageOfPage\":{\"@id\":\"https:\\\/\\\/nubkrte.org.mk\\\/product\\\/kurren-e-kurres\\\/#primaryimage\"},\"image\":{\"@id\":\"https:\\\/\\\/nubkrte.org.mk\\\/product\\\/kurren-e-kurres\\\/#primaryimage\"},\"thumbnailUrl\":\"https:\\\/\\\/i0.wp.com\\\/nubkrte.org.mk\\\/wp-content\\\/uploads\\\/2024\\\/03\\\/421916391_393677023180798_9143204463626634384_n.jpg?fit=843%2C1268&ssl=1\",\"datePublished\":\"2024-03-20T22:40:34+00:00\",\"breadcrumb\":{\"@id\":\"https:\\\/\\\/nubkrte.org.mk\\\/product\\\/kurren-e-kurres\\\/#breadcrumb\"},\"inLanguage\":\"en-US\",\"potentialAction\":[{\"@type\":\"ReadAction\",\"target\":[\"https:\\\/\\\/nubkrte.org.mk\\\/product\\\/kurren-e-kurres\\\/\"]}]},{\"@type\":\"ImageObject\",\"inLanguage\":\"en-US\",\"@id\":\"https:\\\/\\\/nubkrte.org.mk\\\/product\\\/kurren-e-kurres\\\/#primaryimage\",\"url\":\"https:\\\/\\\/i0.wp.com\\\/nubkrte.org.mk\\\/wp-content\\\/uploads\\\/2024\\\/03\\\/421916391_393677023180798_9143204463626634384_n.jpg?fit=843%2C1268&ssl=1\",\"contentUrl\":\"https:\\\/\\\/i0.wp.com\\\/nubkrte.org.mk\\\/wp-content\\\/uploads\\\/2024\\\/03\\\/421916391_393677023180798_9143204463626634384_n.jpg?fit=843%2C1268&ssl=1\",\"width\":843,\"height\":1268},{\"@type\":\"BreadcrumbList\",\"@id\":\"https:\\\/\\\/nubkrte.org.mk\\\/product\\\/kurren-e-kurres\\\/#breadcrumb\",\"itemListElement\":[{\"@type\":\"ListItem\",\"position\":1,\"name\":\"Home\",\"item\":\"https:\\\/\\\/nubkrte.org.mk\\\/\"},{\"@type\":\"ListItem\",\"position\":2,\"name\":\"Produkte\",\"item\":\"https:\\\/\\\/nubkrte.org.mk\\\/shop\\\/\"},{\"@type\":\"ListItem\",\"position\":3,\"name\":\"Kurr\u00ebn e Kurr\u00ebs\"}]},{\"@type\":\"WebSite\",\"@id\":\"https:\\\/\\\/nubkrte.org.mk\\\/#website\",\"url\":\"https:\\\/\\\/nubkrte.org.mk\\\/\",\"name\":\"Bibloteka e Tetoves\",\"description\":\"Bibloteka e Tetoves\",\"publisher\":{\"@id\":\"https:\\\/\\\/nubkrte.org.mk\\\/#organization\"},\"potentialAction\":[{\"@type\":\"SearchAction\",\"target\":{\"@type\":\"EntryPoint\",\"urlTemplate\":\"https:\\\/\\\/nubkrte.org.mk\\\/?s={search_term_string}\"},\"query-input\":{\"@type\":\"PropertyValueSpecification\",\"valueRequired\":true,\"valueName\":\"search_term_string\"}}],\"inLanguage\":\"en-US\"},{\"@type\":\"Organization\",\"@id\":\"https:\\\/\\\/nubkrte.org.mk\\\/#organization\",\"name\":\"Bibloteka e Tetoves\",\"url\":\"https:\\\/\\\/nubkrte.org.mk\\\/\",\"logo\":{\"@type\":\"ImageObject\",\"inLanguage\":\"en-US\",\"@id\":\"https:\\\/\\\/nubkrte.org.mk\\\/#\\\/schema\\\/logo\\\/image\\\/\",\"url\":\"https:\\\/\\\/i0.wp.com\\\/nubkrte.org.mk\\\/wp-content\\\/uploads\\\/2025\\\/04\\\/cropped-IMG-20250410-WA0013-removebg-preview.png?fit=476%2C80&ssl=1\",\"contentUrl\":\"https:\\\/\\\/i0.wp.com\\\/nubkrte.org.mk\\\/wp-content\\\/uploads\\\/2025\\\/04\\\/cropped-IMG-20250410-WA0013-removebg-preview.png?fit=476%2C80&ssl=1\",\"width\":476,\"height\":80,\"caption\":\"Bibloteka e Tetoves\"},\"image\":{\"@id\":\"https:\\\/\\\/nubkrte.org.mk\\\/#\\\/schema\\\/logo\\\/image\\\/\"},\"sameAs\":[\"https:\\\/\\\/www.facebook.com\\\/profile.php?id=100076155098032\"]}]}<\/script>\n<!-- \/ Yoast SEO plugin. -->","yoast_head_json":{"title":"Kurr\u00ebn e Kurr\u00ebs - Bibloteka e Tetoves","robots":{"index":"index","follow":"follow","max-snippet":"max-snippet:-1","max-image-preview":"max-image-preview:large","max-video-preview":"max-video-preview:-1"},"canonical":"https:\/\/nubkrte.org.mk\/en\/product\/kurren-e-kurres\/","og_locale":"en_US","og_type":"article","og_title":"Kurr\u00ebn e Kurr\u00ebs - Bibloteka e Tetoves","og_description":"\u00c7arli Uinudi dhe Sajles Nashi kan\u00eb qen\u00eb shok\u00eb t\u00eb ngusht\u00eb q\u00eb kur mund t\u00eb ecnin dhe t\u00eb dashuruar q\u00eb n\u00eb mosh\u00ebn kat\u00ebrmb\u00ebdhjet\u00ebvje\u00e7are. Mir\u00ebpo nj\u00eb m\u00ebngjes\u2026 ata jan\u00eb krejt\u00ebsisht t\u00eb huaj. Puthja e par\u00eb, z\u00ebnka e par\u00eb, \u00e7asti kur ran\u00eb n\u00eb dashuri\u2026 \u00e7do kujtim \u00ebsht\u00eb zhdukur.Tani \u00c7arli dhe Sajlesi duhet t\u00eb bashk\u00ebpunojn\u00eb p\u00ebr t\u00eb zbuluar t\u00eb v\u00ebrtet\u00ebn e asaj q\u00eb po u ndodh, po sa m\u00eb shum\u00eb q\u00eb m\u00ebsojn\u00eb p\u00ebr \u00e7iftin q\u00eb kan\u00eb qen\u00eb\u2026 aq m\u00eb shum\u00eb vrasin mendjen pse vazhdonin t\u00eb q\u00ebndronin s\u00eb bashku.","og_url":"https:\/\/nubkrte.org.mk\/en\/product\/kurren-e-kurres\/","og_site_name":"Bibloteka e Tetoves","article_publisher":"https:\/\/www.facebook.com\/profile.php?id=100076155098032","og_image":[{"width":843,"height":1268,"url":"https:\/\/nubkrte.org.mk\/wp-content\/uploads\/2024\/03\/421916391_393677023180798_9143204463626634384_n.jpg","type":"image\/jpeg"}],"twitter_card":"summary_large_image","twitter_misc":{"Est. reading time":"1 minute"},"schema":{"@context":"https:\/\/schema.org","@graph":[{"@type":"WebPage","@id":"https:\/\/nubkrte.org.mk\/product\/kurren-e-kurres\/","url":"https:\/\/nubkrte.org.mk\/product\/kurren-e-kurres\/","name":"Kurr\u00ebn e Kurr\u00ebs - Bibloteka e Tetoves","isPartOf":{"@id":"https:\/\/nubkrte.org.mk\/#website"},"primaryImageOfPage":{"@id":"https:\/\/nubkrte.org.mk\/product\/kurren-e-kurres\/#primaryimage"},"image":{"@id":"https:\/\/nubkrte.org.mk\/product\/kurren-e-kurres\/#primaryimage"},"thumbnailUrl":"https:\/\/i0.wp.com\/nubkrte.org.mk\/wp-content\/uploads\/2024\/03\/421916391_393677023180798_9143204463626634384_n.jpg?fit=843%2C1268&ssl=1","datePublished":"2024-03-20T22:40:34+00:00","breadcrumb":{"@id":"https:\/\/nubkrte.org.mk\/product\/kurren-e-kurres\/#breadcrumb"},"inLanguage":"en-US","potentialAction":[{"@type":"ReadAction","target":["https:\/\/nubkrte.org.mk\/product\/kurren-e-kurres\/"]}]},{"@type":"ImageObject","inLanguage":"en-US","@id":"https:\/\/nubkrte.org.mk\/product\/kurren-e-kurres\/#primaryimage","url":"https:\/\/i0.wp.com\/nubkrte.org.mk\/wp-content\/uploads\/2024\/03\/421916391_393677023180798_9143204463626634384_n.jpg?fit=843%2C1268&ssl=1","contentUrl":"https:\/\/i0.wp.com\/nubkrte.org.mk\/wp-content\/uploads\/2024\/03\/421916391_393677023180798_9143204463626634384_n.jpg?fit=843%2C1268&ssl=1","width":843,"height":1268},{"@type":"BreadcrumbList","@id":"https:\/\/nubkrte.org.mk\/product\/kurren-e-kurres\/#breadcrumb","itemListElement":[{"@type":"ListItem","position":1,"name":"Home","item":"https:\/\/nubkrte.org.mk\/"},{"@type":"ListItem","position":2,"name":"Produkte","item":"https:\/\/nubkrte.org.mk\/shop\/"},{"@type":"ListItem","position":3,"name":"Kurr\u00ebn e Kurr\u00ebs"}]},{"@type":"WebSite","@id":"https:\/\/nubkrte.org.mk\/#website","url":"https:\/\/nubkrte.org.mk\/","name":"Bibloteka e Tetoves","description":"Bibloteka e Tetoves","publisher":{"@id":"https:\/\/nubkrte.org.mk\/#organization"},"potentialAction":[{"@type":"SearchAction","target":{"@type":"EntryPoint","urlTemplate":"https:\/\/nubkrte.org.mk\/?s={search_term_string}"},"query-input":{"@type":"PropertyValueSpecification","valueRequired":true,"valueName":"search_term_string"}}],"inLanguage":"en-US"},{"@type":"Organization","@id":"https:\/\/nubkrte.org.mk\/#organization","name":"Bibloteka e Tetoves","url":"https:\/\/nubkrte.org.mk\/","logo":{"@type":"ImageObject","inLanguage":"en-US","@id":"https:\/\/nubkrte.org.mk\/#\/schema\/logo\/image\/","url":"https:\/\/i0.wp.com\/nubkrte.org.mk\/wp-content\/uploads\/2025\/04\/cropped-IMG-20250410-WA0013-removebg-preview.png?fit=476%2C80&ssl=1","contentUrl":"https:\/\/i0.wp.com\/nubkrte.org.mk\/wp-content\/uploads\/2025\/04\/cropped-IMG-20250410-WA0013-removebg-preview.png?fit=476%2C80&ssl=1","width":476,"height":80,"caption":"Bibloteka e Tetoves"},"image":{"@id":"https:\/\/nubkrte.org.mk\/#\/schema\/logo\/image\/"},"sameAs":["https:\/\/www.facebook.com\/profile.php?id=100076155098032"]}]}},"jetpack_sharing_enabled":true,"_links":{"self":[{"href":"https:\/\/nubkrte.org.mk\/en\/wp-json\/wp\/v2\/product\/5181","targetHints":{"allow":["GET"]}}],"collection":[{"href":"https:\/\/nubkrte.org.mk\/en\/wp-json\/wp\/v2\/product"}],"about":[{"href":"https:\/\/nubkrte.org.mk\/en\/wp-json\/wp\/v2\/types\/product"}],"version-history":[{"count":1,"href":"https:\/\/nubkrte.org.mk\/en\/wp-json\/wp\/v2\/product\/5181\/revisions"}],"predecessor-version":[{"id":5183,"href":"https:\/\/nubkrte.org.mk\/en\/wp-json\/wp\/v2\/product\/5181\/revisions\/5183"}],"wp:featuredmedia":[{"embeddable":true,"href":"https:\/\/nubkrte.org.mk\/en\/wp-json\/wp\/v2\/media\/5182"}],"wp:attachment":[{"href":"https:\/\/nubkrte.org.mk\/en\/wp-json\/wp\/v2\/media?parent=5181"}],"wp:term":[{"taxonomy":"product_brand","embeddable":true,"href":"https:\/\/nubkrte.org.mk\/en\/wp-json\/wp\/v2\/product_brand?post=5181"},{"taxonomy":"product_cat","embeddable":true,"href":"https:\/\/nubkrte.org.mk\/en\/wp-json\/wp\/v2\/product_cat?post=5181"},{"taxonomy":"product_tag","embeddable":true,"href":"https:\/\/nubkrte.org.mk\/en\/wp-json\/wp\/v2\/product_tag?post=5181"},{"taxonomy":"product_publisher","embeddable":true,"href":"https:\/\/nubkrte.org.mk\/en\/wp-json\/wp\/v2\/product_publisher?post=5181"}],"curies":[{"name":"wp","href":"https:\/\/api.w.org\/{rel}","templated":true}]}}