{"id":5176,"date":"2024-03-20T22:35:40","date_gmt":"2024-03-20T22:35:40","guid":{"rendered":"https:\/\/nubkrte.org.mk\/?post_type=product&#038;p=5176"},"modified":"2024-03-20T22:36:14","modified_gmt":"2024-03-20T22:36:14","slug":"koha-qe-do-te-doja","status":"publish","type":"product","link":"https:\/\/nubkrte.org.mk\/en\/product\/koha-qe-do-te-doja\/","title":{"rendered":"Koha qe do te doja"},"content":{"rendered":"","protected":false},"excerpt":{"rendered":"<p>\u201cDo t\u2019i k\u00ebmbeja t\u00eb gjitha t\u00eb nes\u00ebrmet e mia me nj\u00eb t\u00eb djeshme t\u00eb vetme\u201d, k\u00ebndon Janis Joplin- i.\u201dNdoshta pik\u00ebrisht kjo \u00ebsht\u00eb koha q\u00eb do t\u00eb doja.\u201d<br \/>\nLorencoja nuk di t\u00eb dashuroj\u00eb ose thjesht nuk di ta shfaq\u00eb dashurin\u00eb. P\u00ebr k\u00ebt\u00eb arsye gjendet p\u00ebrball\u00eb dy dashurive t\u00eb v\u00ebshtira q\u00eb duhet t\u2019i fitoj\u00eb, q\u00eb duhet t\u2019i rind\u00ebrtoj\u00eb: me nj\u00eb baba q\u00eb ndoshta nuk ka ekzistuar kurr\u00eb dhe me nj\u00eb t\u00eb dashur q\u00eb ka ikur.<\/p>","protected":false},"featured_media":5177,"template":"","meta":{"om_disable_all_campaigns":false},"product_brand":[],"product_cat":[76],"product_tag":[],"product_publisher":[128],"class_list":{"0":"post-5176","1":"product","2":"type-product","3":"status-publish","4":"has-post-thumbnail","6":"product_cat-letersia-boterore","7":"product_publisher-dudaj","9":"first","10":"instock","11":"shipping-taxable","12":"product-type-simple"},"yoast_head":"<!-- This site is optimized with the Yoast SEO plugin v27.4 - https:\/\/yoast.com\/product\/yoast-seo-wordpress\/ -->\n<title>Koha qe do te doja - Bibloteka e Tetoves<\/title>\n<meta name=\"robots\" content=\"index, follow, max-snippet:-1, max-image-preview:large, max-video-preview:-1\" \/>\n<link rel=\"canonical\" href=\"https:\/\/nubkrte.org.mk\/en\/product\/koha-qe-do-te-doja\/\" \/>\n<meta property=\"og:locale\" content=\"en_US\" \/>\n<meta property=\"og:type\" content=\"article\" \/>\n<meta property=\"og:title\" content=\"Koha qe do te doja - Bibloteka e Tetoves\" \/>\n<meta property=\"og:description\" content=\"\u201cDo t\u2019i k\u00ebmbeja t\u00eb gjitha t\u00eb nes\u00ebrmet e mia me nj\u00eb t\u00eb djeshme t\u00eb vetme\u201d, k\u00ebndon Janis Joplin- i.\u201dNdoshta pik\u00ebrisht kjo \u00ebsht\u00eb koha q\u00eb do t\u00eb doja.\u201d Lorencoja nuk di t\u00eb dashuroj\u00eb ose thjesht nuk di ta shfaq\u00eb dashurin\u00eb. P\u00ebr k\u00ebt\u00eb arsye gjendet p\u00ebrball\u00eb dy dashurive t\u00eb v\u00ebshtira q\u00eb duhet t\u2019i fitoj\u00eb, q\u00eb duhet t\u2019i rind\u00ebrtoj\u00eb: me nj\u00eb baba q\u00eb ndoshta nuk ka ekzistuar kurr\u00eb dhe me nj\u00eb t\u00eb dashur q\u00eb ka ikur.\" \/>\n<meta property=\"og:url\" content=\"https:\/\/nubkrte.org.mk\/en\/product\/koha-qe-do-te-doja\/\" \/>\n<meta property=\"og:site_name\" content=\"Bibloteka e Tetoves\" \/>\n<meta property=\"article:publisher\" content=\"https:\/\/www.facebook.com\/profile.php?id=100076155098032\" \/>\n<meta property=\"article:modified_time\" content=\"2024-03-20T22:36:14+00:00\" \/>\n<meta property=\"og:image\" content=\"https:\/\/nubkrte.org.mk\/wp-content\/uploads\/2024\/03\/421899515_393678376513996_4445980531739735474_n.jpg\" \/>\n\t<meta property=\"og:image:width\" content=\"1000\" \/>\n\t<meta property=\"og:image:height\" content=\"1457\" \/>\n\t<meta property=\"og:image:type\" content=\"image\/jpeg\" \/>\n<meta name=\"twitter:card\" content=\"summary_large_image\" \/>\n<meta name=\"twitter:label1\" content=\"Est. reading time\" \/>\n\t<meta name=\"twitter:data1\" content=\"1 minute\" \/>\n<script type=\"application\/ld+json\" class=\"yoast-schema-graph\">{\"@context\":\"https:\\\/\\\/schema.org\",\"@graph\":[{\"@type\":\"WebPage\",\"@id\":\"https:\\\/\\\/nubkrte.org.mk\\\/product\\\/koha-qe-do-te-doja\\\/\",\"url\":\"https:\\\/\\\/nubkrte.org.mk\\\/product\\\/koha-qe-do-te-doja\\\/\",\"name\":\"Koha qe do te doja - Bibloteka e Tetoves\",\"isPartOf\":{\"@id\":\"https:\\\/\\\/nubkrte.org.mk\\\/#website\"},\"primaryImageOfPage\":{\"@id\":\"https:\\\/\\\/nubkrte.org.mk\\\/product\\\/koha-qe-do-te-doja\\\/#primaryimage\"},\"image\":{\"@id\":\"https:\\\/\\\/nubkrte.org.mk\\\/product\\\/koha-qe-do-te-doja\\\/#primaryimage\"},\"thumbnailUrl\":\"https:\\\/\\\/i0.wp.com\\\/nubkrte.org.mk\\\/wp-content\\\/uploads\\\/2024\\\/03\\\/421899515_393678376513996_4445980531739735474_n.jpg?fit=1000%2C1457&ssl=1\",\"datePublished\":\"2024-03-20T22:35:40+00:00\",\"dateModified\":\"2024-03-20T22:36:14+00:00\",\"breadcrumb\":{\"@id\":\"https:\\\/\\\/nubkrte.org.mk\\\/product\\\/koha-qe-do-te-doja\\\/#breadcrumb\"},\"inLanguage\":\"en-US\",\"potentialAction\":[{\"@type\":\"ReadAction\",\"target\":[\"https:\\\/\\\/nubkrte.org.mk\\\/product\\\/koha-qe-do-te-doja\\\/\"]}]},{\"@type\":\"ImageObject\",\"inLanguage\":\"en-US\",\"@id\":\"https:\\\/\\\/nubkrte.org.mk\\\/product\\\/koha-qe-do-te-doja\\\/#primaryimage\",\"url\":\"https:\\\/\\\/i0.wp.com\\\/nubkrte.org.mk\\\/wp-content\\\/uploads\\\/2024\\\/03\\\/421899515_393678376513996_4445980531739735474_n.jpg?fit=1000%2C1457&ssl=1\",\"contentUrl\":\"https:\\\/\\\/i0.wp.com\\\/nubkrte.org.mk\\\/wp-content\\\/uploads\\\/2024\\\/03\\\/421899515_393678376513996_4445980531739735474_n.jpg?fit=1000%2C1457&ssl=1\",\"width\":1000,\"height\":1457},{\"@type\":\"BreadcrumbList\",\"@id\":\"https:\\\/\\\/nubkrte.org.mk\\\/product\\\/koha-qe-do-te-doja\\\/#breadcrumb\",\"itemListElement\":[{\"@type\":\"ListItem\",\"position\":1,\"name\":\"Home\",\"item\":\"https:\\\/\\\/nubkrte.org.mk\\\/\"},{\"@type\":\"ListItem\",\"position\":2,\"name\":\"Produkte\",\"item\":\"https:\\\/\\\/nubkrte.org.mk\\\/shop\\\/\"},{\"@type\":\"ListItem\",\"position\":3,\"name\":\"Koha qe do te doja\"}]},{\"@type\":\"WebSite\",\"@id\":\"https:\\\/\\\/nubkrte.org.mk\\\/#website\",\"url\":\"https:\\\/\\\/nubkrte.org.mk\\\/\",\"name\":\"Bibloteka e Tetoves\",\"description\":\"Bibloteka e Tetoves\",\"publisher\":{\"@id\":\"https:\\\/\\\/nubkrte.org.mk\\\/#organization\"},\"potentialAction\":[{\"@type\":\"SearchAction\",\"target\":{\"@type\":\"EntryPoint\",\"urlTemplate\":\"https:\\\/\\\/nubkrte.org.mk\\\/?s={search_term_string}\"},\"query-input\":{\"@type\":\"PropertyValueSpecification\",\"valueRequired\":true,\"valueName\":\"search_term_string\"}}],\"inLanguage\":\"en-US\"},{\"@type\":\"Organization\",\"@id\":\"https:\\\/\\\/nubkrte.org.mk\\\/#organization\",\"name\":\"Bibloteka e Tetoves\",\"url\":\"https:\\\/\\\/nubkrte.org.mk\\\/\",\"logo\":{\"@type\":\"ImageObject\",\"inLanguage\":\"en-US\",\"@id\":\"https:\\\/\\\/nubkrte.org.mk\\\/#\\\/schema\\\/logo\\\/image\\\/\",\"url\":\"https:\\\/\\\/i0.wp.com\\\/nubkrte.org.mk\\\/wp-content\\\/uploads\\\/2025\\\/04\\\/cropped-IMG-20250410-WA0013-removebg-preview.png?fit=476%2C80&ssl=1\",\"contentUrl\":\"https:\\\/\\\/i0.wp.com\\\/nubkrte.org.mk\\\/wp-content\\\/uploads\\\/2025\\\/04\\\/cropped-IMG-20250410-WA0013-removebg-preview.png?fit=476%2C80&ssl=1\",\"width\":476,\"height\":80,\"caption\":\"Bibloteka e Tetoves\"},\"image\":{\"@id\":\"https:\\\/\\\/nubkrte.org.mk\\\/#\\\/schema\\\/logo\\\/image\\\/\"},\"sameAs\":[\"https:\\\/\\\/www.facebook.com\\\/profile.php?id=100076155098032\"]}]}<\/script>\n<!-- \/ Yoast SEO plugin. -->","yoast_head_json":{"title":"Koha qe do te doja - Bibloteka e Tetoves","robots":{"index":"index","follow":"follow","max-snippet":"max-snippet:-1","max-image-preview":"max-image-preview:large","max-video-preview":"max-video-preview:-1"},"canonical":"https:\/\/nubkrte.org.mk\/en\/product\/koha-qe-do-te-doja\/","og_locale":"en_US","og_type":"article","og_title":"Koha qe do te doja - Bibloteka e Tetoves","og_description":"\u201cDo t\u2019i k\u00ebmbeja t\u00eb gjitha t\u00eb nes\u00ebrmet e mia me nj\u00eb t\u00eb djeshme t\u00eb vetme\u201d, k\u00ebndon Janis Joplin- i.\u201dNdoshta pik\u00ebrisht kjo \u00ebsht\u00eb koha q\u00eb do t\u00eb doja.\u201d Lorencoja nuk di t\u00eb dashuroj\u00eb ose thjesht nuk di ta shfaq\u00eb dashurin\u00eb. P\u00ebr k\u00ebt\u00eb arsye gjendet p\u00ebrball\u00eb dy dashurive t\u00eb v\u00ebshtira q\u00eb duhet t\u2019i fitoj\u00eb, q\u00eb duhet t\u2019i rind\u00ebrtoj\u00eb: me nj\u00eb baba q\u00eb ndoshta nuk ka ekzistuar kurr\u00eb dhe me nj\u00eb t\u00eb dashur q\u00eb ka ikur.","og_url":"https:\/\/nubkrte.org.mk\/en\/product\/koha-qe-do-te-doja\/","og_site_name":"Bibloteka e Tetoves","article_publisher":"https:\/\/www.facebook.com\/profile.php?id=100076155098032","article_modified_time":"2024-03-20T22:36:14+00:00","og_image":[{"width":1000,"height":1457,"url":"https:\/\/nubkrte.org.mk\/wp-content\/uploads\/2024\/03\/421899515_393678376513996_4445980531739735474_n.jpg","type":"image\/jpeg"}],"twitter_card":"summary_large_image","twitter_misc":{"Est. reading time":"1 minute"},"schema":{"@context":"https:\/\/schema.org","@graph":[{"@type":"WebPage","@id":"https:\/\/nubkrte.org.mk\/product\/koha-qe-do-te-doja\/","url":"https:\/\/nubkrte.org.mk\/product\/koha-qe-do-te-doja\/","name":"Koha qe do te doja - Bibloteka e Tetoves","isPartOf":{"@id":"https:\/\/nubkrte.org.mk\/#website"},"primaryImageOfPage":{"@id":"https:\/\/nubkrte.org.mk\/product\/koha-qe-do-te-doja\/#primaryimage"},"image":{"@id":"https:\/\/nubkrte.org.mk\/product\/koha-qe-do-te-doja\/#primaryimage"},"thumbnailUrl":"https:\/\/i0.wp.com\/nubkrte.org.mk\/wp-content\/uploads\/2024\/03\/421899515_393678376513996_4445980531739735474_n.jpg?fit=1000%2C1457&ssl=1","datePublished":"2024-03-20T22:35:40+00:00","dateModified":"2024-03-20T22:36:14+00:00","breadcrumb":{"@id":"https:\/\/nubkrte.org.mk\/product\/koha-qe-do-te-doja\/#breadcrumb"},"inLanguage":"en-US","potentialAction":[{"@type":"ReadAction","target":["https:\/\/nubkrte.org.mk\/product\/koha-qe-do-te-doja\/"]}]},{"@type":"ImageObject","inLanguage":"en-US","@id":"https:\/\/nubkrte.org.mk\/product\/koha-qe-do-te-doja\/#primaryimage","url":"https:\/\/i0.wp.com\/nubkrte.org.mk\/wp-content\/uploads\/2024\/03\/421899515_393678376513996_4445980531739735474_n.jpg?fit=1000%2C1457&ssl=1","contentUrl":"https:\/\/i0.wp.com\/nubkrte.org.mk\/wp-content\/uploads\/2024\/03\/421899515_393678376513996_4445980531739735474_n.jpg?fit=1000%2C1457&ssl=1","width":1000,"height":1457},{"@type":"BreadcrumbList","@id":"https:\/\/nubkrte.org.mk\/product\/koha-qe-do-te-doja\/#breadcrumb","itemListElement":[{"@type":"ListItem","position":1,"name":"Home","item":"https:\/\/nubkrte.org.mk\/"},{"@type":"ListItem","position":2,"name":"Produkte","item":"https:\/\/nubkrte.org.mk\/shop\/"},{"@type":"ListItem","position":3,"name":"Koha qe do te doja"}]},{"@type":"WebSite","@id":"https:\/\/nubkrte.org.mk\/#website","url":"https:\/\/nubkrte.org.mk\/","name":"Bibloteka e Tetoves","description":"Bibloteka e Tetoves","publisher":{"@id":"https:\/\/nubkrte.org.mk\/#organization"},"potentialAction":[{"@type":"SearchAction","target":{"@type":"EntryPoint","urlTemplate":"https:\/\/nubkrte.org.mk\/?s={search_term_string}"},"query-input":{"@type":"PropertyValueSpecification","valueRequired":true,"valueName":"search_term_string"}}],"inLanguage":"en-US"},{"@type":"Organization","@id":"https:\/\/nubkrte.org.mk\/#organization","name":"Bibloteka e Tetoves","url":"https:\/\/nubkrte.org.mk\/","logo":{"@type":"ImageObject","inLanguage":"en-US","@id":"https:\/\/nubkrte.org.mk\/#\/schema\/logo\/image\/","url":"https:\/\/i0.wp.com\/nubkrte.org.mk\/wp-content\/uploads\/2025\/04\/cropped-IMG-20250410-WA0013-removebg-preview.png?fit=476%2C80&ssl=1","contentUrl":"https:\/\/i0.wp.com\/nubkrte.org.mk\/wp-content\/uploads\/2025\/04\/cropped-IMG-20250410-WA0013-removebg-preview.png?fit=476%2C80&ssl=1","width":476,"height":80,"caption":"Bibloteka e Tetoves"},"image":{"@id":"https:\/\/nubkrte.org.mk\/#\/schema\/logo\/image\/"},"sameAs":["https:\/\/www.facebook.com\/profile.php?id=100076155098032"]}]}},"jetpack_sharing_enabled":true,"_links":{"self":[{"href":"https:\/\/nubkrte.org.mk\/en\/wp-json\/wp\/v2\/product\/5176","targetHints":{"allow":["GET"]}}],"collection":[{"href":"https:\/\/nubkrte.org.mk\/en\/wp-json\/wp\/v2\/product"}],"about":[{"href":"https:\/\/nubkrte.org.mk\/en\/wp-json\/wp\/v2\/types\/product"}],"version-history":[{"count":1,"href":"https:\/\/nubkrte.org.mk\/en\/wp-json\/wp\/v2\/product\/5176\/revisions"}],"predecessor-version":[{"id":5178,"href":"https:\/\/nubkrte.org.mk\/en\/wp-json\/wp\/v2\/product\/5176\/revisions\/5178"}],"wp:featuredmedia":[{"embeddable":true,"href":"https:\/\/nubkrte.org.mk\/en\/wp-json\/wp\/v2\/media\/5177"}],"wp:attachment":[{"href":"https:\/\/nubkrte.org.mk\/en\/wp-json\/wp\/v2\/media?parent=5176"}],"wp:term":[{"taxonomy":"product_brand","embeddable":true,"href":"https:\/\/nubkrte.org.mk\/en\/wp-json\/wp\/v2\/product_brand?post=5176"},{"taxonomy":"product_cat","embeddable":true,"href":"https:\/\/nubkrte.org.mk\/en\/wp-json\/wp\/v2\/product_cat?post=5176"},{"taxonomy":"product_tag","embeddable":true,"href":"https:\/\/nubkrte.org.mk\/en\/wp-json\/wp\/v2\/product_tag?post=5176"},{"taxonomy":"product_publisher","embeddable":true,"href":"https:\/\/nubkrte.org.mk\/en\/wp-json\/wp\/v2\/product_publisher?post=5176"}],"curies":[{"name":"wp","href":"https:\/\/api.w.org\/{rel}","templated":true}]}}