{"id":5154,"date":"2024-03-20T21:44:48","date_gmt":"2024-03-20T21:44:48","guid":{"rendered":"https:\/\/nubkrte.org.mk\/?post_type=product&#038;p=5154"},"modified":"2024-03-20T21:53:48","modified_gmt":"2024-03-20T21:53:48","slug":"lule-permbi-ferr","status":"publish","type":"product","link":"https:\/\/nubkrte.org.mk\/en\/product\/lule-permbi-ferr\/","title":{"rendered":"Lule p\u00ebrmbi ferr"},"content":{"rendered":"","protected":false},"excerpt":{"rendered":"<p>Mes deg\u00ebve t\u00eb dendura t\u00eb pem\u00ebve dhe faqeve t\u00eb shk\u00ebmbinjve t\u00eb thepisur, posht\u00eb, n\u00eb lugin\u00ebn q\u00eb t\u00eb \u00e7on n\u00eb p\u00ebrrua, midis pellgjeve me uj\u00eb t\u00eb smeraldt\u00eb q\u00eb er\u00ebmon akull, fshihet di\u00e7ka.<\/p>\n<p>Ma thon\u00eb gjurm\u00ebt e gjakut, ma thot\u00eb edhe p\u00ebrvoja: ka ndodhur, por mund t\u00eb ndodh\u00eb prap\u00eb. Ky \u00ebsht\u00eb vet\u00ebm fillimi. Mes k\u00ebtyre maleve ka ndodhur di\u00e7ka trondit\u00ebse, di\u00e7ka p\u00ebr t\u00eb cil\u00ebn duhet t\u00eb v\u00eb n\u00eb jet\u00eb t\u00eb gjitha aft\u00ebsit\u00eb e mia investigative. Jam komisare policie e specializuar n\u00eb profilizim dhe eci \u00e7do dit\u00eb n\u00ebp\u00ebr ferr.<\/p>\n<p>Arma ime m\u00eb e fort\u00eb nuk \u00ebsht\u00eb uniforma, as pistoleta q\u00eb mbaj n\u00eb brez, por mendja ime. E po, tani ndiej se pik\u00ebrisht ajo po m\u00eb tradhton. Jo nga mosha, as nga zemra, por nga nj\u00eb re mjegulle q\u00eb m\u00eb v\u00ebrtitet n\u00eb tru.<\/p>","protected":false},"featured_media":5155,"template":"","meta":{"om_disable_all_campaigns":false},"product_brand":[],"product_cat":[76,77],"product_tag":[],"product_publisher":[126],"class_list":{"0":"post-5154","1":"product","2":"type-product","3":"status-publish","4":"has-post-thumbnail","6":"product_cat-letersia-boterore","7":"product_cat-triller","8":"product_publisher-living","10":"first","11":"instock","12":"shipping-taxable","13":"product-type-simple"},"yoast_head":"<!-- This site is optimized with the Yoast SEO plugin v27.4 - https:\/\/yoast.com\/product\/yoast-seo-wordpress\/ -->\n<title>Lule p\u00ebrmbi ferr - Bibloteka e Tetoves<\/title>\n<meta name=\"robots\" content=\"index, follow, max-snippet:-1, max-image-preview:large, max-video-preview:-1\" \/>\n<link rel=\"canonical\" href=\"https:\/\/nubkrte.org.mk\/en\/product\/lule-permbi-ferr\/\" \/>\n<meta property=\"og:locale\" content=\"en_US\" \/>\n<meta property=\"og:type\" content=\"article\" \/>\n<meta property=\"og:title\" content=\"Lule p\u00ebrmbi ferr - Bibloteka e Tetoves\" \/>\n<meta property=\"og:description\" content=\"Mes deg\u00ebve t\u00eb dendura t\u00eb pem\u00ebve dhe faqeve t\u00eb shk\u00ebmbinjve t\u00eb thepisur, posht\u00eb, n\u00eb lugin\u00ebn q\u00eb t\u00eb \u00e7on n\u00eb p\u00ebrrua, midis pellgjeve me uj\u00eb t\u00eb smeraldt\u00eb q\u00eb er\u00ebmon akull, fshihet di\u00e7ka.  Ma thon\u00eb gjurm\u00ebt e gjakut, ma thot\u00eb edhe p\u00ebrvoja: ka ndodhur, por mund t\u00eb ndodh\u00eb prap\u00eb. Ky \u00ebsht\u00eb vet\u00ebm fillimi. Mes k\u00ebtyre maleve ka ndodhur di\u00e7ka trondit\u00ebse, di\u00e7ka p\u00ebr t\u00eb cil\u00ebn duhet t\u00eb v\u00eb n\u00eb jet\u00eb t\u00eb gjitha aft\u00ebsit\u00eb e mia investigative. Jam komisare policie e specializuar n\u00eb profilizim dhe eci \u00e7do dit\u00eb n\u00ebp\u00ebr ferr.  Arma ime m\u00eb e fort\u00eb nuk \u00ebsht\u00eb uniforma, as pistoleta q\u00eb mbaj n\u00eb brez, por mendja ime. E po, tani ndiej se pik\u00ebrisht ajo po m\u00eb tradhton. Jo nga mosha, as nga zemra, por nga nj\u00eb re mjegulle q\u00eb m\u00eb v\u00ebrtitet n\u00eb tru.\" \/>\n<meta property=\"og:url\" content=\"https:\/\/nubkrte.org.mk\/en\/product\/lule-permbi-ferr\/\" \/>\n<meta property=\"og:site_name\" content=\"Bibloteka e Tetoves\" \/>\n<meta property=\"article:publisher\" content=\"https:\/\/www.facebook.com\/profile.php?id=100076155098032\" \/>\n<meta property=\"article:modified_time\" content=\"2024-03-20T21:53:48+00:00\" \/>\n<meta property=\"og:image\" content=\"https:\/\/nubkrte.org.mk\/wp-content\/uploads\/2024\/03\/422045447_394184193130081_1000541230320019756_n.jpg\" \/>\n\t<meta property=\"og:image:width\" content=\"1000\" \/>\n\t<meta property=\"og:image:height\" content=\"1537\" \/>\n\t<meta property=\"og:image:type\" content=\"image\/jpeg\" \/>\n<meta name=\"twitter:card\" content=\"summary_large_image\" \/>\n<meta name=\"twitter:label1\" content=\"Est. reading time\" \/>\n\t<meta name=\"twitter:data1\" content=\"1 minute\" \/>\n<script type=\"application\/ld+json\" class=\"yoast-schema-graph\">{\"@context\":\"https:\\\/\\\/schema.org\",\"@graph\":[{\"@type\":\"WebPage\",\"@id\":\"https:\\\/\\\/nubkrte.org.mk\\\/product\\\/lule-permbi-ferr\\\/\",\"url\":\"https:\\\/\\\/nubkrte.org.mk\\\/product\\\/lule-permbi-ferr\\\/\",\"name\":\"Lule p\u00ebrmbi ferr - Bibloteka e Tetoves\",\"isPartOf\":{\"@id\":\"https:\\\/\\\/nubkrte.org.mk\\\/#website\"},\"primaryImageOfPage\":{\"@id\":\"https:\\\/\\\/nubkrte.org.mk\\\/product\\\/lule-permbi-ferr\\\/#primaryimage\"},\"image\":{\"@id\":\"https:\\\/\\\/nubkrte.org.mk\\\/product\\\/lule-permbi-ferr\\\/#primaryimage\"},\"thumbnailUrl\":\"https:\\\/\\\/i0.wp.com\\\/nubkrte.org.mk\\\/wp-content\\\/uploads\\\/2024\\\/03\\\/422045447_394184193130081_1000541230320019756_n.jpg?fit=1000%2C1537&ssl=1\",\"datePublished\":\"2024-03-20T21:44:48+00:00\",\"dateModified\":\"2024-03-20T21:53:48+00:00\",\"breadcrumb\":{\"@id\":\"https:\\\/\\\/nubkrte.org.mk\\\/product\\\/lule-permbi-ferr\\\/#breadcrumb\"},\"inLanguage\":\"en-US\",\"potentialAction\":[{\"@type\":\"ReadAction\",\"target\":[\"https:\\\/\\\/nubkrte.org.mk\\\/product\\\/lule-permbi-ferr\\\/\"]}]},{\"@type\":\"ImageObject\",\"inLanguage\":\"en-US\",\"@id\":\"https:\\\/\\\/nubkrte.org.mk\\\/product\\\/lule-permbi-ferr\\\/#primaryimage\",\"url\":\"https:\\\/\\\/i0.wp.com\\\/nubkrte.org.mk\\\/wp-content\\\/uploads\\\/2024\\\/03\\\/422045447_394184193130081_1000541230320019756_n.jpg?fit=1000%2C1537&ssl=1\",\"contentUrl\":\"https:\\\/\\\/i0.wp.com\\\/nubkrte.org.mk\\\/wp-content\\\/uploads\\\/2024\\\/03\\\/422045447_394184193130081_1000541230320019756_n.jpg?fit=1000%2C1537&ssl=1\",\"width\":1000,\"height\":1537},{\"@type\":\"BreadcrumbList\",\"@id\":\"https:\\\/\\\/nubkrte.org.mk\\\/product\\\/lule-permbi-ferr\\\/#breadcrumb\",\"itemListElement\":[{\"@type\":\"ListItem\",\"position\":1,\"name\":\"Home\",\"item\":\"https:\\\/\\\/nubkrte.org.mk\\\/\"},{\"@type\":\"ListItem\",\"position\":2,\"name\":\"Produkte\",\"item\":\"https:\\\/\\\/nubkrte.org.mk\\\/shop\\\/\"},{\"@type\":\"ListItem\",\"position\":3,\"name\":\"Lule p\u00ebrmbi ferr\"}]},{\"@type\":\"WebSite\",\"@id\":\"https:\\\/\\\/nubkrte.org.mk\\\/#website\",\"url\":\"https:\\\/\\\/nubkrte.org.mk\\\/\",\"name\":\"Bibloteka e Tetoves\",\"description\":\"Bibloteka e Tetoves\",\"publisher\":{\"@id\":\"https:\\\/\\\/nubkrte.org.mk\\\/#organization\"},\"potentialAction\":[{\"@type\":\"SearchAction\",\"target\":{\"@type\":\"EntryPoint\",\"urlTemplate\":\"https:\\\/\\\/nubkrte.org.mk\\\/?s={search_term_string}\"},\"query-input\":{\"@type\":\"PropertyValueSpecification\",\"valueRequired\":true,\"valueName\":\"search_term_string\"}}],\"inLanguage\":\"en-US\"},{\"@type\":\"Organization\",\"@id\":\"https:\\\/\\\/nubkrte.org.mk\\\/#organization\",\"name\":\"Bibloteka e Tetoves\",\"url\":\"https:\\\/\\\/nubkrte.org.mk\\\/\",\"logo\":{\"@type\":\"ImageObject\",\"inLanguage\":\"en-US\",\"@id\":\"https:\\\/\\\/nubkrte.org.mk\\\/#\\\/schema\\\/logo\\\/image\\\/\",\"url\":\"https:\\\/\\\/i0.wp.com\\\/nubkrte.org.mk\\\/wp-content\\\/uploads\\\/2025\\\/04\\\/cropped-IMG-20250410-WA0013-removebg-preview.png?fit=476%2C80&ssl=1\",\"contentUrl\":\"https:\\\/\\\/i0.wp.com\\\/nubkrte.org.mk\\\/wp-content\\\/uploads\\\/2025\\\/04\\\/cropped-IMG-20250410-WA0013-removebg-preview.png?fit=476%2C80&ssl=1\",\"width\":476,\"height\":80,\"caption\":\"Bibloteka e Tetoves\"},\"image\":{\"@id\":\"https:\\\/\\\/nubkrte.org.mk\\\/#\\\/schema\\\/logo\\\/image\\\/\"},\"sameAs\":[\"https:\\\/\\\/www.facebook.com\\\/profile.php?id=100076155098032\"]}]}<\/script>\n<!-- \/ Yoast SEO plugin. -->","yoast_head_json":{"title":"Lule p\u00ebrmbi ferr - Bibloteka e Tetoves","robots":{"index":"index","follow":"follow","max-snippet":"max-snippet:-1","max-image-preview":"max-image-preview:large","max-video-preview":"max-video-preview:-1"},"canonical":"https:\/\/nubkrte.org.mk\/en\/product\/lule-permbi-ferr\/","og_locale":"en_US","og_type":"article","og_title":"Lule p\u00ebrmbi ferr - Bibloteka e Tetoves","og_description":"Mes deg\u00ebve t\u00eb dendura t\u00eb pem\u00ebve dhe faqeve t\u00eb shk\u00ebmbinjve t\u00eb thepisur, posht\u00eb, n\u00eb lugin\u00ebn q\u00eb t\u00eb \u00e7on n\u00eb p\u00ebrrua, midis pellgjeve me uj\u00eb t\u00eb smeraldt\u00eb q\u00eb er\u00ebmon akull, fshihet di\u00e7ka.  Ma thon\u00eb gjurm\u00ebt e gjakut, ma thot\u00eb edhe p\u00ebrvoja: ka ndodhur, por mund t\u00eb ndodh\u00eb prap\u00eb. Ky \u00ebsht\u00eb vet\u00ebm fillimi. Mes k\u00ebtyre maleve ka ndodhur di\u00e7ka trondit\u00ebse, di\u00e7ka p\u00ebr t\u00eb cil\u00ebn duhet t\u00eb v\u00eb n\u00eb jet\u00eb t\u00eb gjitha aft\u00ebsit\u00eb e mia investigative. Jam komisare policie e specializuar n\u00eb profilizim dhe eci \u00e7do dit\u00eb n\u00ebp\u00ebr ferr.  Arma ime m\u00eb e fort\u00eb nuk \u00ebsht\u00eb uniforma, as pistoleta q\u00eb mbaj n\u00eb brez, por mendja ime. E po, tani ndiej se pik\u00ebrisht ajo po m\u00eb tradhton. Jo nga mosha, as nga zemra, por nga nj\u00eb re mjegulle q\u00eb m\u00eb v\u00ebrtitet n\u00eb tru.","og_url":"https:\/\/nubkrte.org.mk\/en\/product\/lule-permbi-ferr\/","og_site_name":"Bibloteka e Tetoves","article_publisher":"https:\/\/www.facebook.com\/profile.php?id=100076155098032","article_modified_time":"2024-03-20T21:53:48+00:00","og_image":[{"width":1000,"height":1537,"url":"https:\/\/nubkrte.org.mk\/wp-content\/uploads\/2024\/03\/422045447_394184193130081_1000541230320019756_n.jpg","type":"image\/jpeg"}],"twitter_card":"summary_large_image","twitter_misc":{"Est. reading time":"1 minute"},"schema":{"@context":"https:\/\/schema.org","@graph":[{"@type":"WebPage","@id":"https:\/\/nubkrte.org.mk\/product\/lule-permbi-ferr\/","url":"https:\/\/nubkrte.org.mk\/product\/lule-permbi-ferr\/","name":"Lule p\u00ebrmbi ferr - Bibloteka e Tetoves","isPartOf":{"@id":"https:\/\/nubkrte.org.mk\/#website"},"primaryImageOfPage":{"@id":"https:\/\/nubkrte.org.mk\/product\/lule-permbi-ferr\/#primaryimage"},"image":{"@id":"https:\/\/nubkrte.org.mk\/product\/lule-permbi-ferr\/#primaryimage"},"thumbnailUrl":"https:\/\/i0.wp.com\/nubkrte.org.mk\/wp-content\/uploads\/2024\/03\/422045447_394184193130081_1000541230320019756_n.jpg?fit=1000%2C1537&ssl=1","datePublished":"2024-03-20T21:44:48+00:00","dateModified":"2024-03-20T21:53:48+00:00","breadcrumb":{"@id":"https:\/\/nubkrte.org.mk\/product\/lule-permbi-ferr\/#breadcrumb"},"inLanguage":"en-US","potentialAction":[{"@type":"ReadAction","target":["https:\/\/nubkrte.org.mk\/product\/lule-permbi-ferr\/"]}]},{"@type":"ImageObject","inLanguage":"en-US","@id":"https:\/\/nubkrte.org.mk\/product\/lule-permbi-ferr\/#primaryimage","url":"https:\/\/i0.wp.com\/nubkrte.org.mk\/wp-content\/uploads\/2024\/03\/422045447_394184193130081_1000541230320019756_n.jpg?fit=1000%2C1537&ssl=1","contentUrl":"https:\/\/i0.wp.com\/nubkrte.org.mk\/wp-content\/uploads\/2024\/03\/422045447_394184193130081_1000541230320019756_n.jpg?fit=1000%2C1537&ssl=1","width":1000,"height":1537},{"@type":"BreadcrumbList","@id":"https:\/\/nubkrte.org.mk\/product\/lule-permbi-ferr\/#breadcrumb","itemListElement":[{"@type":"ListItem","position":1,"name":"Home","item":"https:\/\/nubkrte.org.mk\/"},{"@type":"ListItem","position":2,"name":"Produkte","item":"https:\/\/nubkrte.org.mk\/shop\/"},{"@type":"ListItem","position":3,"name":"Lule p\u00ebrmbi ferr"}]},{"@type":"WebSite","@id":"https:\/\/nubkrte.org.mk\/#website","url":"https:\/\/nubkrte.org.mk\/","name":"Bibloteka e Tetoves","description":"Bibloteka e Tetoves","publisher":{"@id":"https:\/\/nubkrte.org.mk\/#organization"},"potentialAction":[{"@type":"SearchAction","target":{"@type":"EntryPoint","urlTemplate":"https:\/\/nubkrte.org.mk\/?s={search_term_string}"},"query-input":{"@type":"PropertyValueSpecification","valueRequired":true,"valueName":"search_term_string"}}],"inLanguage":"en-US"},{"@type":"Organization","@id":"https:\/\/nubkrte.org.mk\/#organization","name":"Bibloteka e Tetoves","url":"https:\/\/nubkrte.org.mk\/","logo":{"@type":"ImageObject","inLanguage":"en-US","@id":"https:\/\/nubkrte.org.mk\/#\/schema\/logo\/image\/","url":"https:\/\/i0.wp.com\/nubkrte.org.mk\/wp-content\/uploads\/2025\/04\/cropped-IMG-20250410-WA0013-removebg-preview.png?fit=476%2C80&ssl=1","contentUrl":"https:\/\/i0.wp.com\/nubkrte.org.mk\/wp-content\/uploads\/2025\/04\/cropped-IMG-20250410-WA0013-removebg-preview.png?fit=476%2C80&ssl=1","width":476,"height":80,"caption":"Bibloteka e Tetoves"},"image":{"@id":"https:\/\/nubkrte.org.mk\/#\/schema\/logo\/image\/"},"sameAs":["https:\/\/www.facebook.com\/profile.php?id=100076155098032"]}]}},"jetpack_sharing_enabled":true,"_links":{"self":[{"href":"https:\/\/nubkrte.org.mk\/en\/wp-json\/wp\/v2\/product\/5154","targetHints":{"allow":["GET"]}}],"collection":[{"href":"https:\/\/nubkrte.org.mk\/en\/wp-json\/wp\/v2\/product"}],"about":[{"href":"https:\/\/nubkrte.org.mk\/en\/wp-json\/wp\/v2\/types\/product"}],"version-history":[{"count":1,"href":"https:\/\/nubkrte.org.mk\/en\/wp-json\/wp\/v2\/product\/5154\/revisions"}],"predecessor-version":[{"id":5156,"href":"https:\/\/nubkrte.org.mk\/en\/wp-json\/wp\/v2\/product\/5154\/revisions\/5156"}],"wp:featuredmedia":[{"embeddable":true,"href":"https:\/\/nubkrte.org.mk\/en\/wp-json\/wp\/v2\/media\/5155"}],"wp:attachment":[{"href":"https:\/\/nubkrte.org.mk\/en\/wp-json\/wp\/v2\/media?parent=5154"}],"wp:term":[{"taxonomy":"product_brand","embeddable":true,"href":"https:\/\/nubkrte.org.mk\/en\/wp-json\/wp\/v2\/product_brand?post=5154"},{"taxonomy":"product_cat","embeddable":true,"href":"https:\/\/nubkrte.org.mk\/en\/wp-json\/wp\/v2\/product_cat?post=5154"},{"taxonomy":"product_tag","embeddable":true,"href":"https:\/\/nubkrte.org.mk\/en\/wp-json\/wp\/v2\/product_tag?post=5154"},{"taxonomy":"product_publisher","embeddable":true,"href":"https:\/\/nubkrte.org.mk\/en\/wp-json\/wp\/v2\/product_publisher?post=5154"}],"curies":[{"name":"wp","href":"https:\/\/api.w.org\/{rel}","templated":true}]}}