{"id":5149,"date":"2024-03-20T21:34:29","date_gmt":"2024-03-20T21:34:29","guid":{"rendered":"https:\/\/nubkrte.org.mk\/?post_type=product&#038;p=5149"},"modified":"2024-03-20T21:36:40","modified_gmt":"2024-03-20T21:36:40","slug":"hello-beautiful","status":"publish","type":"product","link":"https:\/\/nubkrte.org.mk\/en\/product\/hello-beautiful\/","title":{"rendered":"Hello Beautiful"},"content":{"rendered":"","protected":false},"excerpt":{"rendered":"<div id=\"short_description_block\">\n<div id=\"short_description_content\" class=\"rte align_justify\">\n<p>This wonderful family saga is one of those rare novels where the individual characters are so brilliantly rendered, it's like they're your close friends and you feel grateful to be in their orbit.<br \/>\nRr\u00ebfimi t\u00eb shtyn ta marr\u00ebsh aq shtruar leximin, sa do t\u00eb doje q\u00eb libri t\u00eb mos mbaronte. N\u00eb fund, ama, s&#8217;keni p\u00ebr t&#8217;i mbajtur dot lot\u00ebt.<\/p>\n<\/div>\n<\/div>","protected":false},"featured_media":5150,"template":"","meta":{"om_disable_all_campaigns":false},"product_brand":[],"product_cat":[76,124],"product_tag":[],"product_publisher":[125],"class_list":{"0":"post-5149","1":"product","2":"type-product","3":"status-publish","4":"has-post-thumbnail","6":"product_cat-letersia-boterore","7":"product_cat-trillim-historik","8":"product_publisher-botimet-pegi","10":"first","11":"instock","12":"shipping-taxable","13":"product-type-simple"},"yoast_head":"<!-- This site is optimized with the Yoast SEO plugin v27.4 - https:\/\/yoast.com\/product\/yoast-seo-wordpress\/ -->\n<title>Hello Beautiful - Bibloteka e Tetoves<\/title>\n<meta name=\"robots\" content=\"index, follow, max-snippet:-1, max-image-preview:large, max-video-preview:-1\" \/>\n<link rel=\"canonical\" href=\"https:\/\/nubkrte.org.mk\/en\/product\/hello-beautiful\/\" \/>\n<meta property=\"og:locale\" content=\"en_US\" \/>\n<meta property=\"og:type\" content=\"article\" \/>\n<meta property=\"og:title\" content=\"Hello Beautiful - Bibloteka e Tetoves\" \/>\n<meta property=\"og:description\" content=\"Kjo sag\u00eb e mrekullueshme familjare \u00ebsht\u00eb nj\u00eb prej atyre romaneve t\u00eb rralla, ku personazhet e ve\u00e7anta jan\u00eb dh\u00ebn\u00eb n\u00eb m\u00ebnyr\u00eb t\u00eb shk\u00eblqyer, ngjan sikur jan\u00eb shok\u00ebt e tu t\u00eb ngusht\u00eb dhe ti ndihesh mir\u00ebnjoh\u00ebs q\u00eb je n\u00eb orbit\u00ebn e tyre. Rr\u00ebfimi t\u00eb shtyn ta marr\u00ebsh aq shtruar leximin, sa do t\u00eb doje q\u00eb libri t\u00eb mos mbaronte. N\u00eb fund, ama, s&#039;keni p\u00ebr t&#039;i mbajtur dot lot\u00ebt.\" \/>\n<meta property=\"og:url\" content=\"https:\/\/nubkrte.org.mk\/en\/product\/hello-beautiful\/\" \/>\n<meta property=\"og:site_name\" content=\"Bibloteka e Tetoves\" \/>\n<meta property=\"article:publisher\" content=\"https:\/\/www.facebook.com\/profile.php?id=100076155098032\" \/>\n<meta property=\"article:modified_time\" content=\"2024-03-20T21:36:40+00:00\" \/>\n<meta property=\"og:image\" content=\"https:\/\/nubkrte.org.mk\/wp-content\/uploads\/2024\/03\/424743108_394184516463382_3263910049584724481_n.jpg\" \/>\n\t<meta property=\"og:image:width\" content=\"1000\" \/>\n\t<meta property=\"og:image:height\" content=\"1537\" \/>\n\t<meta property=\"og:image:type\" content=\"image\/jpeg\" \/>\n<meta name=\"twitter:card\" content=\"summary_large_image\" \/>\n<meta name=\"twitter:label1\" content=\"Est. reading time\" \/>\n\t<meta name=\"twitter:data1\" content=\"1 minute\" \/>\n<script type=\"application\/ld+json\" class=\"yoast-schema-graph\">{\"@context\":\"https:\\\/\\\/schema.org\",\"@graph\":[{\"@type\":\"WebPage\",\"@id\":\"https:\\\/\\\/nubkrte.org.mk\\\/product\\\/hello-beautiful\\\/\",\"url\":\"https:\\\/\\\/nubkrte.org.mk\\\/product\\\/hello-beautiful\\\/\",\"name\":\"Hello Beautiful - Bibloteka e Tetoves\",\"isPartOf\":{\"@id\":\"https:\\\/\\\/nubkrte.org.mk\\\/#website\"},\"primaryImageOfPage\":{\"@id\":\"https:\\\/\\\/nubkrte.org.mk\\\/product\\\/hello-beautiful\\\/#primaryimage\"},\"image\":{\"@id\":\"https:\\\/\\\/nubkrte.org.mk\\\/product\\\/hello-beautiful\\\/#primaryimage\"},\"thumbnailUrl\":\"https:\\\/\\\/i0.wp.com\\\/nubkrte.org.mk\\\/wp-content\\\/uploads\\\/2024\\\/03\\\/424743108_394184516463382_3263910049584724481_n.jpg?fit=1000%2C1537&ssl=1\",\"datePublished\":\"2024-03-20T21:34:29+00:00\",\"dateModified\":\"2024-03-20T21:36:40+00:00\",\"breadcrumb\":{\"@id\":\"https:\\\/\\\/nubkrte.org.mk\\\/product\\\/hello-beautiful\\\/#breadcrumb\"},\"inLanguage\":\"en-US\",\"potentialAction\":[{\"@type\":\"ReadAction\",\"target\":[\"https:\\\/\\\/nubkrte.org.mk\\\/product\\\/hello-beautiful\\\/\"]}]},{\"@type\":\"ImageObject\",\"inLanguage\":\"en-US\",\"@id\":\"https:\\\/\\\/nubkrte.org.mk\\\/product\\\/hello-beautiful\\\/#primaryimage\",\"url\":\"https:\\\/\\\/i0.wp.com\\\/nubkrte.org.mk\\\/wp-content\\\/uploads\\\/2024\\\/03\\\/424743108_394184516463382_3263910049584724481_n.jpg?fit=1000%2C1537&ssl=1\",\"contentUrl\":\"https:\\\/\\\/i0.wp.com\\\/nubkrte.org.mk\\\/wp-content\\\/uploads\\\/2024\\\/03\\\/424743108_394184516463382_3263910049584724481_n.jpg?fit=1000%2C1537&ssl=1\",\"width\":1000,\"height\":1537},{\"@type\":\"BreadcrumbList\",\"@id\":\"https:\\\/\\\/nubkrte.org.mk\\\/product\\\/hello-beautiful\\\/#breadcrumb\",\"itemListElement\":[{\"@type\":\"ListItem\",\"position\":1,\"name\":\"Home\",\"item\":\"https:\\\/\\\/nubkrte.org.mk\\\/\"},{\"@type\":\"ListItem\",\"position\":2,\"name\":\"Produkte\",\"item\":\"https:\\\/\\\/nubkrte.org.mk\\\/shop\\\/\"},{\"@type\":\"ListItem\",\"position\":3,\"name\":\"Hello Beautiful\"}]},{\"@type\":\"WebSite\",\"@id\":\"https:\\\/\\\/nubkrte.org.mk\\\/#website\",\"url\":\"https:\\\/\\\/nubkrte.org.mk\\\/\",\"name\":\"Bibloteka e Tetoves\",\"description\":\"Bibloteka e Tetoves\",\"publisher\":{\"@id\":\"https:\\\/\\\/nubkrte.org.mk\\\/#organization\"},\"potentialAction\":[{\"@type\":\"SearchAction\",\"target\":{\"@type\":\"EntryPoint\",\"urlTemplate\":\"https:\\\/\\\/nubkrte.org.mk\\\/?s={search_term_string}\"},\"query-input\":{\"@type\":\"PropertyValueSpecification\",\"valueRequired\":true,\"valueName\":\"search_term_string\"}}],\"inLanguage\":\"en-US\"},{\"@type\":\"Organization\",\"@id\":\"https:\\\/\\\/nubkrte.org.mk\\\/#organization\",\"name\":\"Bibloteka e Tetoves\",\"url\":\"https:\\\/\\\/nubkrte.org.mk\\\/\",\"logo\":{\"@type\":\"ImageObject\",\"inLanguage\":\"en-US\",\"@id\":\"https:\\\/\\\/nubkrte.org.mk\\\/#\\\/schema\\\/logo\\\/image\\\/\",\"url\":\"https:\\\/\\\/i0.wp.com\\\/nubkrte.org.mk\\\/wp-content\\\/uploads\\\/2025\\\/04\\\/cropped-IMG-20250410-WA0013-removebg-preview.png?fit=476%2C80&ssl=1\",\"contentUrl\":\"https:\\\/\\\/i0.wp.com\\\/nubkrte.org.mk\\\/wp-content\\\/uploads\\\/2025\\\/04\\\/cropped-IMG-20250410-WA0013-removebg-preview.png?fit=476%2C80&ssl=1\",\"width\":476,\"height\":80,\"caption\":\"Bibloteka e Tetoves\"},\"image\":{\"@id\":\"https:\\\/\\\/nubkrte.org.mk\\\/#\\\/schema\\\/logo\\\/image\\\/\"},\"sameAs\":[\"https:\\\/\\\/www.facebook.com\\\/profile.php?id=100076155098032\"]}]}<\/script>\n<!-- \/ Yoast SEO plugin. -->","yoast_head_json":{"title":"Hello Beautiful - Bibloteka e Tetoves","robots":{"index":"index","follow":"follow","max-snippet":"max-snippet:-1","max-image-preview":"max-image-preview:large","max-video-preview":"max-video-preview:-1"},"canonical":"https:\/\/nubkrte.org.mk\/en\/product\/hello-beautiful\/","og_locale":"en_US","og_type":"article","og_title":"Hello Beautiful - Bibloteka e Tetoves","og_description":"Kjo sag\u00eb e mrekullueshme familjare \u00ebsht\u00eb nj\u00eb prej atyre romaneve t\u00eb rralla, ku personazhet e ve\u00e7anta jan\u00eb dh\u00ebn\u00eb n\u00eb m\u00ebnyr\u00eb t\u00eb shk\u00eblqyer, ngjan sikur jan\u00eb shok\u00ebt e tu t\u00eb ngusht\u00eb dhe ti ndihesh mir\u00ebnjoh\u00ebs q\u00eb je n\u00eb orbit\u00ebn e tyre. Rr\u00ebfimi t\u00eb shtyn ta marr\u00ebsh aq shtruar leximin, sa do t\u00eb doje q\u00eb libri t\u00eb mos mbaronte. N\u00eb fund, ama, s'keni p\u00ebr t'i mbajtur dot lot\u00ebt.","og_url":"https:\/\/nubkrte.org.mk\/en\/product\/hello-beautiful\/","og_site_name":"Bibloteka e Tetoves","article_publisher":"https:\/\/www.facebook.com\/profile.php?id=100076155098032","article_modified_time":"2024-03-20T21:36:40+00:00","og_image":[{"width":1000,"height":1537,"url":"https:\/\/nubkrte.org.mk\/wp-content\/uploads\/2024\/03\/424743108_394184516463382_3263910049584724481_n.jpg","type":"image\/jpeg"}],"twitter_card":"summary_large_image","twitter_misc":{"Est. reading time":"1 minute"},"schema":{"@context":"https:\/\/schema.org","@graph":[{"@type":"WebPage","@id":"https:\/\/nubkrte.org.mk\/product\/hello-beautiful\/","url":"https:\/\/nubkrte.org.mk\/product\/hello-beautiful\/","name":"Hello Beautiful - Bibloteka e Tetoves","isPartOf":{"@id":"https:\/\/nubkrte.org.mk\/#website"},"primaryImageOfPage":{"@id":"https:\/\/nubkrte.org.mk\/product\/hello-beautiful\/#primaryimage"},"image":{"@id":"https:\/\/nubkrte.org.mk\/product\/hello-beautiful\/#primaryimage"},"thumbnailUrl":"https:\/\/i0.wp.com\/nubkrte.org.mk\/wp-content\/uploads\/2024\/03\/424743108_394184516463382_3263910049584724481_n.jpg?fit=1000%2C1537&ssl=1","datePublished":"2024-03-20T21:34:29+00:00","dateModified":"2024-03-20T21:36:40+00:00","breadcrumb":{"@id":"https:\/\/nubkrte.org.mk\/product\/hello-beautiful\/#breadcrumb"},"inLanguage":"en-US","potentialAction":[{"@type":"ReadAction","target":["https:\/\/nubkrte.org.mk\/product\/hello-beautiful\/"]}]},{"@type":"ImageObject","inLanguage":"en-US","@id":"https:\/\/nubkrte.org.mk\/product\/hello-beautiful\/#primaryimage","url":"https:\/\/i0.wp.com\/nubkrte.org.mk\/wp-content\/uploads\/2024\/03\/424743108_394184516463382_3263910049584724481_n.jpg?fit=1000%2C1537&ssl=1","contentUrl":"https:\/\/i0.wp.com\/nubkrte.org.mk\/wp-content\/uploads\/2024\/03\/424743108_394184516463382_3263910049584724481_n.jpg?fit=1000%2C1537&ssl=1","width":1000,"height":1537},{"@type":"BreadcrumbList","@id":"https:\/\/nubkrte.org.mk\/product\/hello-beautiful\/#breadcrumb","itemListElement":[{"@type":"ListItem","position":1,"name":"Home","item":"https:\/\/nubkrte.org.mk\/"},{"@type":"ListItem","position":2,"name":"Produkte","item":"https:\/\/nubkrte.org.mk\/shop\/"},{"@type":"ListItem","position":3,"name":"Hello Beautiful"}]},{"@type":"WebSite","@id":"https:\/\/nubkrte.org.mk\/#website","url":"https:\/\/nubkrte.org.mk\/","name":"Bibloteka e Tetoves","description":"Bibloteka e Tetoves","publisher":{"@id":"https:\/\/nubkrte.org.mk\/#organization"},"potentialAction":[{"@type":"SearchAction","target":{"@type":"EntryPoint","urlTemplate":"https:\/\/nubkrte.org.mk\/?s={search_term_string}"},"query-input":{"@type":"PropertyValueSpecification","valueRequired":true,"valueName":"search_term_string"}}],"inLanguage":"en-US"},{"@type":"Organization","@id":"https:\/\/nubkrte.org.mk\/#organization","name":"Bibloteka e Tetoves","url":"https:\/\/nubkrte.org.mk\/","logo":{"@type":"ImageObject","inLanguage":"en-US","@id":"https:\/\/nubkrte.org.mk\/#\/schema\/logo\/image\/","url":"https:\/\/i0.wp.com\/nubkrte.org.mk\/wp-content\/uploads\/2025\/04\/cropped-IMG-20250410-WA0013-removebg-preview.png?fit=476%2C80&ssl=1","contentUrl":"https:\/\/i0.wp.com\/nubkrte.org.mk\/wp-content\/uploads\/2025\/04\/cropped-IMG-20250410-WA0013-removebg-preview.png?fit=476%2C80&ssl=1","width":476,"height":80,"caption":"Bibloteka e Tetoves"},"image":{"@id":"https:\/\/nubkrte.org.mk\/#\/schema\/logo\/image\/"},"sameAs":["https:\/\/www.facebook.com\/profile.php?id=100076155098032"]}]}},"jetpack_sharing_enabled":true,"_links":{"self":[{"href":"https:\/\/nubkrte.org.mk\/en\/wp-json\/wp\/v2\/product\/5149","targetHints":{"allow":["GET"]}}],"collection":[{"href":"https:\/\/nubkrte.org.mk\/en\/wp-json\/wp\/v2\/product"}],"about":[{"href":"https:\/\/nubkrte.org.mk\/en\/wp-json\/wp\/v2\/types\/product"}],"version-history":[{"count":1,"href":"https:\/\/nubkrte.org.mk\/en\/wp-json\/wp\/v2\/product\/5149\/revisions"}],"predecessor-version":[{"id":5151,"href":"https:\/\/nubkrte.org.mk\/en\/wp-json\/wp\/v2\/product\/5149\/revisions\/5151"}],"wp:featuredmedia":[{"embeddable":true,"href":"https:\/\/nubkrte.org.mk\/en\/wp-json\/wp\/v2\/media\/5150"}],"wp:attachment":[{"href":"https:\/\/nubkrte.org.mk\/en\/wp-json\/wp\/v2\/media?parent=5149"}],"wp:term":[{"taxonomy":"product_brand","embeddable":true,"href":"https:\/\/nubkrte.org.mk\/en\/wp-json\/wp\/v2\/product_brand?post=5149"},{"taxonomy":"product_cat","embeddable":true,"href":"https:\/\/nubkrte.org.mk\/en\/wp-json\/wp\/v2\/product_cat?post=5149"},{"taxonomy":"product_tag","embeddable":true,"href":"https:\/\/nubkrte.org.mk\/en\/wp-json\/wp\/v2\/product_tag?post=5149"},{"taxonomy":"product_publisher","embeddable":true,"href":"https:\/\/nubkrte.org.mk\/en\/wp-json\/wp\/v2\/product_publisher?post=5149"}],"curies":[{"name":"wp","href":"https:\/\/api.w.org\/{rel}","templated":true}]}}