{"id":6135,"date":"2026-03-26T20:09:32","date_gmt":"2026-03-26T20:09:32","guid":{"rendered":"https:\/\/nubkrte.org.mk\/?page_id=6135"},"modified":"2026-03-26T20:11:12","modified_gmt":"2026-03-26T20:11:12","slug":"vendime-per-biblotekar-dhe-per-bashkepunetor-per-veprimtari-letrarare","status":"publish","type":"page","link":"https:\/\/nubkrte.org.mk\/en\/vendime-per-biblotekar-dhe-per-bashkepunetor-per-veprimtari-letrarare\/","title":{"rendered":"Vendime p\u00ebr Biblotekar dhe p\u00ebr Bashkepunetor p\u00ebr veprimtari letrarare"},"content":{"rendered":"<div data-elementor-type=\"wp-page\" data-elementor-id=\"6135\" class=\"elementor elementor-6135\">\n\t\t\t\t\t\t<section class=\"elementor-section elementor-top-section elementor-element elementor-element-6b9494d elementor-section-boxed elementor-section-height-default elementor-section-height-default\" data-id=\"6b9494d\" data-element_type=\"section\" data-e-type=\"section\">\n\t\t\t\t\t\t<div class=\"elementor-container elementor-column-gap-default\">\n\t\t\t\t\t<div class=\"elementor-column elementor-col-100 elementor-top-column elementor-element elementor-element-4283d36\" data-id=\"4283d36\" data-element_type=\"column\" data-e-type=\"column\">\n\t\t\t<div class=\"elementor-widget-wrap elementor-element-populated\">\n\t\t\t\t\t\t<div class=\"elementor-element elementor-element-1039d00 elementor-widget elementor-widget-image\" data-id=\"1039d00\" data-element_type=\"widget\" data-e-type=\"widget\" data-widget_type=\"image.default\">\n\t\t\t\t<div class=\"elementor-widget-container\">\n\t\t\t\t\t<style>.elementor-element-1039d00{display:none !important}<\/style>\t\t\t\t<\/div>\n\t\t\t\t<\/div>\n\t\t\t\t\t<\/div>\n\t\t<\/div>\n\t\t\t\t\t<\/div>\n\t\t<\/section>\n\t\t\t\t<section class=\"elementor-section elementor-top-section elementor-element elementor-element-4fc0bfe elementor-section-boxed elementor-section-height-default elementor-section-height-default\" data-id=\"4fc0bfe\" data-element_type=\"section\" data-e-type=\"section\">\n\t\t\t\t\t\t<div class=\"elementor-container elementor-column-gap-default\">\n\t\t\t\t\t<div class=\"elementor-column elementor-col-100 elementor-top-column elementor-element elementor-element-3446622\" data-id=\"3446622\" data-element_type=\"column\" data-e-type=\"column\">\n\t\t\t<div class=\"elementor-widget-wrap\">\n\t\t\t\t\t\t\t<\/div>\n\t\t<\/div>\n\t\t\t\t\t<\/div>\n\t\t<\/section>\n\t\t\t\t<section class=\"elementor-section elementor-top-section elementor-element elementor-element-638ecf3 elementor-section-boxed elementor-section-height-default elementor-section-height-default\" data-id=\"638ecf3\" data-element_type=\"section\" data-e-type=\"section\">\n\t\t\t\t\t\t<div class=\"elementor-container elementor-column-gap-default\">\n\t\t\t\t\t<div class=\"elementor-column elementor-col-100 elementor-top-column elementor-element elementor-element-48761a4\" data-id=\"48761a4\" data-element_type=\"column\" data-e-type=\"column\">\n\t\t\t<div class=\"elementor-widget-wrap elementor-element-populated\">\n\t\t\t\t\t\t<section class=\"elementor-section elementor-inner-section elementor-element elementor-element-bf19b74 elementor-section-boxed elementor-section-height-default elementor-section-height-default\" data-id=\"bf19b74\" data-element_type=\"section\" data-e-type=\"section\">\n\t\t\t\t\t\t<div class=\"elementor-container elementor-column-gap-default\">\n\t\t\t\t\t<div class=\"elementor-column elementor-col-50 elementor-inner-column elementor-element elementor-element-6ce2544\" data-id=\"6ce2544\" data-element_type=\"column\" data-e-type=\"column\">\n\t\t\t<div class=\"elementor-widget-wrap elementor-element-populated\">\n\t\t\t\t\t\t<div class=\"elementor-element elementor-element-079bb7b elementor-widget elementor-widget-heading\" data-id=\"079bb7b\" data-element_type=\"widget\" data-e-type=\"widget\" data-widget_type=\"heading.default\">\n\t\t\t\t<div class=\"elementor-widget-container\">\n\t\t\t\t\t<h5 class=\"elementor-heading-title elementor-size-default\">Shtyp linkun<\/h5>\t\t\t\t<\/div>\n\t\t\t\t<\/div>\n\t\t\t\t\t<\/div>\n\t\t<\/div>\n\t\t\t\t<div class=\"elementor-column elementor-col-50 elementor-inner-column elementor-element elementor-element-118ad3a\" data-id=\"118ad3a\" data-element_type=\"column\" data-e-type=\"column\">\n\t\t\t<div class=\"elementor-widget-wrap\">\n\t\t\t\t\t\t\t<\/div>\n\t\t<\/div>\n\t\t\t\t\t<\/div>\n\t\t<\/section>\n\t\t\t\t<div class=\"elementor-element elementor-element-1008c92 elementor-widget elementor-widget-heading\" data-id=\"1008c92\" data-element_type=\"widget\" data-e-type=\"widget\" data-widget_type=\"heading.default\">\n\t\t\t\t<div class=\"elementor-widget-container\">\n\t\t\t\t\t<h2 class=\"elementor-heading-title elementor-size-default\"><a href=\"https:\/\/nubkrte.org.mk\/wp-content\/uploads\/2026\/03\/Vendim-per-Bashkepunetor-compressed.pdf\" target=\"_blank\">Vendime p\u00ebr Bashkepunetor p\u00ebr veprimtari letrarare<\/a><\/h2>\t\t\t\t<\/div>\n\t\t\t\t<\/div>\n\t\t\t\t<div class=\"elementor-element elementor-element-b617966 elementor-widget elementor-widget-heading\" data-id=\"b617966\" data-element_type=\"widget\" data-e-type=\"widget\" data-widget_type=\"heading.default\">\n\t\t\t\t<div class=\"elementor-widget-container\">\n\t\t\t\t\t<h2 class=\"elementor-heading-title elementor-size-default\"><a href=\"https:\/\/nubkrte.org.mk\/wp-content\/uploads\/2026\/03\/Vendim-per-BIBLIOTEKAR.pdf\" target=\"_blank\">Vendime p\u00ebr Biblotekar<\/a><\/h2>\t\t\t\t<\/div>\n\t\t\t\t<\/div>\n\t\t\t\t\t<\/div>\n\t\t<\/div>\n\t\t\t\t\t<\/div>\n\t\t<\/section>\n\t\t\t\t<section class=\"elementor-section elementor-top-section elementor-element elementor-element-9c882a6 elementor-section-boxed elementor-section-height-default elementor-section-height-default\" data-id=\"9c882a6\" data-element_type=\"section\" data-e-type=\"section\">\n\t\t\t\t\t\t<div class=\"elementor-container elementor-column-gap-default\">\n\t\t\t\t\t<div class=\"elementor-column elementor-col-100 elementor-top-column elementor-element elementor-element-26a183f\" data-id=\"26a183f\" data-element_type=\"column\" data-e-type=\"column\">\n\t\t\t<div class=\"elementor-widget-wrap\">\n\t\t\t\t\t\t\t<\/div>\n\t\t<\/div>\n\t\t\t\t\t<\/div>\n\t\t<\/section>\n\t\t\t\t<\/div>","protected":false},"excerpt":{"rendered":"<p>Shtyp linkun Vendime p\u00ebr Bashkepunetor p\u00ebr veprimtari letrarare Vendime p\u00ebr Biblotekar<\/p>","protected":false},"author":1,"featured_media":0,"parent":0,"menu_order":0,"comment_status":"closed","ping_status":"closed","template":"","meta":{"om_disable_all_campaigns":false,"footnotes":""},"class_list":["post-6135","page","type-page","status-publish","hentry"],"yoast_head":"<!-- This site is optimized with the Yoast SEO plugin v27.5 - https:\/\/yoast.com\/product\/yoast-seo-wordpress\/ -->\n<title>Vendime p\u00ebr Biblotekar dhe p\u00ebr Bashkepunetor p\u00ebr veprimtari letrarare - Bibloteka e Tetoves<\/title>\n<meta name=\"robots\" content=\"index, follow, max-snippet:-1, max-image-preview:large, max-video-preview:-1\" \/>\n<link rel=\"canonical\" href=\"https:\/\/nubkrte.org.mk\/en\/vendime-per-biblotekar-dhe-per-bashkepunetor-per-veprimtari-letrarare\/\" \/>\n<meta property=\"og:locale\" content=\"en_US\" \/>\n<meta property=\"og:type\" content=\"article\" \/>\n<meta property=\"og:title\" content=\"Vendime p\u00ebr Biblotekar dhe p\u00ebr Bashkepunetor p\u00ebr veprimtari letrarare - Bibloteka e Tetoves\" \/>\n<meta property=\"og:description\" content=\"Shtyp linkun Vendime p\u00ebr Bashkepunetor p\u00ebr veprimtari letrarare Vendime p\u00ebr Biblotekar\" \/>\n<meta property=\"og:url\" content=\"https:\/\/nubkrte.org.mk\/en\/vendime-per-biblotekar-dhe-per-bashkepunetor-per-veprimtari-letrarare\/\" \/>\n<meta property=\"og:site_name\" content=\"Bibloteka e Tetoves\" \/>\n<meta property=\"article:publisher\" content=\"https:\/\/www.facebook.com\/profile.php?id=100076155098032\" \/>\n<meta property=\"article:modified_time\" content=\"2026-03-26T20:11:12+00:00\" \/>\n<meta name=\"twitter:card\" content=\"summary_large_image\" \/>\n<meta name=\"twitter:label1\" content=\"Est. reading time\" \/>\n\t<meta name=\"twitter:data1\" content=\"1 minute\" \/>\n<script type=\"application\/ld+json\" class=\"yoast-schema-graph\">{\"@context\":\"https:\\\/\\\/schema.org\",\"@graph\":[{\"@type\":\"WebPage\",\"@id\":\"https:\\\/\\\/nubkrte.org.mk\\\/vendime-per-biblotekar-dhe-per-bashkepunetor-per-veprimtari-letrarare\\\/\",\"url\":\"https:\\\/\\\/nubkrte.org.mk\\\/vendime-per-biblotekar-dhe-per-bashkepunetor-per-veprimtari-letrarare\\\/\",\"name\":\"Vendime p\u00ebr Biblotekar dhe p\u00ebr Bashkepunetor p\u00ebr veprimtari letrarare - Bibloteka e Tetoves\",\"isPartOf\":{\"@id\":\"https:\\\/\\\/nubkrte.org.mk\\\/#website\"},\"datePublished\":\"2026-03-26T20:09:32+00:00\",\"dateModified\":\"2026-03-26T20:11:12+00:00\",\"breadcrumb\":{\"@id\":\"https:\\\/\\\/nubkrte.org.mk\\\/vendime-per-biblotekar-dhe-per-bashkepunetor-per-veprimtari-letrarare\\\/#breadcrumb\"},\"inLanguage\":\"en-US\",\"potentialAction\":[{\"@type\":\"ReadAction\",\"target\":[\"https:\\\/\\\/nubkrte.org.mk\\\/vendime-per-biblotekar-dhe-per-bashkepunetor-per-veprimtari-letrarare\\\/\"]}]},{\"@type\":\"BreadcrumbList\",\"@id\":\"https:\\\/\\\/nubkrte.org.mk\\\/vendime-per-biblotekar-dhe-per-bashkepunetor-per-veprimtari-letrarare\\\/#breadcrumb\",\"itemListElement\":[{\"@type\":\"ListItem\",\"position\":1,\"name\":\"Home\",\"item\":\"https:\\\/\\\/nubkrte.org.mk\\\/\"},{\"@type\":\"ListItem\",\"position\":2,\"name\":\"Vendime p\u00ebr Biblotekar dhe p\u00ebr Bashkepunetor p\u00ebr veprimtari letrarare\"}]},{\"@type\":\"WebSite\",\"@id\":\"https:\\\/\\\/nubkrte.org.mk\\\/#website\",\"url\":\"https:\\\/\\\/nubkrte.org.mk\\\/\",\"name\":\"Bibloteka e Tetoves\",\"description\":\"Bibloteka e Tetoves\",\"publisher\":{\"@id\":\"https:\\\/\\\/nubkrte.org.mk\\\/#organization\"},\"potentialAction\":[{\"@type\":\"SearchAction\",\"target\":{\"@type\":\"EntryPoint\",\"urlTemplate\":\"https:\\\/\\\/nubkrte.org.mk\\\/?s={search_term_string}\"},\"query-input\":{\"@type\":\"PropertyValueSpecification\",\"valueRequired\":true,\"valueName\":\"search_term_string\"}}],\"inLanguage\":\"en-US\"},{\"@type\":\"Organization\",\"@id\":\"https:\\\/\\\/nubkrte.org.mk\\\/#organization\",\"name\":\"Bibloteka e Tetoves\",\"url\":\"https:\\\/\\\/nubkrte.org.mk\\\/\",\"logo\":{\"@type\":\"ImageObject\",\"inLanguage\":\"en-US\",\"@id\":\"https:\\\/\\\/nubkrte.org.mk\\\/#\\\/schema\\\/logo\\\/image\\\/\",\"url\":\"https:\\\/\\\/i0.wp.com\\\/nubkrte.org.mk\\\/wp-content\\\/uploads\\\/2025\\\/04\\\/cropped-IMG-20250410-WA0013-removebg-preview.png?fit=476%2C80&ssl=1\",\"contentUrl\":\"https:\\\/\\\/i0.wp.com\\\/nubkrte.org.mk\\\/wp-content\\\/uploads\\\/2025\\\/04\\\/cropped-IMG-20250410-WA0013-removebg-preview.png?fit=476%2C80&ssl=1\",\"width\":476,\"height\":80,\"caption\":\"Bibloteka e Tetoves\"},\"image\":{\"@id\":\"https:\\\/\\\/nubkrte.org.mk\\\/#\\\/schema\\\/logo\\\/image\\\/\"},\"sameAs\":[\"https:\\\/\\\/www.facebook.com\\\/profile.php?id=100076155098032\"]}]}<\/script>\n<!-- \/ Yoast SEO plugin. -->","yoast_head_json":{"title":"Vendime p\u00ebr Biblotekar dhe p\u00ebr Bashkepunetor p\u00ebr veprimtari letrarare - Bibloteka e Tetoves","robots":{"index":"index","follow":"follow","max-snippet":"max-snippet:-1","max-image-preview":"max-image-preview:large","max-video-preview":"max-video-preview:-1"},"canonical":"https:\/\/nubkrte.org.mk\/en\/vendime-per-biblotekar-dhe-per-bashkepunetor-per-veprimtari-letrarare\/","og_locale":"en_US","og_type":"article","og_title":"Vendime p\u00ebr Biblotekar dhe p\u00ebr Bashkepunetor p\u00ebr veprimtari letrarare - Bibloteka e Tetoves","og_description":"Shtyp linkun Vendime p\u00ebr Bashkepunetor p\u00ebr veprimtari letrarare Vendime p\u00ebr Biblotekar","og_url":"https:\/\/nubkrte.org.mk\/en\/vendime-per-biblotekar-dhe-per-bashkepunetor-per-veprimtari-letrarare\/","og_site_name":"Bibloteka e Tetoves","article_publisher":"https:\/\/www.facebook.com\/profile.php?id=100076155098032","article_modified_time":"2026-03-26T20:11:12+00:00","twitter_card":"summary_large_image","twitter_misc":{"Est. reading time":"1 minute"},"schema":{"@context":"https:\/\/schema.org","@graph":[{"@type":"WebPage","@id":"https:\/\/nubkrte.org.mk\/vendime-per-biblotekar-dhe-per-bashkepunetor-per-veprimtari-letrarare\/","url":"https:\/\/nubkrte.org.mk\/vendime-per-biblotekar-dhe-per-bashkepunetor-per-veprimtari-letrarare\/","name":"Vendime p\u00ebr Biblotekar dhe p\u00ebr Bashkepunetor p\u00ebr veprimtari letrarare - Bibloteka e Tetoves","isPartOf":{"@id":"https:\/\/nubkrte.org.mk\/#website"},"datePublished":"2026-03-26T20:09:32+00:00","dateModified":"2026-03-26T20:11:12+00:00","breadcrumb":{"@id":"https:\/\/nubkrte.org.mk\/vendime-per-biblotekar-dhe-per-bashkepunetor-per-veprimtari-letrarare\/#breadcrumb"},"inLanguage":"en-US","potentialAction":[{"@type":"ReadAction","target":["https:\/\/nubkrte.org.mk\/vendime-per-biblotekar-dhe-per-bashkepunetor-per-veprimtari-letrarare\/"]}]},{"@type":"BreadcrumbList","@id":"https:\/\/nubkrte.org.mk\/vendime-per-biblotekar-dhe-per-bashkepunetor-per-veprimtari-letrarare\/#breadcrumb","itemListElement":[{"@type":"ListItem","position":1,"name":"Home","item":"https:\/\/nubkrte.org.mk\/"},{"@type":"ListItem","position":2,"name":"Vendime p\u00ebr Biblotekar dhe p\u00ebr Bashkepunetor p\u00ebr veprimtari letrarare"}]},{"@type":"WebSite","@id":"https:\/\/nubkrte.org.mk\/#website","url":"https:\/\/nubkrte.org.mk\/","name":"Bibloteka e Tetoves","description":"Bibloteka e Tetoves","publisher":{"@id":"https:\/\/nubkrte.org.mk\/#organization"},"potentialAction":[{"@type":"SearchAction","target":{"@type":"EntryPoint","urlTemplate":"https:\/\/nubkrte.org.mk\/?s={search_term_string}"},"query-input":{"@type":"PropertyValueSpecification","valueRequired":true,"valueName":"search_term_string"}}],"inLanguage":"en-US"},{"@type":"Organization","@id":"https:\/\/nubkrte.org.mk\/#organization","name":"Bibloteka e Tetoves","url":"https:\/\/nubkrte.org.mk\/","logo":{"@type":"ImageObject","inLanguage":"en-US","@id":"https:\/\/nubkrte.org.mk\/#\/schema\/logo\/image\/","url":"https:\/\/i0.wp.com\/nubkrte.org.mk\/wp-content\/uploads\/2025\/04\/cropped-IMG-20250410-WA0013-removebg-preview.png?fit=476%2C80&ssl=1","contentUrl":"https:\/\/i0.wp.com\/nubkrte.org.mk\/wp-content\/uploads\/2025\/04\/cropped-IMG-20250410-WA0013-removebg-preview.png?fit=476%2C80&ssl=1","width":476,"height":80,"caption":"Bibloteka e Tetoves"},"image":{"@id":"https:\/\/nubkrte.org.mk\/#\/schema\/logo\/image\/"},"sameAs":["https:\/\/www.facebook.com\/profile.php?id=100076155098032"]}]}},"jetpack_sharing_enabled":true,"_links":{"self":[{"href":"https:\/\/nubkrte.org.mk\/en\/wp-json\/wp\/v2\/pages\/6135","targetHints":{"allow":["GET"]}}],"collection":[{"href":"https:\/\/nubkrte.org.mk\/en\/wp-json\/wp\/v2\/pages"}],"about":[{"href":"https:\/\/nubkrte.org.mk\/en\/wp-json\/wp\/v2\/types\/page"}],"author":[{"embeddable":true,"href":"https:\/\/nubkrte.org.mk\/en\/wp-json\/wp\/v2\/users\/1"}],"replies":[{"embeddable":true,"href":"https:\/\/nubkrte.org.mk\/en\/wp-json\/wp\/v2\/comments?post=6135"}],"version-history":[{"count":4,"href":"https:\/\/nubkrte.org.mk\/en\/wp-json\/wp\/v2\/pages\/6135\/revisions"}],"predecessor-version":[{"id":6141,"href":"https:\/\/nubkrte.org.mk\/en\/wp-json\/wp\/v2\/pages\/6135\/revisions\/6141"}],"wp:attachment":[{"href":"https:\/\/nubkrte.org.mk\/en\/wp-json\/wp\/v2\/media?parent=6135"}],"curies":[{"name":"wp","href":"https:\/\/api.w.org\/{rel}","templated":true}]}}