{"id":6113,"date":"2026-03-25T19:47:17","date_gmt":"2026-03-25T19:47:17","guid":{"rendered":"https:\/\/nubkrte.org.mk\/?page_id=6113"},"modified":"2026-03-26T14:04:40","modified_gmt":"2026-03-26T14:04:40","slug":"rezultatet-shpallje-publike-nr-01-2026","status":"publish","type":"page","link":"https:\/\/nubkrte.org.mk\/en\/rezultatet-shpallje-publike-nr-01-2026\/","title":{"rendered":"Rezultatet &#8211; SHPALLJE PUBLIKE NR. 01\/2026"},"content":{"rendered":"<div data-elementor-type=\"wp-page\" data-elementor-id=\"6113\" class=\"elementor elementor-6113\">\n\t\t\t\t\t\t<section class=\"elementor-section elementor-top-section elementor-element elementor-element-6b9494d elementor-section-boxed elementor-section-height-default elementor-section-height-default\" data-id=\"6b9494d\" data-element_type=\"section\" data-e-type=\"section\">\n\t\t\t\t\t\t<div class=\"elementor-container elementor-column-gap-default\">\n\t\t\t\t\t<div class=\"elementor-column elementor-col-100 elementor-top-column elementor-element elementor-element-4283d36\" data-id=\"4283d36\" data-element_type=\"column\" data-e-type=\"column\">\n\t\t\t<div class=\"elementor-widget-wrap elementor-element-populated\">\n\t\t\t\t\t\t<div class=\"elementor-element elementor-element-1039d00 elementor-widget elementor-widget-image\" data-id=\"1039d00\" data-element_type=\"widget\" data-e-type=\"widget\" data-widget_type=\"image.default\">\n\t\t\t\t<div class=\"elementor-widget-container\">\n\t\t\t\t\t<style>.elementor-element-1039d00{display:none !important}<\/style>\t\t\t\t<\/div>\n\t\t\t\t<\/div>\n\t\t\t\t\t<\/div>\n\t\t<\/div>\n\t\t\t\t\t<\/div>\n\t\t<\/section>\n\t\t\t\t<section class=\"elementor-section elementor-top-section elementor-element elementor-element-4fc0bfe elementor-section-boxed elementor-section-height-default elementor-section-height-default\" data-id=\"4fc0bfe\" data-element_type=\"section\" data-e-type=\"section\">\n\t\t\t\t\t\t<div class=\"elementor-container elementor-column-gap-default\">\n\t\t\t\t\t<div class=\"elementor-column elementor-col-100 elementor-top-column elementor-element elementor-element-3446622\" data-id=\"3446622\" data-element_type=\"column\" data-e-type=\"column\">\n\t\t\t<div class=\"elementor-widget-wrap\">\n\t\t\t\t\t\t\t<\/div>\n\t\t<\/div>\n\t\t\t\t\t<\/div>\n\t\t<\/section>\n\t\t\t\t<section class=\"elementor-section elementor-top-section elementor-element elementor-element-638ecf3 elementor-section-boxed elementor-section-height-default elementor-section-height-default\" data-id=\"638ecf3\" data-element_type=\"section\" data-e-type=\"section\">\n\t\t\t\t\t\t<div class=\"elementor-container elementor-column-gap-default\">\n\t\t\t\t\t<div class=\"elementor-column elementor-col-100 elementor-top-column elementor-element elementor-element-48761a4\" data-id=\"48761a4\" data-element_type=\"column\" data-e-type=\"column\">\n\t\t\t<div class=\"elementor-widget-wrap elementor-element-populated\">\n\t\t\t\t\t\t<section class=\"elementor-section elementor-inner-section elementor-element elementor-element-bf19b74 elementor-section-boxed elementor-section-height-default elementor-section-height-default\" data-id=\"bf19b74\" data-element_type=\"section\" data-e-type=\"section\">\n\t\t\t\t\t\t<div class=\"elementor-container elementor-column-gap-default\">\n\t\t\t\t\t<div class=\"elementor-column elementor-col-50 elementor-inner-column elementor-element elementor-element-6ce2544\" data-id=\"6ce2544\" data-element_type=\"column\" data-e-type=\"column\">\n\t\t\t<div class=\"elementor-widget-wrap elementor-element-populated\">\n\t\t\t\t\t\t<div class=\"elementor-element elementor-element-079bb7b elementor-widget elementor-widget-heading\" data-id=\"079bb7b\" data-element_type=\"widget\" data-e-type=\"widget\" data-widget_type=\"heading.default\">\n\t\t\t\t<div class=\"elementor-widget-container\">\n\t\t\t\t\t<h5 class=\"elementor-heading-title elementor-size-default\">Shtyp linkun<\/h5>\t\t\t\t<\/div>\n\t\t\t\t<\/div>\n\t\t\t\t\t<\/div>\n\t\t<\/div>\n\t\t\t\t<div class=\"elementor-column elementor-col-50 elementor-inner-column elementor-element elementor-element-118ad3a\" data-id=\"118ad3a\" data-element_type=\"column\" data-e-type=\"column\">\n\t\t\t<div class=\"elementor-widget-wrap\">\n\t\t\t\t\t\t\t<\/div>\n\t\t<\/div>\n\t\t\t\t\t<\/div>\n\t\t<\/section>\n\t\t\t\t<div class=\"elementor-element elementor-element-1008c92 elementor-widget elementor-widget-heading\" data-id=\"1008c92\" data-element_type=\"widget\" data-e-type=\"widget\" data-widget_type=\"heading.default\">\n\t\t\t\t<div class=\"elementor-widget-container\">\n\t\t\t\t\t<h2 class=\"elementor-heading-title elementor-size-default\"><a href=\"https:\/\/nubkrte.org.mk\/wp-content\/uploads\/2026\/03\/Sqarim-per-opinionin-Leshim-teknik.pdf\" target=\"_blank\">Sqarim dhe Rezultatet \u2013 SHPALLJE PUBLIKE NR. 01\/2026<\/a><\/h2>\t\t\t\t<\/div>\n\t\t\t\t<\/div>\n\t\t\t\t<div class=\"elementor-element elementor-element-c622283 elementor-widget elementor-widget-text-editor\" data-id=\"c622283\" data-element_type=\"widget\" data-e-type=\"widget\" data-widget_type=\"text-editor.default\">\n\t\t\t\t<div class=\"elementor-widget-container\">\n\t\t\t\t\t\t\t\t\t<p>Sqarim p\u00ebr opinionin:<br \/><br \/>Gjat\u00eb shpalljes s\u00eb rezultateve t\u00eb kandidat\u00ebve nga ana e IN, biblioteka \u201cKo\u00e7o Racin\u201d \u2013\u00a0 Tetov\u00eb \u00ebsht\u00eb b\u00ebr\u00eb l\u00ebshim teknik p\u00ebr vendin e pun\u00ebs Bibliotekar<br aria-hidden=\"true\" \/>n\u00eb kolon\u00ebn e dyt\u00eb te kandidat\u00ebt me num\u00ebr rendor 7, 8, 9, 10, 11.<br \/><br \/>\u041f\u043e\u0458\u0430\u0441\u043d\u0443\u0432\u0430\u045a\u0435 \u0437\u0430 \u0458\u0430\u0432\u043d\u043e\u0441\u0442\u0430:<br aria-hidden=\"true\" \/>\u0417\u0430 \u0432\u0440\u0435\u043c\u0435 \u043d\u0430 \u043e\u0431\u0458\u0430\u0432\u0443\u0432\u0430\u045a\u0435\u0442\u043e \u043d\u0430 \u0440\u0435\u0437\u0443\u043b\u0442\u0430\u0442\u0438\u0442\u0435 \u043d\u0430 \u043a\u0430\u043d\u0434\u0438\u0434\u0430\u0442\u0438\u0442\u0435 \u043e\u0434 \u0441\u0442\u0440\u0430\u043d\u0430 \u043d\u0430 \u041d\u0423 \u0431\u0438\u0431\u043b\u0438\u043e\u0442\u0435\u043a\u0430\u0442\u0430 \u201e\u041a\u043e\u0447\u043e \u0420\u0430\u0446\u0438\u043d\u201c \u2013 \u0422\u0435\u0442\u043e\u0432\u043e \u0435 \u043d\u0430\u043f\u0440\u0430\u0432\u0435\u043d\u0430 \u0442\u0435\u0445\u043d\u0438\u0447\u043a\u0430 \u0433\u0440\u0435\u0448\u043a\u0430 \u0437\u0430 \u0440\u0430\u0431\u043e\u0442\u043d\u043e\u0442\u043e \u043c\u0435\u0441\u0442\u043e \u0411\u0438\u0431\u043b\u0438\u043e\u0442\u0435\u043a\u0430\u0440, \u0432\u043e \u0432\u0442\u043e\u0440\u0430\u0442\u0430 \u043a\u043e\u043b\u043e\u043d\u0430 \u043a\u0430\u0458 \u043a\u0430\u043d\u0434\u0438\u0434\u0430\u0442\u0438\u0442\u0435 \u0441\u043e \u0440\u0435\u0434\u043d\u0438 \u0431\u0440\u043e\u0435\u0432\u0438 7, 8, 9, 10, 11.<\/p>\t\t\t\t\t\t\t\t<\/div>\n\t\t\t\t<\/div>\n\t\t\t\t<div class=\"elementor-element elementor-element-b617966 elementor-widget elementor-widget-heading\" data-id=\"b617966\" data-element_type=\"widget\" data-e-type=\"widget\" data-widget_type=\"heading.default\">\n\t\t\t\t<div class=\"elementor-widget-container\">\n\t\t\t\t\t<h2 class=\"elementor-heading-title elementor-size-default\"><a href=\"https:\/\/nubkrte.org.mk\/wp-content\/uploads\/2026\/03\/Web-Rezultatet-finale-shpallja-01-2026-1.pdf\" target=\"_blank\">Rezultatet \u2013 SHPALLJE PUBLIKE NR. 01\/2026<\/a><\/h2>\t\t\t\t<\/div>\n\t\t\t\t<\/div>\n\t\t\t\t<div class=\"elementor-element elementor-element-6cd5c2f elementor-widget elementor-widget-heading\" data-id=\"6cd5c2f\" data-element_type=\"widget\" data-e-type=\"widget\" data-widget_type=\"heading.default\">\n\t\t\t\t<div class=\"elementor-widget-container\">\n\t\t\t\t\t<h2 class=\"elementor-heading-title elementor-size-default\"><a href=\"https:\/\/nubkrte.org.mk\/wp-content\/uploads\/2026\/03\/Web-Rezultatet-finale-shpallja-01-2026.pdf\" target=\"_blank\">Rezultatet e vjetra \u2013 SHPALLJE PUBLIKE NR. 01\/2026<\/a><\/h2>\t\t\t\t<\/div>\n\t\t\t\t<\/div>\n\t\t\t\t\t<\/div>\n\t\t<\/div>\n\t\t\t\t\t<\/div>\n\t\t<\/section>\n\t\t\t\t<section class=\"elementor-section elementor-top-section elementor-element elementor-element-9c882a6 elementor-section-boxed elementor-section-height-default elementor-section-height-default\" data-id=\"9c882a6\" data-element_type=\"section\" data-e-type=\"section\">\n\t\t\t\t\t\t<div class=\"elementor-container elementor-column-gap-default\">\n\t\t\t\t\t<div class=\"elementor-column elementor-col-100 elementor-top-column elementor-element elementor-element-26a183f\" data-id=\"26a183f\" data-element_type=\"column\" data-e-type=\"column\">\n\t\t\t<div class=\"elementor-widget-wrap\">\n\t\t\t\t\t\t\t<\/div>\n\t\t<\/div>\n\t\t\t\t\t<\/div>\n\t\t<\/section>\n\t\t\t\t<\/div>","protected":false},"excerpt":{"rendered":"<p>Shtyp linkun Sqarim dhe Rezultatet \u2013 SHPALLJE PUBLIKE NR. 01\/2026 Sqarim p\u00ebr opinionin: Gjat\u00eb shpalljes s\u00eb rezultateve t\u00eb kandidat\u00ebve nga ana e IN, biblioteka \u201cKo\u00e7o Racin\u201d \u2013\u00a0 Tetov\u00eb \u00ebsht\u00eb b\u00ebr\u00eb [&hellip;]<\/p>\n","protected":false},"author":1,"featured_media":0,"parent":0,"menu_order":0,"comment_status":"closed","ping_status":"closed","template":"","meta":{"om_disable_all_campaigns":false,"footnotes":""},"class_list":["post-6113","page","type-page","status-publish","hentry"],"yoast_head":"<!-- This site is optimized with the Yoast SEO plugin v27.5 - https:\/\/yoast.com\/product\/yoast-seo-wordpress\/ -->\n<title>Rezultatet - SHPALLJE PUBLIKE NR. 01\/2026 - Bibloteka e Tetoves<\/title>\n<meta name=\"robots\" content=\"index, follow, max-snippet:-1, max-image-preview:large, max-video-preview:-1\" \/>\n<link rel=\"canonical\" href=\"https:\/\/nubkrte.org.mk\/en\/rezultatet-shpallje-publike-nr-01-2026\/\" \/>\n<meta property=\"og:locale\" content=\"en_US\" \/>\n<meta property=\"og:type\" content=\"article\" \/>\n<meta property=\"og:title\" content=\"Rezultatet - SHPALLJE PUBLIKE NR. 01\/2026 - Bibloteka e Tetoves\" \/>\n<meta property=\"og:description\" content=\"Shtyp linkun Sqarim dhe Rezultatet \u2013 SHPALLJE PUBLIKE NR. 01\/2026 Sqarim p\u00ebr opinionin: Gjat\u00eb shpalljes s\u00eb rezultateve t\u00eb kandidat\u00ebve nga ana e IN, biblioteka \u201cKo\u00e7o Racin\u201d \u2013\u00a0 Tetov\u00eb \u00ebsht\u00eb b\u00ebr\u00eb [&hellip;]\" \/>\n<meta property=\"og:url\" content=\"https:\/\/nubkrte.org.mk\/en\/rezultatet-shpallje-publike-nr-01-2026\/\" \/>\n<meta property=\"og:site_name\" content=\"Bibloteka e Tetoves\" \/>\n<meta property=\"article:publisher\" content=\"https:\/\/www.facebook.com\/profile.php?id=100076155098032\" \/>\n<meta property=\"article:modified_time\" content=\"2026-03-26T14:04:40+00:00\" \/>\n<meta name=\"twitter:card\" content=\"summary_large_image\" \/>\n<meta name=\"twitter:label1\" content=\"Est. reading time\" \/>\n\t<meta name=\"twitter:data1\" content=\"1 minute\" \/>\n<script type=\"application\/ld+json\" class=\"yoast-schema-graph\">{\"@context\":\"https:\\\/\\\/schema.org\",\"@graph\":[{\"@type\":\"WebPage\",\"@id\":\"https:\\\/\\\/nubkrte.org.mk\\\/rezultatet-shpallje-publike-nr-01-2026\\\/\",\"url\":\"https:\\\/\\\/nubkrte.org.mk\\\/rezultatet-shpallje-publike-nr-01-2026\\\/\",\"name\":\"Rezultatet - SHPALLJE PUBLIKE NR. 01\\\/2026 - Bibloteka e Tetoves\",\"isPartOf\":{\"@id\":\"https:\\\/\\\/nubkrte.org.mk\\\/#website\"},\"datePublished\":\"2026-03-25T19:47:17+00:00\",\"dateModified\":\"2026-03-26T14:04:40+00:00\",\"breadcrumb\":{\"@id\":\"https:\\\/\\\/nubkrte.org.mk\\\/rezultatet-shpallje-publike-nr-01-2026\\\/#breadcrumb\"},\"inLanguage\":\"en-US\",\"potentialAction\":[{\"@type\":\"ReadAction\",\"target\":[\"https:\\\/\\\/nubkrte.org.mk\\\/rezultatet-shpallje-publike-nr-01-2026\\\/\"]}]},{\"@type\":\"BreadcrumbList\",\"@id\":\"https:\\\/\\\/nubkrte.org.mk\\\/rezultatet-shpallje-publike-nr-01-2026\\\/#breadcrumb\",\"itemListElement\":[{\"@type\":\"ListItem\",\"position\":1,\"name\":\"Home\",\"item\":\"https:\\\/\\\/nubkrte.org.mk\\\/\"},{\"@type\":\"ListItem\",\"position\":2,\"name\":\"Rezultatet &#8211; SHPALLJE PUBLIKE NR. 01\\\/2026\"}]},{\"@type\":\"WebSite\",\"@id\":\"https:\\\/\\\/nubkrte.org.mk\\\/#website\",\"url\":\"https:\\\/\\\/nubkrte.org.mk\\\/\",\"name\":\"Bibloteka e Tetoves\",\"description\":\"Bibloteka e Tetoves\",\"publisher\":{\"@id\":\"https:\\\/\\\/nubkrte.org.mk\\\/#organization\"},\"potentialAction\":[{\"@type\":\"SearchAction\",\"target\":{\"@type\":\"EntryPoint\",\"urlTemplate\":\"https:\\\/\\\/nubkrte.org.mk\\\/?s={search_term_string}\"},\"query-input\":{\"@type\":\"PropertyValueSpecification\",\"valueRequired\":true,\"valueName\":\"search_term_string\"}}],\"inLanguage\":\"en-US\"},{\"@type\":\"Organization\",\"@id\":\"https:\\\/\\\/nubkrte.org.mk\\\/#organization\",\"name\":\"Bibloteka e Tetoves\",\"url\":\"https:\\\/\\\/nubkrte.org.mk\\\/\",\"logo\":{\"@type\":\"ImageObject\",\"inLanguage\":\"en-US\",\"@id\":\"https:\\\/\\\/nubkrte.org.mk\\\/#\\\/schema\\\/logo\\\/image\\\/\",\"url\":\"https:\\\/\\\/i0.wp.com\\\/nubkrte.org.mk\\\/wp-content\\\/uploads\\\/2025\\\/04\\\/cropped-IMG-20250410-WA0013-removebg-preview.png?fit=476%2C80&ssl=1\",\"contentUrl\":\"https:\\\/\\\/i0.wp.com\\\/nubkrte.org.mk\\\/wp-content\\\/uploads\\\/2025\\\/04\\\/cropped-IMG-20250410-WA0013-removebg-preview.png?fit=476%2C80&ssl=1\",\"width\":476,\"height\":80,\"caption\":\"Bibloteka e Tetoves\"},\"image\":{\"@id\":\"https:\\\/\\\/nubkrte.org.mk\\\/#\\\/schema\\\/logo\\\/image\\\/\"},\"sameAs\":[\"https:\\\/\\\/www.facebook.com\\\/profile.php?id=100076155098032\"]}]}<\/script>\n<!-- \/ Yoast SEO plugin. -->","yoast_head_json":{"title":"Rezultatet - SHPALLJE PUBLIKE NR. 01\/2026 - Bibloteka e Tetoves","robots":{"index":"index","follow":"follow","max-snippet":"max-snippet:-1","max-image-preview":"max-image-preview:large","max-video-preview":"max-video-preview:-1"},"canonical":"https:\/\/nubkrte.org.mk\/en\/rezultatet-shpallje-publike-nr-01-2026\/","og_locale":"en_US","og_type":"article","og_title":"Rezultatet - SHPALLJE PUBLIKE NR. 01\/2026 - Bibloteka e Tetoves","og_description":"Shtyp linkun Sqarim dhe Rezultatet \u2013 SHPALLJE PUBLIKE NR. 01\/2026 Sqarim p\u00ebr opinionin: Gjat\u00eb shpalljes s\u00eb rezultateve t\u00eb kandidat\u00ebve nga ana e IN, biblioteka \u201cKo\u00e7o Racin\u201d \u2013\u00a0 Tetov\u00eb \u00ebsht\u00eb b\u00ebr\u00eb [&hellip;]","og_url":"https:\/\/nubkrte.org.mk\/en\/rezultatet-shpallje-publike-nr-01-2026\/","og_site_name":"Bibloteka e Tetoves","article_publisher":"https:\/\/www.facebook.com\/profile.php?id=100076155098032","article_modified_time":"2026-03-26T14:04:40+00:00","twitter_card":"summary_large_image","twitter_misc":{"Est. reading time":"1 minute"},"schema":{"@context":"https:\/\/schema.org","@graph":[{"@type":"WebPage","@id":"https:\/\/nubkrte.org.mk\/rezultatet-shpallje-publike-nr-01-2026\/","url":"https:\/\/nubkrte.org.mk\/rezultatet-shpallje-publike-nr-01-2026\/","name":"Rezultatet - SHPALLJE PUBLIKE NR. 01\/2026 - Bibloteka e Tetoves","isPartOf":{"@id":"https:\/\/nubkrte.org.mk\/#website"},"datePublished":"2026-03-25T19:47:17+00:00","dateModified":"2026-03-26T14:04:40+00:00","breadcrumb":{"@id":"https:\/\/nubkrte.org.mk\/rezultatet-shpallje-publike-nr-01-2026\/#breadcrumb"},"inLanguage":"en-US","potentialAction":[{"@type":"ReadAction","target":["https:\/\/nubkrte.org.mk\/rezultatet-shpallje-publike-nr-01-2026\/"]}]},{"@type":"BreadcrumbList","@id":"https:\/\/nubkrte.org.mk\/rezultatet-shpallje-publike-nr-01-2026\/#breadcrumb","itemListElement":[{"@type":"ListItem","position":1,"name":"Home","item":"https:\/\/nubkrte.org.mk\/"},{"@type":"ListItem","position":2,"name":"Rezultatet &#8211; SHPALLJE PUBLIKE NR. 01\/2026"}]},{"@type":"WebSite","@id":"https:\/\/nubkrte.org.mk\/#website","url":"https:\/\/nubkrte.org.mk\/","name":"Bibloteka e Tetoves","description":"Bibloteka e Tetoves","publisher":{"@id":"https:\/\/nubkrte.org.mk\/#organization"},"potentialAction":[{"@type":"SearchAction","target":{"@type":"EntryPoint","urlTemplate":"https:\/\/nubkrte.org.mk\/?s={search_term_string}"},"query-input":{"@type":"PropertyValueSpecification","valueRequired":true,"valueName":"search_term_string"}}],"inLanguage":"en-US"},{"@type":"Organization","@id":"https:\/\/nubkrte.org.mk\/#organization","name":"Bibloteka e Tetoves","url":"https:\/\/nubkrte.org.mk\/","logo":{"@type":"ImageObject","inLanguage":"en-US","@id":"https:\/\/nubkrte.org.mk\/#\/schema\/logo\/image\/","url":"https:\/\/i0.wp.com\/nubkrte.org.mk\/wp-content\/uploads\/2025\/04\/cropped-IMG-20250410-WA0013-removebg-preview.png?fit=476%2C80&ssl=1","contentUrl":"https:\/\/i0.wp.com\/nubkrte.org.mk\/wp-content\/uploads\/2025\/04\/cropped-IMG-20250410-WA0013-removebg-preview.png?fit=476%2C80&ssl=1","width":476,"height":80,"caption":"Bibloteka e Tetoves"},"image":{"@id":"https:\/\/nubkrte.org.mk\/#\/schema\/logo\/image\/"},"sameAs":["https:\/\/www.facebook.com\/profile.php?id=100076155098032"]}]}},"jetpack_sharing_enabled":true,"_links":{"self":[{"href":"https:\/\/nubkrte.org.mk\/en\/wp-json\/wp\/v2\/pages\/6113","targetHints":{"allow":["GET"]}}],"collection":[{"href":"https:\/\/nubkrte.org.mk\/en\/wp-json\/wp\/v2\/pages"}],"about":[{"href":"https:\/\/nubkrte.org.mk\/en\/wp-json\/wp\/v2\/types\/page"}],"author":[{"embeddable":true,"href":"https:\/\/nubkrte.org.mk\/en\/wp-json\/wp\/v2\/users\/1"}],"replies":[{"embeddable":true,"href":"https:\/\/nubkrte.org.mk\/en\/wp-json\/wp\/v2\/comments?post=6113"}],"version-history":[{"count":16,"href":"https:\/\/nubkrte.org.mk\/en\/wp-json\/wp\/v2\/pages\/6113\/revisions"}],"predecessor-version":[{"id":6134,"href":"https:\/\/nubkrte.org.mk\/en\/wp-json\/wp\/v2\/pages\/6113\/revisions\/6134"}],"wp:attachment":[{"href":"https:\/\/nubkrte.org.mk\/en\/wp-json\/wp\/v2\/media?parent=6113"}],"curies":[{"name":"wp","href":"https:\/\/api.w.org\/{rel}","templated":true}]}}