{"id":5233,"date":"2024-04-09T08:46:03","date_gmt":"2024-04-09T08:46:03","guid":{"rendered":"https:\/\/nubkrte.org.mk\/?page_id=5233"},"modified":"2024-04-09T08:47:30","modified_gmt":"2024-04-09T08:47:30","slug":"biblioteka-ime","status":"publish","type":"page","link":"https:\/\/nubkrte.org.mk\/en\/biblioteka-ime\/","title":{"rendered":"Biblioteka ime"},"content":{"rendered":"<div data-elementor-type=\"wp-page\" data-elementor-id=\"5233\" class=\"elementor elementor-5233\">\n\t\t\t\t\t\t<section class=\"elementor-section elementor-top-section elementor-element elementor-element-708d5f2 elementor-section-boxed elementor-section-height-default elementor-section-height-default\" data-id=\"708d5f2\" data-element_type=\"section\" data-e-type=\"section\">\n\t\t\t\t\t\t<div class=\"elementor-container elementor-column-gap-default\">\n\t\t\t\t\t<div class=\"elementor-column elementor-col-100 elementor-top-column elementor-element elementor-element-712e1c6\" data-id=\"712e1c6\" data-element_type=\"column\" data-e-type=\"column\">\n\t\t\t<div class=\"elementor-widget-wrap elementor-element-populated\">\n\t\t\t\t\t\t<div class=\"elementor-element elementor-element-baffba3 elementor-widget elementor-widget-text-editor\" data-id=\"baffba3\" data-element_type=\"widget\" data-e-type=\"widget\" data-no-translation=\"\" data-widget_type=\"text-editor.default\">\n\t\t\t\t<div class=\"elementor-widget-container\">\n\t\t\t\t\t<style>.elementor-element-baffba3{display:none !important}<\/style>\t\t\t\t<\/div>\n\t\t\t\t<\/div>\n\t\t\t\t\t<\/div>\n\t\t<\/div>\n\t\t\t\t\t<\/div>\n\t\t<\/section>\n\t\t\t\t<section class=\"elementor-section elementor-top-section elementor-element elementor-element-90e3978 elementor-section-boxed elementor-section-height-default elementor-section-height-default\" data-id=\"90e3978\" data-element_type=\"section\" data-e-type=\"section\">\n\t\t\t\t\t\t<div class=\"elementor-container elementor-column-gap-default\">\n\t\t\t\t\t<div class=\"elementor-column elementor-col-100 elementor-top-column elementor-element elementor-element-4a10a6d\" data-id=\"4a10a6d\" data-element_type=\"column\" data-e-type=\"column\">\n\t\t\t<div class=\"elementor-widget-wrap elementor-element-populated\">\n\t\t\t\t\t\t<div class=\"elementor-element elementor-element-edbac66 elementor-widget elementor-widget-text-editor\" data-id=\"edbac66\" data-element_type=\"widget\" data-e-type=\"widget\" data-no-translation=\"\" data-widget_type=\"text-editor.default\">\n\t\t\t\t<div class=\"elementor-widget-container\">\n\t\t\t\t\t<style>.elementor-element-edbac66{display:none !important}<\/style>\t\t\t\t<\/div>\n\t\t\t\t<\/div>\n\t\t\t\t\t<\/div>\n\t\t<\/div>\n\t\t\t\t\t<\/div>\n\t\t<\/section>\n\t\t\t\t<\/div>","protected":false},"excerpt":{"rendered":"<p>Qasje n\u00eb aplikacionin Biblioteka ime Ekziston mund\u00ebsia q\u00eb on-line t\u00eb b\u00ebni verifikim t\u00eb librave q\u00eb keni huazuar nga biblioteka si dhe p\u00ebr periudh\u00ebn e skadimit t\u00eb afatit t\u00eb regjistrimit tuaj [&hellip;]<\/p>\n","protected":false},"author":1,"featured_media":4184,"parent":0,"menu_order":0,"comment_status":"closed","ping_status":"closed","template":"","meta":{"om_disable_all_campaigns":false,"footnotes":""},"class_list":["post-5233","page","type-page","status-publish","has-post-thumbnail","hentry"],"yoast_head":"<!-- This site is optimized with the Yoast SEO plugin v27.5 - https:\/\/yoast.com\/product\/yoast-seo-wordpress\/ -->\n<title>Biblioteka ime - Bibloteka e Tetoves<\/title>\n<meta name=\"robots\" content=\"index, follow, max-snippet:-1, max-image-preview:large, max-video-preview:-1\" \/>\n<link rel=\"canonical\" href=\"https:\/\/nubkrte.org.mk\/en\/biblioteka-ime\/\" \/>\n<meta property=\"og:locale\" content=\"en_US\" \/>\n<meta property=\"og:type\" content=\"article\" \/>\n<meta property=\"og:title\" content=\"Biblioteka ime - Bibloteka e Tetoves\" \/>\n<meta property=\"og:description\" content=\"Qasje n\u00eb aplikacionin Biblioteka ime Ekziston mund\u00ebsia q\u00eb on-line t\u00eb b\u00ebni verifikim t\u00eb librave q\u00eb keni huazuar nga biblioteka si dhe p\u00ebr periudh\u00ebn e skadimit t\u00eb afatit t\u00eb regjistrimit tuaj [&hellip;]\" \/>\n<meta property=\"og:url\" content=\"https:\/\/nubkrte.org.mk\/en\/biblioteka-ime\/\" \/>\n<meta property=\"og:site_name\" content=\"Bibloteka e Tetoves\" \/>\n<meta property=\"article:publisher\" content=\"https:\/\/www.facebook.com\/profile.php?id=100076155098032\" \/>\n<meta property=\"article:modified_time\" content=\"2024-04-09T08:47:30+00:00\" \/>\n<meta property=\"og:image\" content=\"https:\/\/nubkrte.org.mk\/wp-content\/uploads\/2024\/02\/cropped-logo-dark.png\" \/>\n\t<meta property=\"og:image:width\" content=\"341\" \/>\n\t<meta property=\"og:image:height\" content=\"80\" \/>\n\t<meta property=\"og:image:type\" content=\"image\/png\" \/>\n<meta name=\"twitter:card\" content=\"summary_large_image\" \/>\n<meta name=\"twitter:label1\" content=\"Est. reading time\" \/>\n\t<meta name=\"twitter:data1\" content=\"3 minutes\" \/>\n<script type=\"application\/ld+json\" class=\"yoast-schema-graph\">{\"@context\":\"https:\\\/\\\/schema.org\",\"@graph\":[{\"@type\":\"WebPage\",\"@id\":\"https:\\\/\\\/nubkrte.org.mk\\\/biblioteka-ime\\\/\",\"url\":\"https:\\\/\\\/nubkrte.org.mk\\\/biblioteka-ime\\\/\",\"name\":\"Biblioteka ime - Bibloteka e Tetoves\",\"isPartOf\":{\"@id\":\"https:\\\/\\\/nubkrte.org.mk\\\/#website\"},\"primaryImageOfPage\":{\"@id\":\"https:\\\/\\\/nubkrte.org.mk\\\/biblioteka-ime\\\/#primaryimage\"},\"image\":{\"@id\":\"https:\\\/\\\/nubkrte.org.mk\\\/biblioteka-ime\\\/#primaryimage\"},\"thumbnailUrl\":\"https:\\\/\\\/i0.wp.com\\\/nubkrte.org.mk\\\/wp-content\\\/uploads\\\/2024\\\/02\\\/cropped-logo-dark.png?fit=341%2C80&ssl=1\",\"datePublished\":\"2024-04-09T08:46:03+00:00\",\"dateModified\":\"2024-04-09T08:47:30+00:00\",\"breadcrumb\":{\"@id\":\"https:\\\/\\\/nubkrte.org.mk\\\/biblioteka-ime\\\/#breadcrumb\"},\"inLanguage\":\"en-US\",\"potentialAction\":[{\"@type\":\"ReadAction\",\"target\":[\"https:\\\/\\\/nubkrte.org.mk\\\/biblioteka-ime\\\/\"]}]},{\"@type\":\"ImageObject\",\"inLanguage\":\"en-US\",\"@id\":\"https:\\\/\\\/nubkrte.org.mk\\\/biblioteka-ime\\\/#primaryimage\",\"url\":\"https:\\\/\\\/i0.wp.com\\\/nubkrte.org.mk\\\/wp-content\\\/uploads\\\/2024\\\/02\\\/cropped-logo-dark.png?fit=341%2C80&ssl=1\",\"contentUrl\":\"https:\\\/\\\/i0.wp.com\\\/nubkrte.org.mk\\\/wp-content\\\/uploads\\\/2024\\\/02\\\/cropped-logo-dark.png?fit=341%2C80&ssl=1\",\"width\":341,\"height\":80},{\"@type\":\"BreadcrumbList\",\"@id\":\"https:\\\/\\\/nubkrte.org.mk\\\/biblioteka-ime\\\/#breadcrumb\",\"itemListElement\":[{\"@type\":\"ListItem\",\"position\":1,\"name\":\"Home\",\"item\":\"https:\\\/\\\/nubkrte.org.mk\\\/\"},{\"@type\":\"ListItem\",\"position\":2,\"name\":\"Biblioteka ime\"}]},{\"@type\":\"WebSite\",\"@id\":\"https:\\\/\\\/nubkrte.org.mk\\\/#website\",\"url\":\"https:\\\/\\\/nubkrte.org.mk\\\/\",\"name\":\"Bibloteka e Tetoves\",\"description\":\"Bibloteka e Tetoves\",\"publisher\":{\"@id\":\"https:\\\/\\\/nubkrte.org.mk\\\/#organization\"},\"potentialAction\":[{\"@type\":\"SearchAction\",\"target\":{\"@type\":\"EntryPoint\",\"urlTemplate\":\"https:\\\/\\\/nubkrte.org.mk\\\/?s={search_term_string}\"},\"query-input\":{\"@type\":\"PropertyValueSpecification\",\"valueRequired\":true,\"valueName\":\"search_term_string\"}}],\"inLanguage\":\"en-US\"},{\"@type\":\"Organization\",\"@id\":\"https:\\\/\\\/nubkrte.org.mk\\\/#organization\",\"name\":\"Bibloteka e Tetoves\",\"url\":\"https:\\\/\\\/nubkrte.org.mk\\\/\",\"logo\":{\"@type\":\"ImageObject\",\"inLanguage\":\"en-US\",\"@id\":\"https:\\\/\\\/nubkrte.org.mk\\\/#\\\/schema\\\/logo\\\/image\\\/\",\"url\":\"https:\\\/\\\/i0.wp.com\\\/nubkrte.org.mk\\\/wp-content\\\/uploads\\\/2025\\\/04\\\/cropped-IMG-20250410-WA0013-removebg-preview.png?fit=476%2C80&ssl=1\",\"contentUrl\":\"https:\\\/\\\/i0.wp.com\\\/nubkrte.org.mk\\\/wp-content\\\/uploads\\\/2025\\\/04\\\/cropped-IMG-20250410-WA0013-removebg-preview.png?fit=476%2C80&ssl=1\",\"width\":476,\"height\":80,\"caption\":\"Bibloteka e Tetoves\"},\"image\":{\"@id\":\"https:\\\/\\\/nubkrte.org.mk\\\/#\\\/schema\\\/logo\\\/image\\\/\"},\"sameAs\":[\"https:\\\/\\\/www.facebook.com\\\/profile.php?id=100076155098032\"]}]}<\/script>\n<!-- \/ Yoast SEO plugin. -->","yoast_head_json":{"title":"Biblioteka ime - Bibloteka e Tetoves","robots":{"index":"index","follow":"follow","max-snippet":"max-snippet:-1","max-image-preview":"max-image-preview:large","max-video-preview":"max-video-preview:-1"},"canonical":"https:\/\/nubkrte.org.mk\/en\/biblioteka-ime\/","og_locale":"en_US","og_type":"article","og_title":"Biblioteka ime - Bibloteka e Tetoves","og_description":"Qasje n\u00eb aplikacionin Biblioteka ime Ekziston mund\u00ebsia q\u00eb on-line t\u00eb b\u00ebni verifikim t\u00eb librave q\u00eb keni huazuar nga biblioteka si dhe p\u00ebr periudh\u00ebn e skadimit t\u00eb afatit t\u00eb regjistrimit tuaj [&hellip;]","og_url":"https:\/\/nubkrte.org.mk\/en\/biblioteka-ime\/","og_site_name":"Bibloteka e Tetoves","article_publisher":"https:\/\/www.facebook.com\/profile.php?id=100076155098032","article_modified_time":"2024-04-09T08:47:30+00:00","og_image":[{"width":341,"height":80,"url":"https:\/\/nubkrte.org.mk\/wp-content\/uploads\/2024\/02\/cropped-logo-dark.png","type":"image\/png"}],"twitter_card":"summary_large_image","twitter_misc":{"Est. reading time":"3 minutes"},"schema":{"@context":"https:\/\/schema.org","@graph":[{"@type":"WebPage","@id":"https:\/\/nubkrte.org.mk\/biblioteka-ime\/","url":"https:\/\/nubkrte.org.mk\/biblioteka-ime\/","name":"Biblioteka ime - Bibloteka e Tetoves","isPartOf":{"@id":"https:\/\/nubkrte.org.mk\/#website"},"primaryImageOfPage":{"@id":"https:\/\/nubkrte.org.mk\/biblioteka-ime\/#primaryimage"},"image":{"@id":"https:\/\/nubkrte.org.mk\/biblioteka-ime\/#primaryimage"},"thumbnailUrl":"https:\/\/i0.wp.com\/nubkrte.org.mk\/wp-content\/uploads\/2024\/02\/cropped-logo-dark.png?fit=341%2C80&ssl=1","datePublished":"2024-04-09T08:46:03+00:00","dateModified":"2024-04-09T08:47:30+00:00","breadcrumb":{"@id":"https:\/\/nubkrte.org.mk\/biblioteka-ime\/#breadcrumb"},"inLanguage":"en-US","potentialAction":[{"@type":"ReadAction","target":["https:\/\/nubkrte.org.mk\/biblioteka-ime\/"]}]},{"@type":"ImageObject","inLanguage":"en-US","@id":"https:\/\/nubkrte.org.mk\/biblioteka-ime\/#primaryimage","url":"https:\/\/i0.wp.com\/nubkrte.org.mk\/wp-content\/uploads\/2024\/02\/cropped-logo-dark.png?fit=341%2C80&ssl=1","contentUrl":"https:\/\/i0.wp.com\/nubkrte.org.mk\/wp-content\/uploads\/2024\/02\/cropped-logo-dark.png?fit=341%2C80&ssl=1","width":341,"height":80},{"@type":"BreadcrumbList","@id":"https:\/\/nubkrte.org.mk\/biblioteka-ime\/#breadcrumb","itemListElement":[{"@type":"ListItem","position":1,"name":"Home","item":"https:\/\/nubkrte.org.mk\/"},{"@type":"ListItem","position":2,"name":"Biblioteka ime"}]},{"@type":"WebSite","@id":"https:\/\/nubkrte.org.mk\/#website","url":"https:\/\/nubkrte.org.mk\/","name":"Bibloteka e Tetoves","description":"Bibloteka e Tetoves","publisher":{"@id":"https:\/\/nubkrte.org.mk\/#organization"},"potentialAction":[{"@type":"SearchAction","target":{"@type":"EntryPoint","urlTemplate":"https:\/\/nubkrte.org.mk\/?s={search_term_string}"},"query-input":{"@type":"PropertyValueSpecification","valueRequired":true,"valueName":"search_term_string"}}],"inLanguage":"en-US"},{"@type":"Organization","@id":"https:\/\/nubkrte.org.mk\/#organization","name":"Bibloteka e Tetoves","url":"https:\/\/nubkrte.org.mk\/","logo":{"@type":"ImageObject","inLanguage":"en-US","@id":"https:\/\/nubkrte.org.mk\/#\/schema\/logo\/image\/","url":"https:\/\/i0.wp.com\/nubkrte.org.mk\/wp-content\/uploads\/2025\/04\/cropped-IMG-20250410-WA0013-removebg-preview.png?fit=476%2C80&ssl=1","contentUrl":"https:\/\/i0.wp.com\/nubkrte.org.mk\/wp-content\/uploads\/2025\/04\/cropped-IMG-20250410-WA0013-removebg-preview.png?fit=476%2C80&ssl=1","width":476,"height":80,"caption":"Bibloteka e Tetoves"},"image":{"@id":"https:\/\/nubkrte.org.mk\/#\/schema\/logo\/image\/"},"sameAs":["https:\/\/www.facebook.com\/profile.php?id=100076155098032"]}]}},"jetpack_sharing_enabled":true,"_links":{"self":[{"href":"https:\/\/nubkrte.org.mk\/en\/wp-json\/wp\/v2\/pages\/5233","targetHints":{"allow":["GET"]}}],"collection":[{"href":"https:\/\/nubkrte.org.mk\/en\/wp-json\/wp\/v2\/pages"}],"about":[{"href":"https:\/\/nubkrte.org.mk\/en\/wp-json\/wp\/v2\/types\/page"}],"author":[{"embeddable":true,"href":"https:\/\/nubkrte.org.mk\/en\/wp-json\/wp\/v2\/users\/1"}],"replies":[{"embeddable":true,"href":"https:\/\/nubkrte.org.mk\/en\/wp-json\/wp\/v2\/comments?post=5233"}],"version-history":[{"count":4,"href":"https:\/\/nubkrte.org.mk\/en\/wp-json\/wp\/v2\/pages\/5233\/revisions"}],"predecessor-version":[{"id":5237,"href":"https:\/\/nubkrte.org.mk\/en\/wp-json\/wp\/v2\/pages\/5233\/revisions\/5237"}],"wp:featuredmedia":[{"embeddable":true,"href":"https:\/\/nubkrte.org.mk\/en\/wp-json\/wp\/v2\/media\/4184"}],"wp:attachment":[{"href":"https:\/\/nubkrte.org.mk\/en\/wp-json\/wp\/v2\/media?parent=5233"}],"curies":[{"name":"wp","href":"https:\/\/api.w.org\/{rel}","templated":true}]}}