{"id":5127,"date":"2024-03-16T00:50:41","date_gmt":"2024-03-16T00:50:41","guid":{"rendered":"https:\/\/nubkrte.org.mk\/?page_id=5127"},"modified":"2024-03-16T00:58:59","modified_gmt":"2024-03-16T00:58:59","slug":"lista-e-libra-ne-shitje","status":"publish","type":"page","link":"https:\/\/nubkrte.org.mk\/en\/lista-e-libra-ne-shitje\/","title":{"rendered":"List of books for sale"},"content":{"rendered":"<div data-elementor-type=\"wp-page\" data-elementor-id=\"5127\" class=\"elementor elementor-5127\">\n\t\t\t\t\t\t<section class=\"elementor-section elementor-top-section elementor-element elementor-element-88524e5 elementor-section-boxed elementor-section-height-default elementor-section-height-default\" data-id=\"88524e5\" data-element_type=\"section\" data-e-type=\"section\">\n\t\t\t\t\t\t<div class=\"elementor-container elementor-column-gap-no\">\n\t\t\t\t\t<div class=\"elementor-column elementor-col-100 elementor-top-column elementor-element elementor-element-4088d9b\" data-id=\"4088d9b\" data-element_type=\"column\" data-e-type=\"column\">\n\t\t\t<div class=\"elementor-widget-wrap elementor-element-populated\">\n\t\t\t\t\t\t<section class=\"elementor-section elementor-inner-section elementor-element elementor-element-9e585d0 elementor-section-boxed elementor-section-height-default elementor-section-height-default\" data-id=\"9e585d0\" data-element_type=\"section\" data-e-type=\"section\">\n\t\t\t\t\t\t<div class=\"elementor-container elementor-column-gap-default\">\n\t\t\t\t\t<div class=\"elementor-column elementor-col-50 elementor-inner-column elementor-element elementor-element-7d9057e\" data-id=\"7d9057e\" data-element_type=\"column\" data-e-type=\"column\">\n\t\t\t<div class=\"elementor-widget-wrap elementor-element-populated\">\n\t\t\t\t\t\t<div class=\"elementor-element elementor-element-d749032 elementor-align-right elementor-widget elementor-widget-ube-banner\" data-id=\"d749032\" data-element_type=\"widget\" data-e-type=\"widget\" data-widget_type=\"ube-banner.default\">\n\t\t\t\t<div class=\"elementor-widget-container\">\n\t\t\t\t\t    <div class=\"ube-banner ube-banner-layout-03 ube-banner-effect-img-slide-right\">\n        <div class=\"ube-banner-image\">\n\t\t\t            <div class=\"g5core__ll-background ube-banner-bg\" data-bg=\"https:\/\/nubkrte.org.mk\/wp-content\/uploads\/2024\/03\/1118.jpg\" style=\"padding-bottom:75%;background-image : url(https:\/\/nubkrte.org.mk\/wp-content\/uploads\/2024\/03\/1118.jpg)\">\n            <\/div>\n        <\/div>\n        <div class=\"ube-banner-content\">\n\t\t\t\t\t\t<h4 class=\"ube-banner-title\">                    <a href=\"https:\/\/nubkrte.org.mk\/en\/libra-pdf\/%D0%85%D0%B2%D0%B5%D0%B7%D0%B4%D0%B8%20%D0%BD%D0%B0%20%D1%81%D0%B2%D0%B5%D1%82%D1%81%D0%BA%D0%B0%D1%82%D0%B0%20%D0%BA%D0%BD%D0%B8%D0%B6%D0%B5%D0%B2%D0%BD%D0%BE%D1%81%D1%82.pdf\/\" target=\"_blank\">\n\t\t\t\t\t\tThe stars of world literature                    <\/a>\n\t\t\t\t<\/h4>\t\t\t\t\t\t\t\t\t\t\t\t\t\t\t\t                    <a href=\"https:\/\/nubkrte.org.mk\/en\/libra-pdf\/%D0%85%D0%B2%D0%B5%D0%B7%D0%B4%D0%B8%20%D0%BD%D0%B0%20%D1%81%D0%B2%D0%B5%D1%82%D1%81%D0%BA%D0%B0%D1%82%D0%B0%20%D0%BA%D0%BD%D0%B8%D0%B6%D0%B5%D0%B2%D0%BD%D0%BE%D1%81%D1%82.pdf\/\" target=\"_blank\" class=\"btn ube-banner-btn ube-icon btn-md btn-rounded btn-primary icon-before\">\n\t\t\t\t\t\t\t\t\t\t\t\t\t<i aria-hidden=\"true\" class=\"fas fa-book\"><\/i>\t\t\t\t\t\t\t\t\t\t\t\tDownload\t\t\t\t\t\t                    <\/a>\n\t\t\t\t\t\t\t\t\t\t        <\/div>\n    <\/div>\n\t\t\t\t<\/div>\n\t\t\t\t<\/div>\n\t\t\t\t\t<\/div>\n\t\t<\/div>\n\t\t\t\t<div class=\"elementor-column elementor-col-50 elementor-inner-column elementor-element elementor-element-dc989d8\" data-id=\"dc989d8\" data-element_type=\"column\" data-e-type=\"column\">\n\t\t\t<div class=\"elementor-widget-wrap elementor-element-populated\">\n\t\t\t\t\t\t<div class=\"elementor-element elementor-element-73c1e21 elementor-align-left elementor-widget elementor-widget-ube-banner\" data-id=\"73c1e21\" data-element_type=\"widget\" data-e-type=\"widget\" data-widget_type=\"ube-banner.default\">\n\t\t\t\t<div class=\"elementor-widget-container\">\n\t\t\t\t\t    <div class=\"ube-banner ube-banner-layout-01 ube-banner-effect-img-slide-left\">\n        <div class=\"ube-banner-image\">\n\t\t\t            <div class=\"g5core__ll-background ube-banner-bg\" data-bg=\"https:\/\/nubkrte.org.mk\/wp-content\/uploads\/2024\/03\/228.jpg\" style=\"padding-bottom:75%;background-image : url(https:\/\/nubkrte.org.mk\/wp-content\/uploads\/2024\/03\/228.jpg)\">\n            <\/div>\n        <\/div>\n        <div class=\"ube-banner-content\">\n\t\t\t\t\t\t<h4 class=\"ube-banner-title\">                    <a href=\"https:\/\/nubkrte.org.mk\/en\/libra-pdf\/130%20%D1%82%D0%BE%D0%BC%D0%B0%20%D0%BC%D0%B0%D0%BA%D0%B5%D0%B4%D0%BE%D0%BD%D1%81%D0%BA%D0%B0%20%D0%BA%D0%BD%D0%B8%D0%B6%D0%B5%D0%B2%D0%BD%D0%BE%D1%81%D1%82.pdf\/\" target=\"_blank\">\n\t\t\t\t\t\t130 volumes of Macedonian literature                    <\/a>\n\t\t\t\t<\/h4>\t\t\t\t\t\t\t\t\t\t\t\t\t\t\t\t                    <a href=\"https:\/\/nubkrte.org.mk\/en\/libra-pdf\/130%20%D1%82%D0%BE%D0%BC%D0%B0%20%D0%BC%D0%B0%D0%BA%D0%B5%D0%B4%D0%BE%D0%BD%D1%81%D0%BA%D0%B0%20%D0%BA%D0%BD%D0%B8%D0%B6%D0%B5%D0%B2%D0%BD%D0%BE%D1%81%D1%82.pdf\/\" target=\"_blank\" class=\"btn ube-banner-btn ube-icon btn-md btn-rounded btn-primary icon-before\">\n\t\t\t\t\t\t\t\t\t\t\t\t\t<i aria-hidden=\"true\" class=\"fas fa-book\"><\/i>\t\t\t\t\t\t\t\t\t\t\t\tDownload\t\t\t\t\t\t                    <\/a>\n\t\t\t\t\t\t\t\t\t\t        <\/div>\n    <\/div>\n\t\t\t\t<\/div>\n\t\t\t\t<\/div>\n\t\t\t\t\t<\/div>\n\t\t<\/div>\n\t\t\t\t\t<\/div>\n\t\t<\/section>\n\t\t\t\t\t<\/div>\n\t\t<\/div>\n\t\t\t\t\t<\/div>\n\t\t<\/section>\n\t\t\t\t<\/div>","protected":false},"excerpt":{"rendered":"<p>Yjet e let\u00ebrsis\u00eb bot\u00ebrore Shkarko 130 v\u00ebllime let\u00ebrsi maqedonase Shkarko<\/p>","protected":false},"author":1,"featured_media":0,"parent":0,"menu_order":0,"comment_status":"closed","ping_status":"closed","template":"elementor_header_footer","meta":{"om_disable_all_campaigns":false,"footnotes":""},"class_list":["post-5127","page","type-page","status-publish","hentry"],"yoast_head":"<!-- This site is optimized with the Yoast SEO plugin v27.5 - https:\/\/yoast.com\/product\/yoast-seo-wordpress\/ -->\n<title>Lista e libra n\u00eb shitje - Bibloteka e Tetoves<\/title>\n<meta name=\"robots\" content=\"index, follow, max-snippet:-1, max-image-preview:large, max-video-preview:-1\" \/>\n<link rel=\"canonical\" href=\"https:\/\/nubkrte.org.mk\/en\/lista-e-libra-ne-shitje\/\" \/>\n<meta property=\"og:locale\" content=\"en_US\" \/>\n<meta property=\"og:type\" content=\"article\" \/>\n<meta property=\"og:title\" content=\"Lista e libra n\u00eb shitje - Bibloteka e Tetoves\" \/>\n<meta property=\"og:description\" content=\"Yjet e let\u00ebrsis\u00eb bot\u00ebrore Shkarko 130 v\u00ebllime let\u00ebrsi maqedonase Shkarko\" \/>\n<meta property=\"og:url\" content=\"https:\/\/nubkrte.org.mk\/en\/lista-e-libra-ne-shitje\/\" \/>\n<meta property=\"og:site_name\" content=\"Bibloteka e Tetoves\" \/>\n<meta property=\"article:publisher\" content=\"https:\/\/www.facebook.com\/profile.php?id=100076155098032\" \/>\n<meta property=\"article:modified_time\" content=\"2024-03-16T00:58:59+00:00\" \/>\n<meta name=\"twitter:card\" content=\"summary_large_image\" \/>\n<meta name=\"twitter:label1\" content=\"Est. reading time\" \/>\n\t<meta name=\"twitter:data1\" content=\"1 minute\" \/>\n<script type=\"application\/ld+json\" class=\"yoast-schema-graph\">{\"@context\":\"https:\\\/\\\/schema.org\",\"@graph\":[{\"@type\":\"WebPage\",\"@id\":\"https:\\\/\\\/nubkrte.org.mk\\\/lista-e-libra-ne-shitje\\\/\",\"url\":\"https:\\\/\\\/nubkrte.org.mk\\\/lista-e-libra-ne-shitje\\\/\",\"name\":\"Lista e libra n\u00eb shitje - Bibloteka e Tetoves\",\"isPartOf\":{\"@id\":\"https:\\\/\\\/nubkrte.org.mk\\\/#website\"},\"datePublished\":\"2024-03-16T00:50:41+00:00\",\"dateModified\":\"2024-03-16T00:58:59+00:00\",\"breadcrumb\":{\"@id\":\"https:\\\/\\\/nubkrte.org.mk\\\/lista-e-libra-ne-shitje\\\/#breadcrumb\"},\"inLanguage\":\"en-US\",\"potentialAction\":[{\"@type\":\"ReadAction\",\"target\":[\"https:\\\/\\\/nubkrte.org.mk\\\/lista-e-libra-ne-shitje\\\/\"]}]},{\"@type\":\"BreadcrumbList\",\"@id\":\"https:\\\/\\\/nubkrte.org.mk\\\/lista-e-libra-ne-shitje\\\/#breadcrumb\",\"itemListElement\":[{\"@type\":\"ListItem\",\"position\":1,\"name\":\"Home\",\"item\":\"https:\\\/\\\/nubkrte.org.mk\\\/\"},{\"@type\":\"ListItem\",\"position\":2,\"name\":\"Lista e libra n\u00eb shitje\"}]},{\"@type\":\"WebSite\",\"@id\":\"https:\\\/\\\/nubkrte.org.mk\\\/#website\",\"url\":\"https:\\\/\\\/nubkrte.org.mk\\\/\",\"name\":\"Bibloteka e Tetoves\",\"description\":\"Bibloteka e Tetoves\",\"publisher\":{\"@id\":\"https:\\\/\\\/nubkrte.org.mk\\\/#organization\"},\"potentialAction\":[{\"@type\":\"SearchAction\",\"target\":{\"@type\":\"EntryPoint\",\"urlTemplate\":\"https:\\\/\\\/nubkrte.org.mk\\\/?s={search_term_string}\"},\"query-input\":{\"@type\":\"PropertyValueSpecification\",\"valueRequired\":true,\"valueName\":\"search_term_string\"}}],\"inLanguage\":\"en-US\"},{\"@type\":\"Organization\",\"@id\":\"https:\\\/\\\/nubkrte.org.mk\\\/#organization\",\"name\":\"Bibloteka e Tetoves\",\"url\":\"https:\\\/\\\/nubkrte.org.mk\\\/\",\"logo\":{\"@type\":\"ImageObject\",\"inLanguage\":\"en-US\",\"@id\":\"https:\\\/\\\/nubkrte.org.mk\\\/#\\\/schema\\\/logo\\\/image\\\/\",\"url\":\"https:\\\/\\\/i0.wp.com\\\/nubkrte.org.mk\\\/wp-content\\\/uploads\\\/2025\\\/04\\\/cropped-IMG-20250410-WA0013-removebg-preview.png?fit=476%2C80&ssl=1\",\"contentUrl\":\"https:\\\/\\\/i0.wp.com\\\/nubkrte.org.mk\\\/wp-content\\\/uploads\\\/2025\\\/04\\\/cropped-IMG-20250410-WA0013-removebg-preview.png?fit=476%2C80&ssl=1\",\"width\":476,\"height\":80,\"caption\":\"Bibloteka e Tetoves\"},\"image\":{\"@id\":\"https:\\\/\\\/nubkrte.org.mk\\\/#\\\/schema\\\/logo\\\/image\\\/\"},\"sameAs\":[\"https:\\\/\\\/www.facebook.com\\\/profile.php?id=100076155098032\"]}]}<\/script>\n<!-- \/ Yoast SEO plugin. -->","yoast_head_json":{"title":"Lista e libra n\u00eb shitje - Bibloteka e Tetoves","robots":{"index":"index","follow":"follow","max-snippet":"max-snippet:-1","max-image-preview":"max-image-preview:large","max-video-preview":"max-video-preview:-1"},"canonical":"https:\/\/nubkrte.org.mk\/en\/lista-e-libra-ne-shitje\/","og_locale":"en_US","og_type":"article","og_title":"Lista e libra n\u00eb shitje - Bibloteka e Tetoves","og_description":"Yjet e let\u00ebrsis\u00eb bot\u00ebrore Shkarko 130 v\u00ebllime let\u00ebrsi maqedonase Shkarko","og_url":"https:\/\/nubkrte.org.mk\/en\/lista-e-libra-ne-shitje\/","og_site_name":"Bibloteka e Tetoves","article_publisher":"https:\/\/www.facebook.com\/profile.php?id=100076155098032","article_modified_time":"2024-03-16T00:58:59+00:00","twitter_card":"summary_large_image","twitter_misc":{"Est. reading time":"1 minute"},"schema":{"@context":"https:\/\/schema.org","@graph":[{"@type":"WebPage","@id":"https:\/\/nubkrte.org.mk\/lista-e-libra-ne-shitje\/","url":"https:\/\/nubkrte.org.mk\/lista-e-libra-ne-shitje\/","name":"Lista e libra n\u00eb shitje - Bibloteka e Tetoves","isPartOf":{"@id":"https:\/\/nubkrte.org.mk\/#website"},"datePublished":"2024-03-16T00:50:41+00:00","dateModified":"2024-03-16T00:58:59+00:00","breadcrumb":{"@id":"https:\/\/nubkrte.org.mk\/lista-e-libra-ne-shitje\/#breadcrumb"},"inLanguage":"en-US","potentialAction":[{"@type":"ReadAction","target":["https:\/\/nubkrte.org.mk\/lista-e-libra-ne-shitje\/"]}]},{"@type":"BreadcrumbList","@id":"https:\/\/nubkrte.org.mk\/lista-e-libra-ne-shitje\/#breadcrumb","itemListElement":[{"@type":"ListItem","position":1,"name":"Home","item":"https:\/\/nubkrte.org.mk\/"},{"@type":"ListItem","position":2,"name":"Lista e libra n\u00eb shitje"}]},{"@type":"WebSite","@id":"https:\/\/nubkrte.org.mk\/#website","url":"https:\/\/nubkrte.org.mk\/","name":"Bibloteka e Tetoves","description":"Bibloteka e Tetoves","publisher":{"@id":"https:\/\/nubkrte.org.mk\/#organization"},"potentialAction":[{"@type":"SearchAction","target":{"@type":"EntryPoint","urlTemplate":"https:\/\/nubkrte.org.mk\/?s={search_term_string}"},"query-input":{"@type":"PropertyValueSpecification","valueRequired":true,"valueName":"search_term_string"}}],"inLanguage":"en-US"},{"@type":"Organization","@id":"https:\/\/nubkrte.org.mk\/#organization","name":"Bibloteka e Tetoves","url":"https:\/\/nubkrte.org.mk\/","logo":{"@type":"ImageObject","inLanguage":"en-US","@id":"https:\/\/nubkrte.org.mk\/#\/schema\/logo\/image\/","url":"https:\/\/i0.wp.com\/nubkrte.org.mk\/wp-content\/uploads\/2025\/04\/cropped-IMG-20250410-WA0013-removebg-preview.png?fit=476%2C80&ssl=1","contentUrl":"https:\/\/i0.wp.com\/nubkrte.org.mk\/wp-content\/uploads\/2025\/04\/cropped-IMG-20250410-WA0013-removebg-preview.png?fit=476%2C80&ssl=1","width":476,"height":80,"caption":"Bibloteka e Tetoves"},"image":{"@id":"https:\/\/nubkrte.org.mk\/#\/schema\/logo\/image\/"},"sameAs":["https:\/\/www.facebook.com\/profile.php?id=100076155098032"]}]}},"jetpack_sharing_enabled":true,"_links":{"self":[{"href":"https:\/\/nubkrte.org.mk\/en\/wp-json\/wp\/v2\/pages\/5127","targetHints":{"allow":["GET"]}}],"collection":[{"href":"https:\/\/nubkrte.org.mk\/en\/wp-json\/wp\/v2\/pages"}],"about":[{"href":"https:\/\/nubkrte.org.mk\/en\/wp-json\/wp\/v2\/types\/page"}],"author":[{"embeddable":true,"href":"https:\/\/nubkrte.org.mk\/en\/wp-json\/wp\/v2\/users\/1"}],"replies":[{"embeddable":true,"href":"https:\/\/nubkrte.org.mk\/en\/wp-json\/wp\/v2\/comments?post=5127"}],"version-history":[{"count":16,"href":"https:\/\/nubkrte.org.mk\/en\/wp-json\/wp\/v2\/pages\/5127\/revisions"}],"predecessor-version":[{"id":5145,"href":"https:\/\/nubkrte.org.mk\/en\/wp-json\/wp\/v2\/pages\/5127\/revisions\/5145"}],"wp:attachment":[{"href":"https:\/\/nubkrte.org.mk\/en\/wp-json\/wp\/v2\/media?parent=5127"}],"curies":[{"name":"wp","href":"https:\/\/api.w.org\/{rel}","templated":true}]}}