{"id":4363,"date":"2024-02-29T20:50:42","date_gmt":"2024-02-29T20:50:42","guid":{"rendered":"https:\/\/objectivestudio.net\/bibloteka\/?page_id=4363"},"modified":"2024-04-09T07:58:08","modified_gmt":"2024-04-09T07:58:08","slug":"information","status":"publish","type":"page","link":"https:\/\/nubkrte.org.mk\/en\/information\/","title":{"rendered":"Information"},"content":{"rendered":"<div data-elementor-type=\"wp-page\" data-elementor-id=\"4363\" class=\"elementor elementor-4363\">\n\t\t\t\t\t\t<section class=\"elementor-section elementor-top-section elementor-element elementor-element-2d93574 elementor-section-boxed elementor-section-height-default elementor-section-height-default\" data-id=\"2d93574\" data-element_type=\"section\" data-e-type=\"section\">\n\t\t\t\t\t\t<div class=\"elementor-container elementor-column-gap-default\">\n\t\t\t\t\t<div class=\"elementor-column elementor-col-100 elementor-top-column elementor-element elementor-element-ff6097b\" data-id=\"ff6097b\" data-element_type=\"column\" data-e-type=\"column\">\n\t\t\t<div class=\"elementor-widget-wrap elementor-element-populated\">\n\t\t\t\t\t\t<section class=\"elementor-section elementor-inner-section elementor-element elementor-element-90a69ec elementor-section-content-bottom elementor-section-boxed elementor-section-height-default elementor-section-height-default\" data-id=\"90a69ec\" data-element_type=\"section\" data-e-type=\"section\">\n\t\t\t\t\t\t<div class=\"elementor-container elementor-column-gap-no\">\n\t\t\t\t\t<div class=\"elementor-column elementor-col-50 elementor-inner-column elementor-element elementor-element-1449e2f\" data-id=\"1449e2f\" data-element_type=\"column\" data-e-type=\"column\">\n\t\t\t<div class=\"elementor-widget-wrap elementor-element-populated\">\n\t\t\t\t\t\t<div class=\"elementor-element elementor-element-b93d307 elementor-widget elementor-widget-ube-heading\" data-id=\"b93d307\" data-element_type=\"widget\" data-e-type=\"widget\" data-widget_type=\"ube-heading.default\">\n\t\t\t\t<div class=\"elementor-widget-container\">\n\t\t\t\t\t<div class=\"ube-heading\">\n\t<h6 class=\"ube-heading-sub-title\" >Information<\/h6><h2 class=\"ube-heading-title\">Membership<\/h2><\/div>\t\t\t\t<\/div>\n\t\t\t\t<\/div>\n\t\t\t\t\t<\/div>\n\t\t<\/div>\n\t\t\t\t<div class=\"elementor-column elementor-col-50 elementor-inner-column elementor-element elementor-element-8e9ff64\" data-id=\"8e9ff64\" data-element_type=\"column\" data-e-type=\"column\">\n\t\t\t<div class=\"elementor-widget-wrap\">\n\t\t\t\t\t\t\t<\/div>\n\t\t<\/div>\n\t\t\t\t\t<\/div>\n\t\t<\/section>\n\t\t\t\t\t<\/div>\n\t\t<\/div>\n\t\t\t\t\t<\/div>\n\t\t<\/section>\n\t\t\t\t<section class=\"elementor-section elementor-top-section elementor-element elementor-element-708d5f2 elementor-section-boxed elementor-section-height-default elementor-section-height-default\" data-id=\"708d5f2\" data-element_type=\"section\" data-e-type=\"section\">\n\t\t\t\t\t\t<div class=\"elementor-container elementor-column-gap-default\">\n\t\t\t\t\t<div class=\"elementor-column elementor-col-100 elementor-top-column elementor-element elementor-element-712e1c6\" data-id=\"712e1c6\" data-element_type=\"column\" data-e-type=\"column\">\n\t\t\t<div class=\"elementor-widget-wrap elementor-element-populated\">\n\t\t\t\t\t\t<div class=\"elementor-element elementor-element-baffba3 elementor-widget elementor-widget-text-editor\" data-id=\"baffba3\" data-element_type=\"widget\" data-e-type=\"widget\" data-widget_type=\"text-editor.default\">\n\t\t\t\t<div class=\"elementor-widget-container\">\n\t\t\t\t\t\t\t\t\t<ul><li>Membership 150.00 den \/ 365 days<\/li><li>Membership (for children, pupils, students and people with special needs) 130.00 den. \/ 365 days;<\/li><li>2 books can be borrowed with a term of 15 days;<\/li><li>At the request of the user, this deadline can be extended for only 15 more days, as long as the book is not reserved.;<\/li><li>During the return of the library material, depreciation of 5.00 den is paid per book;<\/li><li>In case of delay, a penalty is paid for each book in particular (Den 5.00 per day);<\/li><li>30.00 den is paid for a lost membership book;<\/li><li>For any damage to library material, compensation is paid in compliance with the Library Regulations.<\/li><\/ul>\t\t\t\t\t\t\t\t<\/div>\n\t\t\t\t<\/div>\n\t\t\t\t\t<\/div>\n\t\t<\/div>\n\t\t\t\t\t<\/div>\n\t\t<\/section>\n\t\t\t\t<section class=\"elementor-section elementor-top-section elementor-element elementor-element-fcd6aed elementor-section-boxed elementor-section-height-default elementor-section-height-default\" data-id=\"fcd6aed\" data-element_type=\"section\" data-e-type=\"section\">\n\t\t\t\t\t\t<div class=\"elementor-container elementor-column-gap-default\">\n\t\t\t\t\t<div class=\"elementor-column elementor-col-100 elementor-top-column elementor-element elementor-element-47197a3\" data-id=\"47197a3\" data-element_type=\"column\" data-e-type=\"column\">\n\t\t\t<div class=\"elementor-widget-wrap elementor-element-populated\">\n\t\t\t\t\t\t<section class=\"elementor-section elementor-inner-section elementor-element elementor-element-3d2b27b elementor-section-content-middle elementor-section-boxed elementor-section-height-default elementor-section-height-default\" data-id=\"3d2b27b\" data-element_type=\"section\" data-e-type=\"section\">\n\t\t\t\t\t\t<div class=\"elementor-container elementor-column-gap-no\">\n\t\t\t\t\t<div class=\"elementor-column elementor-col-33 elementor-inner-column elementor-element elementor-element-fb33d40\" data-id=\"fb33d40\" data-element_type=\"column\" data-e-type=\"column\">\n\t\t\t<div class=\"elementor-widget-wrap elementor-element-populated\">\n\t\t\t\t\t\t<div class=\"elementor-element elementor-element-906aeaa authore-pricing elementor-align-center elementor-widget elementor-widget-ube-pricing-table\" data-id=\"906aeaa\" data-element_type=\"widget\" data-e-type=\"widget\" data-widget_type=\"ube-pricing-table.default\">\n\t\t\t\t<div class=\"elementor-widget-container\">\n\t\t\t\t\t<div class=\"ube-pricing ube-pricing-style-1\">\n    <div class=\"ube-pricing-inner\">\n\t\t<div class=\"ube-pricing-header\">\n\t\t\t        <h2 class=\"ube-pricing-title\">\n\t\t\tAn\u00ebtar\u00ebsimi vjetor        <\/h2>\n\t\t<\/div>\n<div class=\"ube-pricing-tag\">\n    <span class=\"ube-pricing-price-tag\">                <span class=\"ube-pricing-original-price\">\n                                            <span class=\"ube-pricing-price\">150 <\/span>\n                    \t\t\t\t\t                        <span class=\"ube-pricing-price-currency\">MKD<\/span>\n\t\t\t\t\t\t\t\t\t<\/span>\n\t\t\t\t<\/span>\n    <span class=\"ube-pricing-price-period\">\n                                                        <\/span>\n<\/div>\n<div class=\"ube-pricing-body\">\n\t        <ul class=\"ube-pricing-feature-items\">\n\t\t\t                <li class=\"ube-pricing-feature-item elementor-repeater-item-efb5cdc\">\n\t\t\t\t\t\t\t\t\t\t                        <span class=\"ube-pricing-feature-item-info\">\n                            Huazim i 2 librave me afat p\u00ebr 15 dit\u00eb                        <\/span>\n\t\t\t\t\t                <\/li>\n\t\t\t\t                <li class=\"ube-pricing-feature-item elementor-repeater-item-38f981f\">\n\t\t\t\t\t\t\t\t\t\t                        <span class=\"ube-pricing-feature-item-info\">\n                            Afati mund t\u00eb vazhdohet vet\u00ebm edhe 15 dit\u00eb                        <\/span>\n\t\t\t\t\t                <\/li>\n\t\t\t\t                <li class=\"ube-pricing-feature-item elementor-repeater-item-b1f46ca\">\n\t\t\t\t\t\t\t\t\t\t                        <span class=\"ube-pricing-feature-item-info\">\n                            Pages\u00eb prej 5,00 den p\u00ebr amortizim t\u00eb librit                        <\/span>\n\t\t\t\t\t                <\/li>\n\t\t\t\t                <li class=\"ube-pricing-feature-item elementor-repeater-item-628e1dd\">\n\t\t\t\t\t\t\t\t\t\t                        <span class=\"ube-pricing-feature-item-info\">\n                            Pages\u00eb prej 5,00 den p\u00ebr \u00e7do dit\u00eb vones\u00eb t\u00eb librit                        <\/span>\n\t\t\t\t\t                <\/li>\n\t\t\t\t                <li class=\"ube-pricing-feature-item elementor-repeater-item-f786bc4\">\n\t\t\t\t\t\t\t\t\t\t                        <span class=\"ube-pricing-feature-item-info\">\n                            Librez\u00eb an\u00ebtar\u00ebsie t\u00eb humbur paguhet 30,00 den                        <\/span>\n\t\t\t\t\t                <\/li>\n\t\t\t\t        <\/ul>\n\t\t<\/div>\n<div class=\"ube-pricing-footer\">\n\t<\/div>\n    <\/div>\n<\/div>\n\t\t\t\t<\/div>\n\t\t\t\t<\/div>\n\t\t\t\t\t<\/div>\n\t\t<\/div>\n\t\t\t\t<div class=\"elementor-column elementor-col-33 elementor-inner-column elementor-element elementor-element-7e34c42\" data-id=\"7e34c42\" data-element_type=\"column\" data-e-type=\"column\">\n\t\t\t<div class=\"elementor-widget-wrap\">\n\t\t\t\t\t\t\t<\/div>\n\t\t<\/div>\n\t\t\t\t<div class=\"elementor-column elementor-col-33 elementor-inner-column elementor-element elementor-element-36bb19b\" data-id=\"36bb19b\" data-element_type=\"column\" data-e-type=\"column\">\n\t\t\t<div class=\"elementor-widget-wrap elementor-element-populated\">\n\t\t\t\t\t\t<div class=\"elementor-element elementor-element-91ae21b authore-pricing elementor-align-center elementor-widget elementor-widget-ube-pricing-table\" data-id=\"91ae21b\" data-element_type=\"widget\" data-e-type=\"widget\" data-widget_type=\"ube-pricing-table.default\">\n\t\t\t\t<div class=\"elementor-widget-container\">\n\t\t\t\t\t<div class=\"ube-pricing ube-pricing-style-1\">\n    <div class=\"ube-pricing-inner\">\n\t\t<div class=\"ube-pricing-header\">\n\t\t\t        <h2 class=\"ube-pricing-title\">\n\t\t\tAn\u00ebtar\u00ebsimi vjetor        <\/h2>\n\t\t        <span class=\"ube-pricing-subtitle\"> (p\u00ebr f\u00ebmij\u00eb, nx\u00ebn\u00ebs, student\u00eb dhe persona me nevoja t\u00eb ve\u00e7anta)<\/span>\n\t<\/div>\n<div class=\"ube-pricing-tag\">\n    <span class=\"ube-pricing-price-tag\">                <span class=\"ube-pricing-original-price\">\n                                            <span class=\"ube-pricing-price\">130 <\/span>\n                    \t\t\t\t\t                        <span class=\"ube-pricing-price-currency\">MKD<\/span>\n\t\t\t\t\t\t\t\t\t<\/span>\n\t\t\t\t<\/span>\n    <span class=\"ube-pricing-price-period\">\n                                                        <\/span>\n<\/div>\n<div class=\"ube-pricing-body\">\n\t        <ul class=\"ube-pricing-feature-items\">\n\t\t\t                <li class=\"ube-pricing-feature-item elementor-repeater-item-efb5cdc\">\n\t\t\t\t\t\t\t\t\t\t                        <span class=\"ube-pricing-feature-item-info\">\n                            Huazim i 2 librave me afat p\u00ebr 15 dit\u00eb                        <\/span>\n\t\t\t\t\t                <\/li>\n\t\t\t\t                <li class=\"ube-pricing-feature-item elementor-repeater-item-38f981f\">\n\t\t\t\t\t\t\t\t\t\t                        <span class=\"ube-pricing-feature-item-info\">\n                            Afati mund t\u00eb vazhdohet vet\u00ebm edhe 15 dit\u00eb                        <\/span>\n\t\t\t\t\t                <\/li>\n\t\t\t\t                <li class=\"ube-pricing-feature-item elementor-repeater-item-b1f46ca\">\n\t\t\t\t\t\t\t\t\t\t                        <span class=\"ube-pricing-feature-item-info\">\n                            Pages\u00eb prej 5,00 den p\u00ebr amortizim t\u00eb librit                        <\/span>\n\t\t\t\t\t                <\/li>\n\t\t\t\t                <li class=\"ube-pricing-feature-item elementor-repeater-item-628e1dd\">\n\t\t\t\t\t\t\t\t\t\t                        <span class=\"ube-pricing-feature-item-info\">\n                            Pages\u00eb prej 5,00 den p\u00ebr \u00e7do dit\u00eb vones\u00eb t\u00eb librit                        <\/span>\n\t\t\t\t\t                <\/li>\n\t\t\t\t                <li class=\"ube-pricing-feature-item elementor-repeater-item-f786bc4\">\n\t\t\t\t\t\t\t\t\t\t                        <span class=\"ube-pricing-feature-item-info\">\n                            Librez\u00eb an\u00ebtar\u00ebsie t\u00eb humbur paguhet 30,00 den                        <\/span>\n\t\t\t\t\t                <\/li>\n\t\t\t\t        <\/ul>\n\t\t<\/div>\n<div class=\"ube-pricing-footer\">\n\t<\/div>\n    <\/div>\n<\/div>\n\t\t\t\t<\/div>\n\t\t\t\t<\/div>\n\t\t\t\t\t<\/div>\n\t\t<\/div>\n\t\t\t\t\t<\/div>\n\t\t<\/section>\n\t\t\t\t\t<\/div>\n\t\t<\/div>\n\t\t\t\t\t<\/div>\n\t\t<\/section>\n\t\t\t\t<\/div>","protected":false},"excerpt":{"rendered":"<p>Informacion An\u00ebtar\u00ebsimi An\u00ebtar\u00ebsimi 150,00 den \/ 365 dit\u00eb An\u00ebtar\u00ebsimi (p\u00ebr f\u00ebmij\u00eb, nx\u00ebn\u00ebs, student\u00eb dhe persona me nevoja t\u00eb ve\u00e7anta) 130, 00 den. \/ 365 dit\u00eb; Mund t\u00eb huazohen 2 libra [&hellip;]<\/p>\n","protected":false},"author":1,"featured_media":4184,"parent":0,"menu_order":0,"comment_status":"closed","ping_status":"closed","template":"","meta":{"om_disable_all_campaigns":false,"footnotes":""},"class_list":["post-4363","page","type-page","status-publish","has-post-thumbnail","hentry"],"yoast_head":"<!-- This site is optimized with the Yoast SEO plugin v27.5 - https:\/\/yoast.com\/product\/yoast-seo-wordpress\/ -->\n<title>Information - Bibloteka e Tetoves<\/title>\n<meta name=\"robots\" content=\"index, follow, max-snippet:-1, max-image-preview:large, max-video-preview:-1\" \/>\n<link rel=\"canonical\" href=\"https:\/\/nubkrte.org.mk\/en\/information\/\" \/>\n<meta property=\"og:locale\" content=\"en_US\" \/>\n<meta property=\"og:type\" content=\"article\" \/>\n<meta property=\"og:title\" content=\"Information - Bibloteka e Tetoves\" \/>\n<meta property=\"og:description\" content=\"Informacion An\u00ebtar\u00ebsimi An\u00ebtar\u00ebsimi 150,00 den \/ 365 dit\u00eb An\u00ebtar\u00ebsimi (p\u00ebr f\u00ebmij\u00eb, nx\u00ebn\u00ebs, student\u00eb dhe persona me nevoja t\u00eb ve\u00e7anta) 130, 00 den. \/ 365 dit\u00eb; Mund t\u00eb huazohen 2 libra [&hellip;]\" \/>\n<meta property=\"og:url\" content=\"https:\/\/nubkrte.org.mk\/en\/information\/\" \/>\n<meta property=\"og:site_name\" content=\"Bibloteka e Tetoves\" \/>\n<meta property=\"article:publisher\" content=\"https:\/\/www.facebook.com\/profile.php?id=100076155098032\" \/>\n<meta property=\"article:modified_time\" content=\"2024-04-09T07:58:08+00:00\" \/>\n<meta property=\"og:image\" content=\"https:\/\/nubkrte.org.mk\/wp-content\/uploads\/2024\/02\/cropped-logo-dark.png\" \/>\n\t<meta property=\"og:image:width\" content=\"341\" \/>\n\t<meta property=\"og:image:height\" content=\"80\" \/>\n\t<meta property=\"og:image:type\" content=\"image\/png\" \/>\n<meta name=\"twitter:card\" content=\"summary_large_image\" \/>\n<meta name=\"twitter:label1\" content=\"Est. reading time\" \/>\n\t<meta name=\"twitter:data1\" content=\"1 minute\" \/>\n<script type=\"application\/ld+json\" class=\"yoast-schema-graph\">{\"@context\":\"https:\\\/\\\/schema.org\",\"@graph\":[{\"@type\":\"WebPage\",\"@id\":\"https:\\\/\\\/nubkrte.org.mk\\\/information\\\/\",\"url\":\"https:\\\/\\\/nubkrte.org.mk\\\/information\\\/\",\"name\":\"Information - Bibloteka e Tetoves\",\"isPartOf\":{\"@id\":\"https:\\\/\\\/nubkrte.org.mk\\\/#website\"},\"primaryImageOfPage\":{\"@id\":\"https:\\\/\\\/nubkrte.org.mk\\\/information\\\/#primaryimage\"},\"image\":{\"@id\":\"https:\\\/\\\/nubkrte.org.mk\\\/information\\\/#primaryimage\"},\"thumbnailUrl\":\"https:\\\/\\\/i0.wp.com\\\/nubkrte.org.mk\\\/wp-content\\\/uploads\\\/2024\\\/02\\\/cropped-logo-dark.png?fit=341%2C80&ssl=1\",\"datePublished\":\"2024-02-29T20:50:42+00:00\",\"dateModified\":\"2024-04-09T07:58:08+00:00\",\"breadcrumb\":{\"@id\":\"https:\\\/\\\/nubkrte.org.mk\\\/information\\\/#breadcrumb\"},\"inLanguage\":\"en-US\",\"potentialAction\":[{\"@type\":\"ReadAction\",\"target\":[\"https:\\\/\\\/nubkrte.org.mk\\\/information\\\/\"]}]},{\"@type\":\"ImageObject\",\"inLanguage\":\"en-US\",\"@id\":\"https:\\\/\\\/nubkrte.org.mk\\\/information\\\/#primaryimage\",\"url\":\"https:\\\/\\\/i0.wp.com\\\/nubkrte.org.mk\\\/wp-content\\\/uploads\\\/2024\\\/02\\\/cropped-logo-dark.png?fit=341%2C80&ssl=1\",\"contentUrl\":\"https:\\\/\\\/i0.wp.com\\\/nubkrte.org.mk\\\/wp-content\\\/uploads\\\/2024\\\/02\\\/cropped-logo-dark.png?fit=341%2C80&ssl=1\",\"width\":341,\"height\":80},{\"@type\":\"BreadcrumbList\",\"@id\":\"https:\\\/\\\/nubkrte.org.mk\\\/information\\\/#breadcrumb\",\"itemListElement\":[{\"@type\":\"ListItem\",\"position\":1,\"name\":\"Home\",\"item\":\"https:\\\/\\\/nubkrte.org.mk\\\/\"},{\"@type\":\"ListItem\",\"position\":2,\"name\":\"Information\"}]},{\"@type\":\"WebSite\",\"@id\":\"https:\\\/\\\/nubkrte.org.mk\\\/#website\",\"url\":\"https:\\\/\\\/nubkrte.org.mk\\\/\",\"name\":\"Bibloteka e Tetoves\",\"description\":\"Bibloteka e Tetoves\",\"publisher\":{\"@id\":\"https:\\\/\\\/nubkrte.org.mk\\\/#organization\"},\"potentialAction\":[{\"@type\":\"SearchAction\",\"target\":{\"@type\":\"EntryPoint\",\"urlTemplate\":\"https:\\\/\\\/nubkrte.org.mk\\\/?s={search_term_string}\"},\"query-input\":{\"@type\":\"PropertyValueSpecification\",\"valueRequired\":true,\"valueName\":\"search_term_string\"}}],\"inLanguage\":\"en-US\"},{\"@type\":\"Organization\",\"@id\":\"https:\\\/\\\/nubkrte.org.mk\\\/#organization\",\"name\":\"Bibloteka e Tetoves\",\"url\":\"https:\\\/\\\/nubkrte.org.mk\\\/\",\"logo\":{\"@type\":\"ImageObject\",\"inLanguage\":\"en-US\",\"@id\":\"https:\\\/\\\/nubkrte.org.mk\\\/#\\\/schema\\\/logo\\\/image\\\/\",\"url\":\"https:\\\/\\\/i0.wp.com\\\/nubkrte.org.mk\\\/wp-content\\\/uploads\\\/2025\\\/04\\\/cropped-IMG-20250410-WA0013-removebg-preview.png?fit=476%2C80&ssl=1\",\"contentUrl\":\"https:\\\/\\\/i0.wp.com\\\/nubkrte.org.mk\\\/wp-content\\\/uploads\\\/2025\\\/04\\\/cropped-IMG-20250410-WA0013-removebg-preview.png?fit=476%2C80&ssl=1\",\"width\":476,\"height\":80,\"caption\":\"Bibloteka e Tetoves\"},\"image\":{\"@id\":\"https:\\\/\\\/nubkrte.org.mk\\\/#\\\/schema\\\/logo\\\/image\\\/\"},\"sameAs\":[\"https:\\\/\\\/www.facebook.com\\\/profile.php?id=100076155098032\"]}]}<\/script>\n<!-- \/ Yoast SEO plugin. -->","yoast_head_json":{"title":"Information - Bibloteka e Tetoves","robots":{"index":"index","follow":"follow","max-snippet":"max-snippet:-1","max-image-preview":"max-image-preview:large","max-video-preview":"max-video-preview:-1"},"canonical":"https:\/\/nubkrte.org.mk\/en\/information\/","og_locale":"en_US","og_type":"article","og_title":"Information - Bibloteka e Tetoves","og_description":"Informacion An\u00ebtar\u00ebsimi An\u00ebtar\u00ebsimi 150,00 den \/ 365 dit\u00eb An\u00ebtar\u00ebsimi (p\u00ebr f\u00ebmij\u00eb, nx\u00ebn\u00ebs, student\u00eb dhe persona me nevoja t\u00eb ve\u00e7anta) 130, 00 den. \/ 365 dit\u00eb; Mund t\u00eb huazohen 2 libra [&hellip;]","og_url":"https:\/\/nubkrte.org.mk\/en\/information\/","og_site_name":"Bibloteka e Tetoves","article_publisher":"https:\/\/www.facebook.com\/profile.php?id=100076155098032","article_modified_time":"2024-04-09T07:58:08+00:00","og_image":[{"width":341,"height":80,"url":"https:\/\/nubkrte.org.mk\/wp-content\/uploads\/2024\/02\/cropped-logo-dark.png","type":"image\/png"}],"twitter_card":"summary_large_image","twitter_misc":{"Est. reading time":"1 minute"},"schema":{"@context":"https:\/\/schema.org","@graph":[{"@type":"WebPage","@id":"https:\/\/nubkrte.org.mk\/information\/","url":"https:\/\/nubkrte.org.mk\/information\/","name":"Information - Bibloteka e Tetoves","isPartOf":{"@id":"https:\/\/nubkrte.org.mk\/#website"},"primaryImageOfPage":{"@id":"https:\/\/nubkrte.org.mk\/information\/#primaryimage"},"image":{"@id":"https:\/\/nubkrte.org.mk\/information\/#primaryimage"},"thumbnailUrl":"https:\/\/i0.wp.com\/nubkrte.org.mk\/wp-content\/uploads\/2024\/02\/cropped-logo-dark.png?fit=341%2C80&ssl=1","datePublished":"2024-02-29T20:50:42+00:00","dateModified":"2024-04-09T07:58:08+00:00","breadcrumb":{"@id":"https:\/\/nubkrte.org.mk\/information\/#breadcrumb"},"inLanguage":"en-US","potentialAction":[{"@type":"ReadAction","target":["https:\/\/nubkrte.org.mk\/information\/"]}]},{"@type":"ImageObject","inLanguage":"en-US","@id":"https:\/\/nubkrte.org.mk\/information\/#primaryimage","url":"https:\/\/i0.wp.com\/nubkrte.org.mk\/wp-content\/uploads\/2024\/02\/cropped-logo-dark.png?fit=341%2C80&ssl=1","contentUrl":"https:\/\/i0.wp.com\/nubkrte.org.mk\/wp-content\/uploads\/2024\/02\/cropped-logo-dark.png?fit=341%2C80&ssl=1","width":341,"height":80},{"@type":"BreadcrumbList","@id":"https:\/\/nubkrte.org.mk\/information\/#breadcrumb","itemListElement":[{"@type":"ListItem","position":1,"name":"Home","item":"https:\/\/nubkrte.org.mk\/"},{"@type":"ListItem","position":2,"name":"Information"}]},{"@type":"WebSite","@id":"https:\/\/nubkrte.org.mk\/#website","url":"https:\/\/nubkrte.org.mk\/","name":"Bibloteka e Tetoves","description":"Bibloteka e Tetoves","publisher":{"@id":"https:\/\/nubkrte.org.mk\/#organization"},"potentialAction":[{"@type":"SearchAction","target":{"@type":"EntryPoint","urlTemplate":"https:\/\/nubkrte.org.mk\/?s={search_term_string}"},"query-input":{"@type":"PropertyValueSpecification","valueRequired":true,"valueName":"search_term_string"}}],"inLanguage":"en-US"},{"@type":"Organization","@id":"https:\/\/nubkrte.org.mk\/#organization","name":"Bibloteka e Tetoves","url":"https:\/\/nubkrte.org.mk\/","logo":{"@type":"ImageObject","inLanguage":"en-US","@id":"https:\/\/nubkrte.org.mk\/#\/schema\/logo\/image\/","url":"https:\/\/i0.wp.com\/nubkrte.org.mk\/wp-content\/uploads\/2025\/04\/cropped-IMG-20250410-WA0013-removebg-preview.png?fit=476%2C80&ssl=1","contentUrl":"https:\/\/i0.wp.com\/nubkrte.org.mk\/wp-content\/uploads\/2025\/04\/cropped-IMG-20250410-WA0013-removebg-preview.png?fit=476%2C80&ssl=1","width":476,"height":80,"caption":"Bibloteka e Tetoves"},"image":{"@id":"https:\/\/nubkrte.org.mk\/#\/schema\/logo\/image\/"},"sameAs":["https:\/\/www.facebook.com\/profile.php?id=100076155098032"]}]}},"jetpack_sharing_enabled":true,"_links":{"self":[{"href":"https:\/\/nubkrte.org.mk\/en\/wp-json\/wp\/v2\/pages\/4363","targetHints":{"allow":["GET"]}}],"collection":[{"href":"https:\/\/nubkrte.org.mk\/en\/wp-json\/wp\/v2\/pages"}],"about":[{"href":"https:\/\/nubkrte.org.mk\/en\/wp-json\/wp\/v2\/types\/page"}],"author":[{"embeddable":true,"href":"https:\/\/nubkrte.org.mk\/en\/wp-json\/wp\/v2\/users\/1"}],"replies":[{"embeddable":true,"href":"https:\/\/nubkrte.org.mk\/en\/wp-json\/wp\/v2\/comments?post=4363"}],"version-history":[{"count":24,"href":"https:\/\/nubkrte.org.mk\/en\/wp-json\/wp\/v2\/pages\/4363\/revisions"}],"predecessor-version":[{"id":5224,"href":"https:\/\/nubkrte.org.mk\/en\/wp-json\/wp\/v2\/pages\/4363\/revisions\/5224"}],"wp:featuredmedia":[{"embeddable":true,"href":"https:\/\/nubkrte.org.mk\/en\/wp-json\/wp\/v2\/media\/4184"}],"wp:attachment":[{"href":"https:\/\/nubkrte.org.mk\/en\/wp-json\/wp\/v2\/media?parent=4363"}],"curies":[{"name":"wp","href":"https:\/\/api.w.org\/{rel}","templated":true}]}}